{"id":3727,"date":"2021-02-23T20:00:00","date_gmt":"2021-02-23T20:00:00","guid":{"rendered":"https:\/\/www.web-rr.de\/GHS-Buecherei\/?page_id=3727"},"modified":"2021-02-22T23:59:59","modified_gmt":"2021-02-22T23:59:59","slug":"p9783473364398","status":"publish","type":"page","link":"https:\/\/www.web-rr.de\/GHS-Buecherei\/index.php\/p9783473364398\/","title":{"rendered":"Erstlesen 230"},"content":{"rendered":"<table><tbody><tr><td class='rDTitel' colspan='2'>Rotzschleimtorte f\u00fcr alle! (Einfach ungeheuerlich!, Band 1)<\/td><\/tr><tr><td><span class='rDLabel1'>Status: <\/span><span class='rDText1Gruen'>vorhanden<\/span><\/td><td><span class='rDLabel1'>Antolin: <\/span><span class='rDText1Gruen'>ja, Empfehlung Klasse 3<\/span><\/td><\/tr><tr><td width=50%><img src='https:\/\/www.web-rr.de\/GHS-Buecherei\/wp-content\/uploads\/9783473364398.jpg' alt=''><\/td><td><p class='rDLabel2'>von <span class='rDText2'>Jochen Till<\/span><\/p><p class='rDLabel2'>Verlag: <span class='rDText2'>Ravensburger Buchverlag,  2015,  8.99 \u20ac<\/span><\/p><p class='rDLabel2'>B\u00fccherei-Barcode: <span class='rDText2'>9783473364398<\/span><\/p><p class='rDLabel2'>In der B\u00fccherei erfasst am: <span class='rDText2'>21.01.2020<\/span><\/p><p class='rDLabel2'>Stichw\u00f6rter: <span class='rDText2'>Ungeheuer, Schule<\/span><\/p><p class='rDLabel2'>Lesealter ca. <span class='rDText2'>7<\/span><span class='rDLabel2'> Jahre<\/span><\/p><p class='rDLabel2'>Das Buch wurde <span class='rDText2'>0<\/span><span class='rDLabel2'> mal gelesen.<\/span><\/p><\/td><\/tr><tr><td colspan='2'><p class='rDLabel1'>Inhalt:<\/p><span class='rDText2'>Freddie, j\u00fcngster Spross einer Ungeheuerfamilie, ist etwas aus der Art geschlagen. Er sieht n\u00e4mlich fast aus wie ein ganz normaler Menschenjunge. Und nun soll er auch noch auf eine Menschenschule gehen! Bereits an seinem ersten Schultag kann er sich nur wundern: Alle Kinder verschm\u00e4hen seinen Froschaugen-Kuchen. Dabei hat den seine Mutter gebacken! Stattdessen essen sie in der Pause \u00c4pfel. Igitt! \u00c4pfel! Die schmecken doch nach Obst! Ob Freddie hier einen Freund finden wird?<\/span><\/td><\/tr><tr><td colspan='2'><a href='#' onclick='history.back(); return false'>Zur\u00fcck<\/a><\/td><\/tr><\/tbody><\/table>\n","protected":false},"excerpt":{"rendered":"","protected":false},"author":1,"featured_media":0,"parent":0,"menu_order":0,"comment_status":"closed","ping_status":"closed","template":"","meta":[],"_links":{"self":[{"href":"https:\/\/www.web-rr.de\/GHS-Buecherei\/index.php\/wp-json\/wp\/v2\/pages\/3727"}],"collection":[{"href":"https:\/\/www.web-rr.de\/GHS-Buecherei\/index.php\/wp-json\/wp\/v2\/pages"}],"about":[{"href":"https:\/\/www.web-rr.de\/GHS-Buecherei\/index.php\/wp-json\/wp\/v2\/types\/page"}],"author":[{"embeddable":true,"href":"https:\/\/www.web-rr.de\/GHS-Buecherei\/index.php\/wp-json\/wp\/v2\/users\/1"}],"replies":[{"embeddable":true,"href":"https:\/\/www.web-rr.de\/GHS-Buecherei\/index.php\/wp-json\/wp\/v2\/comments?post=3727"}],"version-history":[{"count":0,"href":"https:\/\/www.web-rr.de\/GHS-Buecherei\/index.php\/wp-json\/wp\/v2\/pages\/3727\/revisions"}],"wp:attachment":[{"href":"https:\/\/www.web-rr.de\/GHS-Buecherei\/index.php\/wp-json\/wp\/v2\/media?parent=3727"}],"curies":[{"name":"wp","href":"https:\/\/api.w.org\/{rel}","templated":true}]}}