{"id":3726,"date":"2021-02-23T20:00:00","date_gmt":"2021-02-23T20:00:00","guid":{"rendered":"https:\/\/www.web-rr.de\/GHS-Buecherei\/?page_id=3726"},"modified":"2021-02-22T23:59:59","modified_gmt":"2021-02-22T23:59:59","slug":"p9783570137048","status":"publish","type":"page","link":"https:\/\/www.web-rr.de\/GHS-Buecherei\/index.php\/p9783570137048\/","title":{"rendered":"Erstlesen 229"},"content":{"rendered":"<table><tbody><tr><td class='rDTitel' colspan='2'>Der kleine Drache Kokosnuss und die starken Wikinger - Die Abenteuer des kleinen Drachen Kokosnuss 14<\/td><\/tr><tr><td><span class='rDLabel1'>Status: <\/span><span class='rDText1Gruen'>vorhanden<\/span><\/td><td><span class='rDLabel1'>Antolin: <\/span><span class='rDText1Gruen'>ja, Empfehlung Klasse 3<\/span><\/td><\/tr><tr><td width=50%><img src='https:\/\/www.web-rr.de\/GHS-Buecherei\/wp-content\/uploads\/9783570137048.jpg' alt=''><\/td><td><p class='rDLabel2'>von <span class='rDText2'>Ingo Siegner<\/span><\/p><p class='rDLabel2'>Verlag: <span class='rDText2'>cbj Kinderbuch,  2010,  8.30 \u20ac<\/span><\/p><p class='rDLabel2'>B\u00fccherei-Barcode: <span class='rDText2'>9783570137048<\/span><\/p><p class='rDLabel2'>In der B\u00fccherei erfasst am: <span class='rDText2'>21.01.2020<\/span><\/p><p class='rDLabel2'>Stichw\u00f6rter: <span class='rDText2'>Abenteuer, Freundschaft, Mut, Selbstvertrauen<\/span><\/p><p class='rDLabel2'>Lesealter ca. <span class='rDText2'>7<\/span><span class='rDLabel2'> Jahre<\/span><\/p><p class='rDLabel2'>Das Buch wurde <span class='rDText2'>3<\/span><span class='rDLabel2'> mal gelesen.<\/span><\/p><\/td><\/tr><tr><td colspan='2'><p class='rDLabel1'>Inhalt:<\/p><span class='rDText2'>Ein spannendes Abenteuer von Freundschaft, Mut und Selbstvertrauen Kokosnuss, Matilda und Oskar trauen ihren Augen kaum, als sie auf der Dracheninsel einen echten Wikinger treffen. Vorsichtig pirschen sie sich an ihn heran und erleben eine \u00dcberraschung: Gudr\u00f6d ist gar nicht so wild und gef\u00e4hrlich, wie es von den Wikingern immer behauptet wird, denn er sitzt momentan selbst in der Patsche. Die Nordmannen haben Gudr\u00f6d auf der Dracheninsel ausgesetzt, weil er angeblich das goldene Trinkhorn von H\u00e4uptling Erik gestohlen haben soll. Zu allem \u00dcbel wird an Gudr\u00f6ds Stelle der gemeine Brodir zum Unterh\u00e4uptling gemacht! Da ist doch etwas oberfaul!, meinen Kokosnuss & und beschlie\u00dfen Gudr\u00f6d zu helfen. Im selbstgebauten Drachenboot heften sie sich den Wikingern an die Fersen. Ein wildes Abenteuer beginnt ...<\/span><\/td><\/tr><tr><td colspan='2'><a href='#' onclick='history.back(); return false'>Zur\u00fcck<\/a><\/td><\/tr><\/tbody><\/table>\n","protected":false},"excerpt":{"rendered":"","protected":false},"author":1,"featured_media":0,"parent":0,"menu_order":0,"comment_status":"closed","ping_status":"closed","template":"","meta":[],"_links":{"self":[{"href":"https:\/\/www.web-rr.de\/GHS-Buecherei\/index.php\/wp-json\/wp\/v2\/pages\/3726"}],"collection":[{"href":"https:\/\/www.web-rr.de\/GHS-Buecherei\/index.php\/wp-json\/wp\/v2\/pages"}],"about":[{"href":"https:\/\/www.web-rr.de\/GHS-Buecherei\/index.php\/wp-json\/wp\/v2\/types\/page"}],"author":[{"embeddable":true,"href":"https:\/\/www.web-rr.de\/GHS-Buecherei\/index.php\/wp-json\/wp\/v2\/users\/1"}],"replies":[{"embeddable":true,"href":"https:\/\/www.web-rr.de\/GHS-Buecherei\/index.php\/wp-json\/wp\/v2\/comments?post=3726"}],"version-history":[{"count":0,"href":"https:\/\/www.web-rr.de\/GHS-Buecherei\/index.php\/wp-json\/wp\/v2\/pages\/3726\/revisions"}],"wp:attachment":[{"href":"https:\/\/www.web-rr.de\/GHS-Buecherei\/index.php\/wp-json\/wp\/v2\/media?parent=3726"}],"curies":[{"name":"wp","href":"https:\/\/api.w.org\/{rel}","templated":true}]}}