{"id":3723,"date":"2021-02-23T20:00:00","date_gmt":"2021-02-23T20:00:00","guid":{"rendered":"https:\/\/www.web-rr.de\/GHS-Buecherei\/?page_id=3723"},"modified":"2021-02-22T23:59:59","modified_gmt":"2021-02-22T23:59:59","slug":"p9783473491131","status":"publish","type":"page","link":"https:\/\/www.web-rr.de\/GHS-Buecherei\/index.php\/p9783473491131\/","title":{"rendered":"Erstlesen 226"},"content":{"rendered":"<table><tbody><tr><td class='rDTitel' colspan='2'>Ich lese Bildergeschichten Die Maus: Die Maus und ihre Freunde - F\u00fcr Leseanf\u00e4nger<\/td><\/tr><tr><td><span class='rDLabel1'>Status: <\/span><span class='rDText1Gruen'>vorhanden<\/span><\/td><td><span class='rDLabel1'>Antolin: <\/span><span class='rDText1Gruen'>ja, Empfehlung Klasse 1<\/span><\/td><\/tr><tr><td width=50%><img src='https:\/\/www.web-rr.de\/GHS-Buecherei\/wp-content\/uploads\/9783473491131.jpg' alt=''><\/td><td><p class='rDLabel2'>von <span class='rDText2'><\/span><\/p><p class='rDLabel2'>Verlag: <span class='rDText2'>Ravensburger,  2018,  7.99 \u20ac<\/span><\/p><p class='rDLabel2'>B\u00fccherei-Barcode: <span class='rDText2'>9783473491131<\/span><\/p><p class='rDLabel2'>In der B\u00fccherei erfasst am: <span class='rDText2'>21.01.2020<\/span><\/p><p class='rDLabel2'>Stichw\u00f6rter: <span class='rDText2'>Fischfang, Elefantendusche, Geschenkente, Pfannkuchen-Trick, Kost\u00fcmfest<\/span><\/p><p class='rDLabel2'>Lesealter ca. <span class='rDText2'>6<\/span><span class='rDLabel2'> Jahre<\/span><\/p><p class='rDLabel2'>Das Buch wurde <span class='rDText2'>1<\/span><span class='rDLabel2'> mal gelesen.<\/span><\/p><\/td><\/tr><tr><td colspan='2'><p class='rDLabel1'>Inhalt:<\/p><span class='rDText2'>- Die beliebten Maus-Spots kommen nun endlich ins Buch - Ich lese Bildergeschichten - allererstes Lesen mit der Maus - Besonderes Extra: Erste Leser\u00e4tsel f\u00fcr Leseanf\u00e4ngerLesen lernen mit der Maus! Die lustigen Maus-Spots sind beliebt bei Gro\u00df und Klein. Nun kommen sie endlich als Bildergeschichten ins Buch. So k\u00f6nnen bereits Leseanf\u00e4nger ganz leicht die Maus-Spots lesen und verstehen.\n\r\n\rLesen lernen mit der Maus! Mit \u00fcber 2 Millionen Zuschauern ist die Sendung mit der Maus seit langem eine der erfolgreichsten Kindersendungen im deutschen Fernsehen. Die Maus ist die beliebteste deutsche Fernsehfigut bei deutschen Vorschulkindern: Schlau, clever, erfinderisch und kreativ, pr\u00e4sentiert sie sich in ihren Spots. Aus genau diesen bekannten Maus-Spots werden nun endlich richtige Bildergeschichten mit kurzen S\u00e4tzen f\u00fcr Leseanf\u00e4nger. Die kurzen Textpassagen in gro\u00dfer Fibelschrift k\u00f6nnen bereits Leseanf\u00e4nger ab 6 Jahren ganz leicht lesen und verstehen. Lustige und knifflige R\u00e4tsel sorgen dabei zus\u00e4tzlich f\u00fcr Abwechslung. So macht Lesenlernen Spa\u00df!<\/span><\/td><\/tr><tr><td colspan='2'><a href='#' onclick='history.back(); return false'>Zur\u00fcck<\/a><\/td><\/tr><\/tbody><\/table>\n","protected":false},"excerpt":{"rendered":"","protected":false},"author":1,"featured_media":0,"parent":0,"menu_order":0,"comment_status":"closed","ping_status":"closed","template":"","meta":[],"_links":{"self":[{"href":"https:\/\/www.web-rr.de\/GHS-Buecherei\/index.php\/wp-json\/wp\/v2\/pages\/3723"}],"collection":[{"href":"https:\/\/www.web-rr.de\/GHS-Buecherei\/index.php\/wp-json\/wp\/v2\/pages"}],"about":[{"href":"https:\/\/www.web-rr.de\/GHS-Buecherei\/index.php\/wp-json\/wp\/v2\/types\/page"}],"author":[{"embeddable":true,"href":"https:\/\/www.web-rr.de\/GHS-Buecherei\/index.php\/wp-json\/wp\/v2\/users\/1"}],"replies":[{"embeddable":true,"href":"https:\/\/www.web-rr.de\/GHS-Buecherei\/index.php\/wp-json\/wp\/v2\/comments?post=3723"}],"version-history":[{"count":0,"href":"https:\/\/www.web-rr.de\/GHS-Buecherei\/index.php\/wp-json\/wp\/v2\/pages\/3723\/revisions"}],"wp:attachment":[{"href":"https:\/\/www.web-rr.de\/GHS-Buecherei\/index.php\/wp-json\/wp\/v2\/media?parent=3723"}],"curies":[{"name":"wp","href":"https:\/\/api.w.org\/{rel}","templated":true}]}}