{"id":3712,"date":"2021-02-23T20:00:00","date_gmt":"2021-02-23T20:00:00","guid":{"rendered":"https:\/\/www.web-rr.de\/GHS-Buecherei\/?page_id=3712"},"modified":"2021-02-22T23:59:59","modified_gmt":"2021-02-22T23:59:59","slug":"p9783401709185","status":"publish","type":"page","link":"https:\/\/www.web-rr.de\/GHS-Buecherei\/index.php\/p9783401709185\/","title":{"rendered":"Erstlesen 215"},"content":{"rendered":"<table><tbody><tr><td class='rDTitel' colspan='2'>Die supergeheime Pf\u00f6tchen-G\u00e4ng (2). Die geheimnisvolle Gl\u00fcckskatze.<\/td><\/tr><tr><td><span class='rDLabel1'>Status: <\/span><span class='rDText1Gruen'>vorhanden<\/span><\/td><td><span class='rDLabel1'>Antolin: <\/span><span class='rDText1Gruen'>ja, Empfehlung Klasse 2<\/span><\/td><\/tr><tr><td width=50%><img src='https:\/\/www.web-rr.de\/GHS-Buecherei\/wp-content\/uploads\/9783401709185.jpg' alt=''><\/td><td><p class='rDLabel2'>von <span class='rDText2'>Katja Alves, Marta Balmaseda<\/span><\/p><p class='rDLabel2'>Verlag: <span class='rDText2'>Arena,  2017,  9.30 \u20ac<\/span><\/p><p class='rDLabel2'>B\u00fccherei-Barcode: <span class='rDText2'>9783401709185<\/span><\/p><p class='rDLabel2'>In der B\u00fccherei erfasst am: <span class='rDText2'>11.01.2020<\/span><\/p><p class='rDLabel2'>Stichw\u00f6rter: <span class='rDText2'>Katze, M\u00e4use, Entf\u00fchrung, Verschwinden<\/span><\/p><p class='rDLabel2'>Lesealter ca. <span class='rDText2'>6<\/span><span class='rDLabel2'> Jahre<\/span><\/p><p class='rDLabel2'>Das Buch wurde <span class='rDText2'>0<\/span><span class='rDLabel2'> mal gelesen.<\/span><\/p><\/td><\/tr><tr><td colspan='2'><p class='rDLabel1'>Inhalt:<\/p><span class='rDText2'>Seit bei Kater Rufus eine winkende Gl\u00fcckskatze im Wohnzimmer steht, l\u00e4uft einfach alles schief! Am Schlimmsten sind die drei frechen M\u00e4use, die sich bei ihm eingenistet haben. Als sie \u00fcber Nacht verschwinden, wird Rufus verd\u00e4chtigt, sie aufgefressen zu haben. Aber so etwas w\u00fcrde er nie tun! Jetzt k\u00f6nnen ihm nur noch seine Freunde von der Pf\u00f6tchen-G\u00e4ng helfen. Gemeinsam heften sie sich an die Fersen eines listigen K\u00e4sediebs und decken einen raffinierten Plan auf.<\/span><\/td><\/tr><tr><td colspan='2'><a href='#' onclick='history.back(); return false'>Zur\u00fcck<\/a><\/td><\/tr><\/tbody><\/table>\n","protected":false},"excerpt":{"rendered":"","protected":false},"author":1,"featured_media":0,"parent":0,"menu_order":0,"comment_status":"closed","ping_status":"closed","template":"","meta":[],"_links":{"self":[{"href":"https:\/\/www.web-rr.de\/GHS-Buecherei\/index.php\/wp-json\/wp\/v2\/pages\/3712"}],"collection":[{"href":"https:\/\/www.web-rr.de\/GHS-Buecherei\/index.php\/wp-json\/wp\/v2\/pages"}],"about":[{"href":"https:\/\/www.web-rr.de\/GHS-Buecherei\/index.php\/wp-json\/wp\/v2\/types\/page"}],"author":[{"embeddable":true,"href":"https:\/\/www.web-rr.de\/GHS-Buecherei\/index.php\/wp-json\/wp\/v2\/users\/1"}],"replies":[{"embeddable":true,"href":"https:\/\/www.web-rr.de\/GHS-Buecherei\/index.php\/wp-json\/wp\/v2\/comments?post=3712"}],"version-history":[{"count":0,"href":"https:\/\/www.web-rr.de\/GHS-Buecherei\/index.php\/wp-json\/wp\/v2\/pages\/3712\/revisions"}],"wp:attachment":[{"href":"https:\/\/www.web-rr.de\/GHS-Buecherei\/index.php\/wp-json\/wp\/v2\/media?parent=3712"}],"curies":[{"name":"wp","href":"https:\/\/api.w.org\/{rel}","templated":true}]}}