{"id":3711,"date":"2021-02-23T20:00:00","date_gmt":"2021-02-23T20:00:00","guid":{"rendered":"https:\/\/www.web-rr.de\/GHS-Buecherei\/?page_id=3711"},"modified":"2021-02-22T23:59:59","modified_gmt":"2021-02-22T23:59:59","slug":"p9783779505679","status":"publish","type":"page","link":"https:\/\/www.web-rr.de\/GHS-Buecherei\/index.php\/p9783779505679\/","title":{"rendered":"Erstlesen 214"},"content":{"rendered":"<table><tbody><tr><td class='rDTitel' colspan='2'>Esel und B\u00e4rin<\/td><\/tr><tr><td><span class='rDLabel1'>Status: <\/span><span class='rDText1Gruen'>vorhanden<\/span><\/td><td><span class='rDLabel1'>Antolin: <\/span><span class='rDText1Rot'>Quiz nicht vorhanden.<\/span><\/td><\/tr><tr><td width=50%><img src='https:\/\/www.web-rr.de\/GHS-Buecherei\/wp-content\/uploads\/9783779505679.jpg' alt=''><\/td><td><p class='rDLabel2'>von <span class='rDText2'>Aby Hartog<\/span><\/p><p class='rDLabel2'>Verlag: <span class='rDText2'>Hammer,  2017,  9.90 \u20ac<\/span><\/p><p class='rDLabel2'>B\u00fccherei-Barcode: <span class='rDText2'>9783779505679<\/span><\/p><p class='rDLabel2'>In der B\u00fccherei erfasst am: <span class='rDText2'>11.01.2020<\/span><\/p><p class='rDLabel2'>Stichw\u00f6rter: <span class='rDText2'>Abenteuer, Spa\u00df, Krokodil<\/span><\/p><p class='rDLabel2'>Lesealter ca. <span class='rDText2'>-<\/span><span class='rDLabel2'> Jahre<\/span><\/p><p class='rDLabel2'>Das Buch wurde <span class='rDText2'>0<\/span><span class='rDLabel2'> mal gelesen.<\/span><\/p><\/td><\/tr><tr><td colspan='2'><p class='rDLabel1'>Inhalt:<\/p><span class='rDText2'>Ein P\u00e4rchen, das es in sich hat! Kleine Vorlesegeschichten mit \"Autsch\" und \"Boink\" und feinen Pointen.\n\r\n\rEsel und B\u00e4rin - ein braves Bilderbuch-Gespann, das aus kleinen Abenteuern fromme Lehren zieht? Weit gefehlt! Wenn die beiden sich ohne Ma\u00df dem Genuss von Blaubeerkuchen hingeben und vor Bauchweh brombeerrote Tr\u00e4nen weinen, dann pausieren sie nur, um anschlie\u00dfend von vorn zu beginnen. Und wenn ihnen am Flu\u00df ein Krokodil begegnet, dann darf man ruhig ein bi\u00dfchen Mitleid mit dem Reptil haben, dem das Paar mit unfeinen Ger\u00fcchen den Garaus macht. Doch Esel und B\u00e4rin k\u00f6nnen auch zart sein, wenn sie abwechselnd ein Ei ausbr\u00fcten, das sie gar nicht gelegt haben. Und bisweilen gehen Zartes und Robustes auch ineinander \u00fcber, wenn der eine kraftvoll nach der M\u00fccke schl\u00e4gt, die dem anderen auf der Nase sitzt ... Wie spontan erdacht klingen Aby Hartogs kleine Geschichten. Mal spa\u00dfig-derb, mit \"Platsch\" und \"Autsch\" und \"Boink\", mal r\u00fchrend und mit feiner Pointe erz\u00e4hlt. Un\u00fcbertroffen aber sind die lakonischen Dialoge, die auch den Vorlesenden mit einem Dauervergn\u00fcgen belohnen.\n\r\n\r<\/span><\/td><\/tr><tr><td colspan='2'><a href='#' onclick='history.back(); return false'>Zur\u00fcck<\/a><\/td><\/tr><\/tbody><\/table>\n","protected":false},"excerpt":{"rendered":"","protected":false},"author":1,"featured_media":0,"parent":0,"menu_order":0,"comment_status":"closed","ping_status":"closed","template":"","meta":[],"_links":{"self":[{"href":"https:\/\/www.web-rr.de\/GHS-Buecherei\/index.php\/wp-json\/wp\/v2\/pages\/3711"}],"collection":[{"href":"https:\/\/www.web-rr.de\/GHS-Buecherei\/index.php\/wp-json\/wp\/v2\/pages"}],"about":[{"href":"https:\/\/www.web-rr.de\/GHS-Buecherei\/index.php\/wp-json\/wp\/v2\/types\/page"}],"author":[{"embeddable":true,"href":"https:\/\/www.web-rr.de\/GHS-Buecherei\/index.php\/wp-json\/wp\/v2\/users\/1"}],"replies":[{"embeddable":true,"href":"https:\/\/www.web-rr.de\/GHS-Buecherei\/index.php\/wp-json\/wp\/v2\/comments?post=3711"}],"version-history":[{"count":0,"href":"https:\/\/www.web-rr.de\/GHS-Buecherei\/index.php\/wp-json\/wp\/v2\/pages\/3711\/revisions"}],"wp:attachment":[{"href":"https:\/\/www.web-rr.de\/GHS-Buecherei\/index.php\/wp-json\/wp\/v2\/media?parent=3711"}],"curies":[{"name":"wp","href":"https:\/\/api.w.org\/{rel}","templated":true}]}}