{"id":3710,"date":"2021-02-23T20:00:00","date_gmt":"2021-02-23T20:00:00","guid":{"rendered":"https:\/\/www.web-rr.de\/GHS-Buecherei\/?page_id=3710"},"modified":"2021-02-22T23:59:59","modified_gmt":"2021-02-22T23:59:59","slug":"p9783895653193","status":"publish","type":"page","link":"https:\/\/www.web-rr.de\/GHS-Buecherei\/index.php\/p9783895653193\/","title":{"rendered":"Erstlesen 213"},"content":{"rendered":"<table><tbody><tr><td class='rDTitel' colspan='2'>Wann ist endlich Donnerstag?<\/td><\/tr><tr><td><span class='rDLabel1'>Status: <\/span><span class='rDText1Gruen'>vorhanden<\/span><\/td><td><span class='rDLabel1'>Antolin: <\/span><span class='rDText1Gruen'>ja, Empfehlung Klasse 2<\/span><\/td><\/tr><tr><td width=50%><img src='https:\/\/www.web-rr.de\/GHS-Buecherei\/wp-content\/uploads\/9783895653193.jpg' alt=''><\/td><td><p class='rDLabel2'>von <span class='rDText2'>Rose Lagercrantz<\/span><\/p><p class='rDLabel2'>Verlag: <span class='rDText2'>Moritz Verlag-GmbH,  2016,  9.95 \u20ac<\/span><\/p><p class='rDLabel2'>B\u00fccherei-Barcode: <span class='rDText2'>9783895653193<\/span><\/p><p class='rDLabel2'>In der B\u00fccherei erfasst am: <span class='rDText2'>11.01.2020<\/span><\/p><p class='rDLabel2'>Stichw\u00f6rter: <span class='rDText2'>Babysitterin, Erwartungen, Spielen<\/span><\/p><p class='rDLabel2'>Lesealter ca. <span class='rDText2'>6<\/span><span class='rDLabel2'> Jahre<\/span><\/p><p class='rDLabel2'>Das Buch wurde <span class='rDText2'>0<\/span><span class='rDLabel2'> mal gelesen.<\/span><\/p><\/td><\/tr><tr><td colspan='2'><p class='rDLabel1'>Inhalt:<\/p><span class='rDText2'>Als Dini nicht aufh\u00f6rte zu br\u00fcllen, tat Lisa etwas, das man kaum zu erz\u00e4hlen wagt: Sie sperrte Dini im Badezimmer ein - ohne Licht anzumachen! Ninni ist schrecklich aufgeregt. Lisa, ein \u00e4lteres M\u00e4dchen aus der Nachbarschaft, soll am Donnerstag auf sie und ihre kleine Schwester Dini aufpassen. Ninni bewundert Lisa unendlich und malt sich aus, was sie gemeinsam machen werden: Kekse essen, Geschichten erz\u00e4hlen und Karten spielen. Wann ist nur endlich Donnerstag? Als Lisa dann da ist, wird alles ganz anders: Dini weint und schreit, weil Mama und Papa nicht da sind, und Lisa will eigentlich nur ihre Ruhe. Also muss Ninni als Babysitterin einspringen ... Wieder zeigt Rose Lagercrantz ein tiefes Verst\u00e4ndnis f\u00fcr das, was Kinder im Grundschulalter bewegt. Sie erz\u00e4hlt von hohen Erwartungen, aber auch von menschlichen Entt\u00e4uschungen, die Ninni bew\u00e4ltigen muss. Zusammen mit Susanne G\u00f6hlichs Illustrationen ist ein Buch entstanden, das die Gef\u00fchle, W\u00fcnsche und Freuden kleiner Leser perfekt widerspiegelt. Als Dini nicht aufh\u00f6rte zu br\u00fcllen, tat Lisa etwas, das man kaum zu erz\u00e4hlen wagt: Sie sperrte Dini im Badezimmer ein - ohne Licht anzumachen! Ninni ist schrecklich aufgeregt. Lisa, ein \u00e4lteres M\u00e4dchen aus der Nachbarschaft, soll am Donnerstag auf sie und ihre kleine Schwester Dini aufpassen. Ninni bewundert Lisa unendlich und malt sich aus, was sie gemeinsam machen werden: Kekse essen, Geschichten erz\u00e4hlen und Karten spielen. Wann ist nur endlich Donnerstag? Als Lisa dann da ist, wird alles ganz anders: Dini weint und schreit, weil Mama und Papa nicht da sind, und Lisa will eigentlich nur ihre Ruhe. Also muss Ninni als Babysitterin einspringen ... Wieder zeigt Rose Lagercrantz ein tiefes Verst\u00e4ndnis f\u00fcr das, was Kinder im Grundschulalter bewegt. Sie erz\u00e4hlt von hohen Erwartungen, aber auch von menschlichen Entt\u00e4uschungen, die Ninni bew\u00e4ltigen muss.<\/span><\/td><\/tr><tr><td colspan='2'><a href='#' onclick='history.back(); return false'>Zur\u00fcck<\/a><\/td><\/tr><\/tbody><\/table>\n","protected":false},"excerpt":{"rendered":"","protected":false},"author":1,"featured_media":0,"parent":0,"menu_order":0,"comment_status":"closed","ping_status":"closed","template":"","meta":[],"_links":{"self":[{"href":"https:\/\/www.web-rr.de\/GHS-Buecherei\/index.php\/wp-json\/wp\/v2\/pages\/3710"}],"collection":[{"href":"https:\/\/www.web-rr.de\/GHS-Buecherei\/index.php\/wp-json\/wp\/v2\/pages"}],"about":[{"href":"https:\/\/www.web-rr.de\/GHS-Buecherei\/index.php\/wp-json\/wp\/v2\/types\/page"}],"author":[{"embeddable":true,"href":"https:\/\/www.web-rr.de\/GHS-Buecherei\/index.php\/wp-json\/wp\/v2\/users\/1"}],"replies":[{"embeddable":true,"href":"https:\/\/www.web-rr.de\/GHS-Buecherei\/index.php\/wp-json\/wp\/v2\/comments?post=3710"}],"version-history":[{"count":0,"href":"https:\/\/www.web-rr.de\/GHS-Buecherei\/index.php\/wp-json\/wp\/v2\/pages\/3710\/revisions"}],"wp:attachment":[{"href":"https:\/\/www.web-rr.de\/GHS-Buecherei\/index.php\/wp-json\/wp\/v2\/media?parent=3710"}],"curies":[{"name":"wp","href":"https:\/\/api.w.org\/{rel}","templated":true}]}}