{"id":3708,"date":"2021-02-23T20:00:00","date_gmt":"2021-02-23T20:00:00","guid":{"rendered":"https:\/\/www.web-rr.de\/GHS-Buecherei\/?page_id=3708"},"modified":"2021-02-22T23:59:59","modified_gmt":"2021-02-22T23:59:59","slug":"p9783864293191","status":"publish","type":"page","link":"https:\/\/www.web-rr.de\/GHS-Buecherei\/index.php\/p9783864293191\/","title":{"rendered":"Erstlesen 211"},"content":{"rendered":"<table><tbody><tr><td class='rDTitel' colspan='2'>Die Wilde Wilma - Halali und Buddelei<\/td><\/tr><tr><td><span class='rDLabel1'>Status: <\/span><span class='rDText1Gruen'>vorhanden<\/span><\/td><td><span class='rDLabel1'>Antolin: <\/span><span class='rDText1Gruen'>ja, Empfehlung Klasse 3<\/span><\/td><\/tr><tr><td width=50%><img src='https:\/\/www.web-rr.de\/GHS-Buecherei\/wp-content\/uploads\/9783864293191.jpg' alt=''><\/td><td><p class='rDLabel2'>von <span class='rDText2'>Jochen Till, Steffen Gumpert<\/span><\/p><p class='rDLabel2'>Verlag: <span class='rDText2'>TULIPAN VERLAG,  2017,  8.95 \u20ac<\/span><\/p><p class='rDLabel2'>B\u00fccherei-Barcode: <span class='rDText2'>9783864293191<\/span><\/p><p class='rDLabel2'>In der B\u00fccherei erfasst am: <span class='rDText2'>02.10.2019<\/span><\/p><p class='rDLabel2'>Stichw\u00f6rter: <span class='rDText2'>Schatzsuche, Schiff, Insel, Piraten, Abenteuer<\/span><\/p><p class='rDLabel2'>Lesealter ca. <span class='rDText2'>7<\/span><span class='rDLabel2'> Jahre<\/span><\/p><p class='rDLabel2'>Das Buch wurde <span class='rDText2'>0<\/span><span class='rDLabel2'> mal gelesen.<\/span><\/p><\/td><\/tr><tr><td colspan='2'><p class='rDLabel1'>Inhalt:<\/p><span class='rDText2'>Wilma auf SchatzsucheDurch einen heftigen Ruck wurde Wilma am Deck der Grimmigen Gr\u00e4te geweckt. Das Schiff ist bei Nacht und Nebel am Strand einer Insel aufgelaufen und kann nicht mehr weiterfahren. \u00bbDas ist aber eine seltsame Insel\u00ab, stellet die Crew der Grimmigen Gr\u00e4te am n\u00e4chsten Morgen fest. Die gesamte Insel ist von L\u00f6chern durchsiebt, neben denen sich kleine Erdhaufen auft\u00fcrmen. Was ist hier blo\u00df los? Wilma und ihre Mannschaft finden es schon bald heraus: Ein alter Piratenk\u00e4pt\u2019n mit langem Bart treibt auf der Insel sein Unwesen. Er sucht verzweifelt seinen Schatz, den er vor 50 Jahren auf der Insel vergraben hat. In der Schatztruhe ist alles versteckt, was er f\u00fcr seine Rente ben\u00f6tigt.Durch etwas Gl\u00fcck gelangt der vermisste Schatz in die H\u00e4nde von Wilma und ihrer Crew. Da kommt Wilma eine Idee, wie sowohl der Grimmigen Gr\u00e4te als auch dem K\u00e4pt\u2019n geholfen werden kann.Ein neuer Band des piratenstarken Duos Jochen Till und Steffen Gumpert, in dem es die Wilde Wilma mal wieder allen zeigt, wo\u2019s langgeht.<\/span><\/td><\/tr><tr><td colspan='2'><a href='#' onclick='history.back(); return false'>Zur\u00fcck<\/a><\/td><\/tr><\/tbody><\/table>\n","protected":false},"excerpt":{"rendered":"","protected":false},"author":1,"featured_media":0,"parent":0,"menu_order":0,"comment_status":"closed","ping_status":"closed","template":"","meta":[],"_links":{"self":[{"href":"https:\/\/www.web-rr.de\/GHS-Buecherei\/index.php\/wp-json\/wp\/v2\/pages\/3708"}],"collection":[{"href":"https:\/\/www.web-rr.de\/GHS-Buecherei\/index.php\/wp-json\/wp\/v2\/pages"}],"about":[{"href":"https:\/\/www.web-rr.de\/GHS-Buecherei\/index.php\/wp-json\/wp\/v2\/types\/page"}],"author":[{"embeddable":true,"href":"https:\/\/www.web-rr.de\/GHS-Buecherei\/index.php\/wp-json\/wp\/v2\/users\/1"}],"replies":[{"embeddable":true,"href":"https:\/\/www.web-rr.de\/GHS-Buecherei\/index.php\/wp-json\/wp\/v2\/comments?post=3708"}],"version-history":[{"count":0,"href":"https:\/\/www.web-rr.de\/GHS-Buecherei\/index.php\/wp-json\/wp\/v2\/pages\/3708\/revisions"}],"wp:attachment":[{"href":"https:\/\/www.web-rr.de\/GHS-Buecherei\/index.php\/wp-json\/wp\/v2\/media?parent=3708"}],"curies":[{"name":"wp","href":"https:\/\/api.w.org\/{rel}","templated":true}]}}