{"id":3661,"date":"2021-02-23T20:00:00","date_gmt":"2021-02-23T20:00:00","guid":{"rendered":"https:\/\/www.web-rr.de\/GHS-Buecherei\/?page_id=3661"},"modified":"2021-02-22T23:59:59","modified_gmt":"2021-02-22T23:59:59","slug":"p9783804213777","status":"publish","type":"page","link":"https:\/\/www.web-rr.de\/GHS-Buecherei\/index.php\/p9783804213777\/","title":{"rendered":"Erstlesen 164"},"content":{"rendered":"<table><tbody><tr><td class='rDTitel' colspan='2'>Emma und Max auf Ostseekurs<\/td><\/tr><tr><td><span class='rDLabel1'>Status: <\/span><span class='rDText1Gruen'>vorhanden<\/span><\/td><td><span class='rDLabel1'>Antolin: <\/span><span class='rDText1Gruen'>ja, Empfehlung Klasse 2<\/span><\/td><\/tr><tr><td width=50%><img src='https:\/\/www.web-rr.de\/GHS-Buecherei\/wp-content\/uploads\/9783804213777.jpg' alt=''><\/td><td><p class='rDLabel2'>von <span class='rDText2'>Marlis Kahlsdorf<\/span><\/p><p class='rDLabel2'>Verlag: <span class='rDText2'>Boyens Buchverlag,  2013,  9.95 \u20ac<\/span><\/p><p class='rDLabel2'>B\u00fccherei-Barcode: <span class='rDText2'>9783804213777<\/span><\/p><p class='rDLabel2'>In der B\u00fccherei erfasst am: <span class='rDText2'>29.10.2018<\/span><\/p><p class='rDLabel2'>Stichw\u00f6rter: <span class='rDText2'>Ferienabenteuer, Natur, Geheimnis, Kiel, Flensburg, Schleswig<\/span><\/p><p class='rDLabel2'>Lesealter ca. <span class='rDText2'>6<\/span><span class='rDLabel2'> Jahre<\/span><\/p><p class='rDLabel2'>Das Buch wurde <span class='rDText2'>2<\/span><span class='rDLabel2'> mal gelesen.<\/span><\/p><\/td><\/tr><tr><td colspan='2'><p class='rDLabel1'>Inhalt:<\/p><span class='rDText2'>An der Ostseek\u00fcste und an der Schlei gibt es f\u00fcr Kinder viel Spannendes zu entdecken. Komm mit und erforsche mit der kleinen M\u00f6we Emma und ihrem Freund, dem Raben Max, Sehenswertes von Gl\u00fccksburg bis Molfsee. Aufregende Entdeckungen machen Emma und Max in der Ph\u00e4nomenta in Flensburg, in der du selbst einiges in Bewegung setzen kannst und viel ausprobieren darfst. Auf ihrer Reise durch Kappeln, Schleswig und Umland erfahren sie Wissenswertes und besuchen sogar den Landarzt auf Gut Lindauhof. In Eckernf\u00f6rde lernen die zwei Freunde Spannendes \u00fcber die Natur und ergr\u00fcnden das Geheimnis der Bonbonkocherei. Auch ein Halt in Kiel darf auf ihrer Entdeckungstour nat\u00fcrlich nicht fehlen. Liebevoll und voller witziger Details illustriert Marlis Kahlsdorf das mittlerweile siebte Ferienabenteuer von Emma und Max. Wie bei den erfolgreichen Vorg\u00e4ngern werden nicht nur Kinder an dem Bilderbuch ihren Spa\u00df haben!<\/span><\/td><\/tr><tr><td colspan='2'><a href='#' onclick='history.back(); return false'>Zur\u00fcck<\/a><\/td><\/tr><\/tbody><\/table>\n","protected":false},"excerpt":{"rendered":"","protected":false},"author":1,"featured_media":0,"parent":0,"menu_order":0,"comment_status":"closed","ping_status":"closed","template":"","meta":[],"_links":{"self":[{"href":"https:\/\/www.web-rr.de\/GHS-Buecherei\/index.php\/wp-json\/wp\/v2\/pages\/3661"}],"collection":[{"href":"https:\/\/www.web-rr.de\/GHS-Buecherei\/index.php\/wp-json\/wp\/v2\/pages"}],"about":[{"href":"https:\/\/www.web-rr.de\/GHS-Buecherei\/index.php\/wp-json\/wp\/v2\/types\/page"}],"author":[{"embeddable":true,"href":"https:\/\/www.web-rr.de\/GHS-Buecherei\/index.php\/wp-json\/wp\/v2\/users\/1"}],"replies":[{"embeddable":true,"href":"https:\/\/www.web-rr.de\/GHS-Buecherei\/index.php\/wp-json\/wp\/v2\/comments?post=3661"}],"version-history":[{"count":0,"href":"https:\/\/www.web-rr.de\/GHS-Buecherei\/index.php\/wp-json\/wp\/v2\/pages\/3661\/revisions"}],"wp:attachment":[{"href":"https:\/\/www.web-rr.de\/GHS-Buecherei\/index.php\/wp-json\/wp\/v2\/media?parent=3661"}],"curies":[{"name":"wp","href":"https:\/\/api.w.org\/{rel}","templated":true}]}}