{"id":3499,"date":"2021-02-23T20:00:00","date_gmt":"2021-02-23T20:00:00","guid":{"rendered":"https:\/\/www.web-rr.de\/GHS-Buecherei\/?page_id=3499"},"modified":"2021-02-22T23:59:59","modified_gmt":"2021-02-22T23:59:59","slug":"p9783942795562","status":"publish","type":"page","link":"https:\/\/www.web-rr.de\/GHS-Buecherei\/index.php\/p9783942795562\/","title":{"rendered":"Bilderbuch C-165"},"content":{"rendered":"<table><tbody><tr><td class='rDTitel' colspan='2'>Durch den Wald<\/td><\/tr><tr><td><span class='rDLabel1'>Status: <\/span><span class='rDText1Gruen'>vorhanden<\/span><\/td><td><span class='rDLabel1'>Antolin: <\/span><span class='rDText1Rot'>Quiz nicht vorhanden.<\/span><\/td><\/tr><tr><td width=50%><img src='https:\/\/www.web-rr.de\/GHS-Buecherei\/wp-content\/uploads\/9783942795562.jpg' alt=''><\/td><td><p class='rDLabel2'>von <span class='rDText2'>Nele Palmtag<\/span><\/p><p class='rDLabel2'>Verlag: <span class='rDText2'>Kunstanstifter,  2017,  20.00 \u20ac<\/span><\/p><p class='rDLabel2'>B\u00fccherei-Barcode: <span class='rDText2'>9783942795562<\/span><\/p><p class='rDLabel2'>In der B\u00fccherei erfasst am: <span class='rDText2'>17.01.2020<\/span><\/p><p class='rDLabel2'>Stichw\u00f6rter: <span class='rDText2'>Natur, Tiere, Abenteuer, Mut, Gef\u00fchle<\/span><\/p><p class='rDLabel2'>Lesealter ca. <span class='rDText2'>-<\/span><span class='rDLabel2'> Jahre<\/span><\/p><p class='rDLabel2'>Das Buch wurde <span class='rDText2'>0<\/span><span class='rDLabel2'> mal gelesen.<\/span><\/p><\/td><\/tr><tr><td colspan='2'><p class='rDLabel1'>Inhalt:<\/p><span class='rDText2'>Kater, Pudel und Piep f\u00fchren ein ruhiges Leben als Haustiere von Frau Lieb. Sie werden gep egt und gehegt. Die meiste Zeit verbringen sie zusammen in ihrem sicheren Zuhause. Doch eines Tages st\u00fcrzt Frau Lieb auf der Suche nach ihrer Halskette von der Leiter und wird vom Krankenwagen abgeholt. Die Tiere sind verzweifelt, denn sie sind pl\u00f6tzlich auf sich allein gestellt. Mutig fassen sie den Entschluss, sich auf den Weg ins Krankenhaus zu machen, um Frau Lieb ihre Kette zu bringen. In lustigen Reimen und witzigen Illustrationen Nele Palmtags wird vom Abenteuer der verw\u00f6hnten Haustiere erz\u00e4hlt, die sich auf eigene Faust durch den Wald schlagen m\u00fcssen und dabei einigen ungehobelten Gestalten begeg- nen. Hier nden sie nach anf\u00e4nglicher Unsicherheit neben neuen Freunden auch eine neue Selbstst\u00e4ndigkeit, die ihnen zeigt, wie viel Spa\u00df das Leben bereith\u00e4lt, wenn man etwas wagt.<\/span><\/td><\/tr><tr><td colspan='2'><a href='#' onclick='history.back(); return false'>Zur\u00fcck<\/a><\/td><\/tr><\/tbody><\/table>\n","protected":false},"excerpt":{"rendered":"","protected":false},"author":1,"featured_media":0,"parent":0,"menu_order":0,"comment_status":"closed","ping_status":"closed","template":"","meta":[],"_links":{"self":[{"href":"https:\/\/www.web-rr.de\/GHS-Buecherei\/index.php\/wp-json\/wp\/v2\/pages\/3499"}],"collection":[{"href":"https:\/\/www.web-rr.de\/GHS-Buecherei\/index.php\/wp-json\/wp\/v2\/pages"}],"about":[{"href":"https:\/\/www.web-rr.de\/GHS-Buecherei\/index.php\/wp-json\/wp\/v2\/types\/page"}],"author":[{"embeddable":true,"href":"https:\/\/www.web-rr.de\/GHS-Buecherei\/index.php\/wp-json\/wp\/v2\/users\/1"}],"replies":[{"embeddable":true,"href":"https:\/\/www.web-rr.de\/GHS-Buecherei\/index.php\/wp-json\/wp\/v2\/comments?post=3499"}],"version-history":[{"count":0,"href":"https:\/\/www.web-rr.de\/GHS-Buecherei\/index.php\/wp-json\/wp\/v2\/pages\/3499\/revisions"}],"wp:attachment":[{"href":"https:\/\/www.web-rr.de\/GHS-Buecherei\/index.php\/wp-json\/wp\/v2\/media?parent=3499"}],"curies":[{"name":"wp","href":"https:\/\/api.w.org\/{rel}","templated":true}]}}