{"id":3497,"date":"2021-02-23T20:00:00","date_gmt":"2021-02-23T20:00:00","guid":{"rendered":"https:\/\/www.web-rr.de\/GHS-Buecherei\/?page_id=3497"},"modified":"2021-02-22T23:59:59","modified_gmt":"2021-02-22T23:59:59","slug":"p9783791373096","status":"publish","type":"page","link":"https:\/\/www.web-rr.de\/GHS-Buecherei\/index.php\/p9783791373096\/","title":{"rendered":"Bilderbuch C-163"},"content":{"rendered":"<table><tbody><tr><td class='rDTitel' colspan='2'>Vom Leben der Tiere. Wie sie handeln, was sie f\u00fchlen<\/td><\/tr><tr><td><span class='rDLabel1'>Status: <\/span><span class='rDText1Gruen'>vorhanden<\/span><\/td><td><span class='rDLabel1'>Antolin: <\/span><span class='rDText1Rot'>Quiz nicht vorhanden.<\/span><\/td><\/tr><tr><td width=50%><img src='https:\/\/www.web-rr.de\/GHS-Buecherei\/wp-content\/uploads\/9783791373096.jpg' alt=''><\/td><td><p class='rDLabel2'>von <span class='rDText2'>Pablo Salvaje<\/span><\/p><p class='rDLabel2'>Verlag: <span class='rDText2'>Prestel Junior,  2017,  19.99 \u20ac<\/span><\/p><p class='rDLabel2'>B\u00fccherei-Barcode: <span class='rDText2'>9783791373096<\/span><\/p><p class='rDLabel2'>In der B\u00fccherei erfasst am: <span class='rDText2'>17.01.2020<\/span><\/p><p class='rDLabel2'>Stichw\u00f6rter: <span class='rDText2'>Tiere, \u00d6kosystem, Liebe, Rhythmen, \u00dcberleben, Wandlung, Lebensraum, Wasser<\/span><\/p><p class='rDLabel2'>Lesealter ca. <span class='rDText2'>-<\/span><span class='rDLabel2'> Jahre<\/span><\/p><p class='rDLabel2'>Das Buch wurde <span class='rDText2'>0<\/span><span class='rDLabel2'> mal gelesen.<\/span><\/p><\/td><\/tr><tr><td colspan='2'><p class='rDLabel1'>Inhalt:<\/p><span class='rDText2'>Wir vergessen oftmals, dass die Menschen nicht die einzigen Bewohner dieser Erde sind. Dieses Buch erinnert uns nicht nur daran, dass wir ein \u00d6kosystem mit anderen Lebewesen teilen, sondern auch, dass wir viel von dem Verhalten und den Instinkten der Tiere lernen k\u00f6nnen. Leser begegnen in Pablo Salvajes handgefertigten Kunstdrucken einer breiten Palette von Tieren - von Quallen und Pfauen bis zu Eisb\u00e4ren und Schlangen. In sieben Kapiteln \u00fcber Liebe, Rhythmen, \u00dcberleben, Wandlung, Lebensraum, Wasser und Sch\u00e4tze nimmt uns das Buch mit auf eine Reise \u00fcber unseren Planeten. Eine ber\u00fchrende Lehrstunde \u00fcber Mitgef\u00fchl mit einer universellen Botschaft.\n\r\n\r\u00bbPoetisch, kunstvoll, ber\u00fchrend.\u00ab\n\r\n\r<\/span><\/td><\/tr><tr><td colspan='2'><a href='#' onclick='history.back(); return false'>Zur\u00fcck<\/a><\/td><\/tr><\/tbody><\/table>\n","protected":false},"excerpt":{"rendered":"","protected":false},"author":1,"featured_media":0,"parent":0,"menu_order":0,"comment_status":"closed","ping_status":"closed","template":"","meta":[],"_links":{"self":[{"href":"https:\/\/www.web-rr.de\/GHS-Buecherei\/index.php\/wp-json\/wp\/v2\/pages\/3497"}],"collection":[{"href":"https:\/\/www.web-rr.de\/GHS-Buecherei\/index.php\/wp-json\/wp\/v2\/pages"}],"about":[{"href":"https:\/\/www.web-rr.de\/GHS-Buecherei\/index.php\/wp-json\/wp\/v2\/types\/page"}],"author":[{"embeddable":true,"href":"https:\/\/www.web-rr.de\/GHS-Buecherei\/index.php\/wp-json\/wp\/v2\/users\/1"}],"replies":[{"embeddable":true,"href":"https:\/\/www.web-rr.de\/GHS-Buecherei\/index.php\/wp-json\/wp\/v2\/comments?post=3497"}],"version-history":[{"count":0,"href":"https:\/\/www.web-rr.de\/GHS-Buecherei\/index.php\/wp-json\/wp\/v2\/pages\/3497\/revisions"}],"wp:attachment":[{"href":"https:\/\/www.web-rr.de\/GHS-Buecherei\/index.php\/wp-json\/wp\/v2\/media?parent=3497"}],"curies":[{"name":"wp","href":"https:\/\/api.w.org\/{rel}","templated":true}]}}