{"id":3496,"date":"2021-02-23T20:00:00","date_gmt":"2021-02-23T20:00:00","guid":{"rendered":"https:\/\/www.web-rr.de\/GHS-Buecherei\/?page_id=3496"},"modified":"2021-02-22T23:59:59","modified_gmt":"2021-02-22T23:59:59","slug":"p9783854521969","status":"publish","type":"page","link":"https:\/\/www.web-rr.de\/GHS-Buecherei\/index.php\/p9783854521969\/","title":{"rendered":"Bilderbuch C-162"},"content":{"rendered":"<table><tbody><tr><td class='rDTitel' colspan='2'>Das Gl\u00fcck ist ein Vogel<\/td><\/tr><tr><td><span class='rDLabel1'>Status: <\/span><span class='rDText1Gruen'>vorhanden<\/span><\/td><td><span class='rDLabel1'>Antolin: <\/span><span class='rDText1Gruen'>ja, Empfehlung Klasse 1<\/span><\/td><\/tr><tr><td width=50%><img src='https:\/\/www.web-rr.de\/GHS-Buecherei\/wp-content\/uploads\/9783854521969.jpg' alt=''><\/td><td><p class='rDLabel2'>von <span class='rDText2'>Leonora Leitl<\/span><\/p><p class='rDLabel2'>Verlag: <span class='rDText2'>Picus Verlag GmbH,  2017,  16.00 \u20ac<\/span><\/p><p class='rDLabel2'>B\u00fccherei-Barcode: <span class='rDText2'>9783854521969<\/span><\/p><p class='rDLabel2'>In der B\u00fccherei erfasst am: <span class='rDText2'>17.01.2020<\/span><\/p><p class='rDLabel2'>Stichw\u00f6rter: <span class='rDText2'>Philosophie, Gl\u00fcck<\/span><\/p><p class='rDLabel2'>Lesealter ca. <span class='rDText2'>6<\/span><span class='rDLabel2'> Jahre<\/span><\/p><p class='rDLabel2'>Das Buch wurde <span class='rDText2'>0<\/span><span class='rDLabel2'> mal gelesen.<\/span><\/p><\/td><\/tr><tr><td colspan='2'><p class='rDLabel1'>Inhalt:<\/p><span class='rDText2'>Elli ist furchtbar neugierig und stellt liebend gerne Fragen. Warum f\u00e4llt der Mond nicht vom Himmel? Warum schl\u00e4ft mein Fu\u00df ein, wenn ich doch wach bin? Und was ist eigentlich Gl\u00fcck? \"Das Gl\u00fcck ist ein fl\u00fcchtiger Vogel\", erf\u00e4hrt Elli von ihrer Oma, doch damit gibt sie sich nicht zufrieden. Sie will das Geheimnis des Gl\u00fccks ergr\u00fcnden und erf\u00e4hrt dabei, dass Gl\u00fcck f\u00fcr jeden etwas anderes bedeutet. Leonora Leitls liebevoll gestaltetes Bilderbuch bezaubert durch fr\u00f6hlich bunte Illustrationen und die kindgerechte Aufbereitung der Erkenntnis, dass das Gl\u00fcck unendlich viele Facetten hat - und dass jeder sein eigenes Gl\u00fcck finden kann.\n\r\n\r<\/span><\/td><\/tr><tr><td colspan='2'><a href='#' onclick='history.back(); return false'>Zur\u00fcck<\/a><\/td><\/tr><\/tbody><\/table>\n","protected":false},"excerpt":{"rendered":"","protected":false},"author":1,"featured_media":0,"parent":0,"menu_order":0,"comment_status":"closed","ping_status":"closed","template":"","meta":[],"_links":{"self":[{"href":"https:\/\/www.web-rr.de\/GHS-Buecherei\/index.php\/wp-json\/wp\/v2\/pages\/3496"}],"collection":[{"href":"https:\/\/www.web-rr.de\/GHS-Buecherei\/index.php\/wp-json\/wp\/v2\/pages"}],"about":[{"href":"https:\/\/www.web-rr.de\/GHS-Buecherei\/index.php\/wp-json\/wp\/v2\/types\/page"}],"author":[{"embeddable":true,"href":"https:\/\/www.web-rr.de\/GHS-Buecherei\/index.php\/wp-json\/wp\/v2\/users\/1"}],"replies":[{"embeddable":true,"href":"https:\/\/www.web-rr.de\/GHS-Buecherei\/index.php\/wp-json\/wp\/v2\/comments?post=3496"}],"version-history":[{"count":0,"href":"https:\/\/www.web-rr.de\/GHS-Buecherei\/index.php\/wp-json\/wp\/v2\/pages\/3496\/revisions"}],"wp:attachment":[{"href":"https:\/\/www.web-rr.de\/GHS-Buecherei\/index.php\/wp-json\/wp\/v2\/media?parent=3496"}],"curies":[{"name":"wp","href":"https:\/\/api.w.org\/{rel}","templated":true}]}}