{"id":3482,"date":"2021-02-23T20:00:00","date_gmt":"2021-02-23T20:00:00","guid":{"rendered":"https:\/\/www.web-rr.de\/GHS-Buecherei\/?page_id=3482"},"modified":"2021-02-22T23:59:59","modified_gmt":"2021-02-22T23:59:59","slug":"p9783862560370","status":"publish","type":"page","link":"https:\/\/www.web-rr.de\/GHS-Buecherei\/index.php\/p9783862560370\/","title":{"rendered":"Bilderbuch C-148"},"content":{"rendered":"<table><tbody><tr><td class='rDTitel' colspan='2'>Prinz Seltsam und die Schulpiraten<\/td><\/tr><tr><td><span class='rDLabel1'>Status: <\/span><span class='rDText1Gruen'>vorhanden<\/span><\/td><td><span class='rDLabel1'>Antolin: <\/span><span class='rDText1Gruen'>ja, Empfehlung Klasse 2<\/span><\/td><\/tr><tr><td width=50%><img src='https:\/\/www.web-rr.de\/GHS-Buecherei\/wp-content\/uploads\/9783862560370.jpg' alt=''><\/td><td><p class='rDLabel2'>von <span class='rDText2'>Silke Schnee<\/span><\/p><p class='rDLabel2'>Verlag: <span class='rDText2'>Neufeld Verlag,  2013,  14.90 \u20ac<\/span><\/p><p class='rDLabel2'>B\u00fccherei-Barcode: <span class='rDText2'>9783862560370<\/span><\/p><p class='rDLabel2'>In der B\u00fccherei erfasst am: <span class='rDText2'>06.08.2018<\/span><\/p><p class='rDLabel2'>Stichw\u00f6rter: <span class='rDText2'>Piraten, Schiffe,<\/span><\/p><p class='rDLabel2'>Lesealter ca. <span class='rDText2'>6<\/span><span class='rDLabel2'> Jahre<\/span><\/p><p class='rDLabel2'>Das Buch wurde <span class='rDText2'>0<\/span><span class='rDLabel2'> mal gelesen.<\/span><\/p><\/td><\/tr><tr><td colspan='2'><p class='rDLabel1'>Inhalt:<\/p><span class='rDText2'>'Die Geschichte von Prinz Seltsam' war das erste Kinderbuch aus dem Neufeld Verlag und auf Anhieb erfolgreich. In leuchtenden Farben wird hier ausgemalt, dass es ganz normal ist, verschieden zu sein. Und dass der kleine Prinz, der etwas seltsam ist und das Volk auf seine Art rettet, ganz und gar dazu geh\u00f6rt. Wer etwas Besonderes sucht, findet hier eine ber\u00fchrende Geschichte, die Verst\u00e4ndnis weckt f\u00fcr Kinder mit Behinderung. In Elternh\u00e4usern, in Kinderg\u00e4rten und Grundschulen, im Kindergottesdienst und auf Veranstaltungen wurde Prinz Seltsam l\u00e4ngst von vielen ins Herz geschlossen.Im zweiten Band 'Prinz Seltsam und die Schulpiraten' ist der kleine Prinz \u00e4lter geworden und besucht inzwischen die Schule auf einem Schiff! Es gibt Schulschiffe f\u00fcr M\u00e4dchen und welche f\u00fcr Jungs, Schiffe f\u00fcr Ein\u00e4ugige und f\u00fcr Einbeinige und welche f\u00fcr Kinder, die beim Lernen langsamer sind. Warum es so viele verschiedene Schiffe gibt, wei\u00df keiner mehr. Aber so ist es nun mal. Schon immer.Dann treibt ein schrecklicher Sturm die Schiffe in die H\u00e4nde von Piraten. Doch den Kindern gelingt gemeinsam die Flucht, weil jeder das tut, was er am besten kann. Und auf dem einzig verbliebenen Schiff erleben die M\u00e4dchen und Jungen auf der R\u00fcckfahrt, dass Vielfalt stark macht. Und dass der eine wunderbar vom anderen lernen kann. Wenn man ihn nur l\u00e4sst.<\/span><\/td><\/tr><tr><td colspan='2'><a href='#' onclick='history.back(); return false'>Zur\u00fcck<\/a><\/td><\/tr><\/tbody><\/table>\n","protected":false},"excerpt":{"rendered":"","protected":false},"author":1,"featured_media":0,"parent":0,"menu_order":0,"comment_status":"closed","ping_status":"closed","template":"","meta":[],"_links":{"self":[{"href":"https:\/\/www.web-rr.de\/GHS-Buecherei\/index.php\/wp-json\/wp\/v2\/pages\/3482"}],"collection":[{"href":"https:\/\/www.web-rr.de\/GHS-Buecherei\/index.php\/wp-json\/wp\/v2\/pages"}],"about":[{"href":"https:\/\/www.web-rr.de\/GHS-Buecherei\/index.php\/wp-json\/wp\/v2\/types\/page"}],"author":[{"embeddable":true,"href":"https:\/\/www.web-rr.de\/GHS-Buecherei\/index.php\/wp-json\/wp\/v2\/users\/1"}],"replies":[{"embeddable":true,"href":"https:\/\/www.web-rr.de\/GHS-Buecherei\/index.php\/wp-json\/wp\/v2\/comments?post=3482"}],"version-history":[{"count":0,"href":"https:\/\/www.web-rr.de\/GHS-Buecherei\/index.php\/wp-json\/wp\/v2\/pages\/3482\/revisions"}],"wp:attachment":[{"href":"https:\/\/www.web-rr.de\/GHS-Buecherei\/index.php\/wp-json\/wp\/v2\/media?parent=3482"}],"curies":[{"name":"wp","href":"https:\/\/api.w.org\/{rel}","templated":true}]}}