{"id":3477,"date":"2021-02-23T20:00:00","date_gmt":"2021-02-23T20:00:00","guid":{"rendered":"https:\/\/www.web-rr.de\/GHS-Buecherei\/?page_id=3477"},"modified":"2021-02-22T23:59:59","modified_gmt":"2021-02-22T23:59:59","slug":"p9783864292750","status":"publish","type":"page","link":"https:\/\/www.web-rr.de\/GHS-Buecherei\/index.php\/p9783864292750\/","title":{"rendered":"Bilderbuch C-143"},"content":{"rendered":"<table><tbody><tr><td class='rDTitel' colspan='2'>Der Sternenhase<\/td><\/tr><tr><td><span class='rDLabel1'>Status: <\/span><span class='rDText1Gruen'>vorhanden<\/span><\/td><td><span class='rDLabel1'>Antolin: <\/span><span class='rDText1Rot'>Quiz nicht vorhanden.<\/span><\/td><\/tr><tr><td width=50%><img src='https:\/\/www.web-rr.de\/GHS-Buecherei\/wp-content\/uploads\/9783864292750.jpg' alt=''><\/td><td><p class='rDLabel2'>von <span class='rDText2'>Martin Klein und Jochen Stuhrmann<\/span><\/p><p class='rDLabel2'>Verlag: <span class='rDText2'>TULIPAN VERLAG,  2016,  17.00 \u20ac<\/span><\/p><p class='rDLabel2'>B\u00fccherei-Barcode: <span class='rDText2'>9783864292750<\/span><\/p><p class='rDLabel2'>In der B\u00fccherei erfasst am: <span class='rDText2'>14.06.2018<\/span><\/p><p class='rDLabel2'>Stichw\u00f6rter: <span class='rDText2'>Hasen, Tiere<\/span><\/p><p class='rDLabel2'>Lesealter ca. <span class='rDText2'>-<\/span><span class='rDLabel2'> Jahre<\/span><\/p><p class='rDLabel2'>Das Buch wurde <span class='rDText2'>0<\/span><span class='rDLabel2'> mal gelesen.<\/span><\/p><\/td><\/tr><tr><td colspan='2'><p class='rDLabel1'>Inhalt:<\/p><span class='rDText2'>\u00bbManchmal, in besonders sternklaren N\u00e4chten, ist am Himmel fl\u00fcchtig ein Hase zu sehen. Wie eine Sternschnuppe huscht er vorbei. Das ist Nebo.\u00ab Hase Nebo ist der Hasenbau zu eng. Also nichts wie raus in die weite Welt! Dorthin wo man etwas anderes werden kann als Kuschel- oder Stallhase. Sein Traum: Nebo m\u00f6chte andere Tiere h\u00fcten. Aber er wird von allen anderen Hasen nur ausgelacht. H\u00fctehasen gibt es doch nicht! Also macht sich Nebo auf den Weg und bereist den gesamten Erdkreis. Er hilft, die Schafe des Sch\u00e4fers zu h\u00fcten, bringt dem Bauernsohn ein verlorenes K\u00e4lbchen zur\u00fcck und dem Cowboy sein Fohlen. Leider nimmt ihn niemand ernst. Sch\u00e4fer, Bauern, Ranchbesitzer und indische F\u00fcrsten lehnen ihn ab. Ein H\u00fctehase ist nicht von dieser Welt, sagen sie. Doch Nebo gibt nicht auf. Vielleicht hat er im Himmel mehr Gl\u00fcck? Da kommt ihm eine Herde Elefanten zu Hilfe. Sie wissen genau, wo Nebo hingeh\u00f6rt. Eine Parabel \u00fcber die Erf\u00fcllung gro\u00dfer Tr\u00e4ume. Mit opulenten Illustrationen zum Suchen und Finden der Sternbilder von Jochen Stuhrmann.<\/span><\/td><\/tr><tr><td colspan='2'><a href='#' onclick='history.back(); return false'>Zur\u00fcck<\/a><\/td><\/tr><\/tbody><\/table>\n","protected":false},"excerpt":{"rendered":"","protected":false},"author":1,"featured_media":0,"parent":0,"menu_order":0,"comment_status":"closed","ping_status":"closed","template":"","meta":[],"_links":{"self":[{"href":"https:\/\/www.web-rr.de\/GHS-Buecherei\/index.php\/wp-json\/wp\/v2\/pages\/3477"}],"collection":[{"href":"https:\/\/www.web-rr.de\/GHS-Buecherei\/index.php\/wp-json\/wp\/v2\/pages"}],"about":[{"href":"https:\/\/www.web-rr.de\/GHS-Buecherei\/index.php\/wp-json\/wp\/v2\/types\/page"}],"author":[{"embeddable":true,"href":"https:\/\/www.web-rr.de\/GHS-Buecherei\/index.php\/wp-json\/wp\/v2\/users\/1"}],"replies":[{"embeddable":true,"href":"https:\/\/www.web-rr.de\/GHS-Buecherei\/index.php\/wp-json\/wp\/v2\/comments?post=3477"}],"version-history":[{"count":0,"href":"https:\/\/www.web-rr.de\/GHS-Buecherei\/index.php\/wp-json\/wp\/v2\/pages\/3477\/revisions"}],"wp:attachment":[{"href":"https:\/\/www.web-rr.de\/GHS-Buecherei\/index.php\/wp-json\/wp\/v2\/media?parent=3477"}],"curies":[{"name":"wp","href":"https:\/\/api.w.org\/{rel}","templated":true}]}}