{"id":3476,"date":"2021-02-23T20:00:00","date_gmt":"2021-02-23T20:00:00","guid":{"rendered":"https:\/\/www.web-rr.de\/GHS-Buecherei\/?page_id=3476"},"modified":"2021-02-22T23:59:59","modified_gmt":"2021-02-22T23:59:59","slug":"p9783707451801","status":"publish","type":"page","link":"https:\/\/www.web-rr.de\/GHS-Buecherei\/index.php\/p9783707451801\/","title":{"rendered":"Bilderbuch C-142"},"content":{"rendered":"<table><tbody><tr><td class='rDTitel' colspan='2'>Die 7 Leben meiner Katze<\/td><\/tr><tr><td><span class='rDLabel1'>Status: <\/span><span class='rDText1Gruen'>vorhanden<\/span><\/td><td><span class='rDLabel1'>Antolin: <\/span><span class='rDText1Gruen'>ja, Empfehlung Klasse 3<\/span><\/td><\/tr><tr><td width=50%><img src='https:\/\/www.web-rr.de\/GHS-Buecherei\/wp-content\/uploads\/9783707451801.jpg' alt=''><\/td><td><p class='rDLabel2'>von <span class='rDText2'>Saskia Hula<\/span><\/p><p class='rDLabel2'>Verlag: <span class='rDText2'>G & G Kinder- u. Jugendbuch,  2016,  19.95 \u20ac<\/span><\/p><p class='rDLabel2'>B\u00fccherei-Barcode: <span class='rDText2'>9783707451801<\/span><\/p><p class='rDLabel2'>In der B\u00fccherei erfasst am: <span class='rDText2'>06.08.2018<\/span><\/p><p class='rDLabel2'>Stichw\u00f6rter: <span class='rDText2'>Tod, Trauer, Neuanf\u00e4nge, Witz<\/span><\/p><p class='rDLabel2'>Lesealter ca. <span class='rDText2'>7<\/span><span class='rDLabel2'> Jahre<\/span><\/p><p class='rDLabel2'>Das Buch wurde <span class='rDText2'>0<\/span><span class='rDLabel2'> mal gelesen.<\/span><\/p><\/td><\/tr><tr><td colspan='2'><p class='rDLabel1'>Inhalt:<\/p><span class='rDText2'>Als ihre Katze \u00fcberfahren wird, ist das kleine M\u00e4dchen untr\u00f6stlich. Der Vater kann ihr nicht helfen, sie wird krank und beginnt in ihrem Bett eine Fieberreise. Dabei beobachtet sie, was ihrer Katze in deren weiteren sechs Leben alles widerf\u00e4hrt. Ob als Kaninchenmama, als Elefant oder als Schlange: Immer wieder gibt es ein Missgeschick, und die Katze muss sich weiter auf den Weg machen. Bis sie am Ende als Storch davonfliegt. Aber da hat sich f\u00fcr das kleine M\u00e4dchen bereits eine neue Katzenliebe aufgetan.Eine tief ber\u00fchrende, lustige, traurige und wundersch\u00f6ne Geschichte von Saskia Hula, voller \u00dcberraschungen und trockenem Witz. Aljoscha Blau begleitet die Abschiede und Neuanf\u00e4nge mit seinem unwiderstehlichen Bildzauber.<\/span><\/td><\/tr><tr><td colspan='2'><a href='#' onclick='history.back(); return false'>Zur\u00fcck<\/a><\/td><\/tr><\/tbody><\/table>\n","protected":false},"excerpt":{"rendered":"","protected":false},"author":1,"featured_media":0,"parent":0,"menu_order":0,"comment_status":"closed","ping_status":"closed","template":"","meta":[],"_links":{"self":[{"href":"https:\/\/www.web-rr.de\/GHS-Buecherei\/index.php\/wp-json\/wp\/v2\/pages\/3476"}],"collection":[{"href":"https:\/\/www.web-rr.de\/GHS-Buecherei\/index.php\/wp-json\/wp\/v2\/pages"}],"about":[{"href":"https:\/\/www.web-rr.de\/GHS-Buecherei\/index.php\/wp-json\/wp\/v2\/types\/page"}],"author":[{"embeddable":true,"href":"https:\/\/www.web-rr.de\/GHS-Buecherei\/index.php\/wp-json\/wp\/v2\/users\/1"}],"replies":[{"embeddable":true,"href":"https:\/\/www.web-rr.de\/GHS-Buecherei\/index.php\/wp-json\/wp\/v2\/comments?post=3476"}],"version-history":[{"count":0,"href":"https:\/\/www.web-rr.de\/GHS-Buecherei\/index.php\/wp-json\/wp\/v2\/pages\/3476\/revisions"}],"wp:attachment":[{"href":"https:\/\/www.web-rr.de\/GHS-Buecherei\/index.php\/wp-json\/wp\/v2\/media?parent=3476"}],"curies":[{"name":"wp","href":"https:\/\/api.w.org\/{rel}","templated":true}]}}