{"id":3469,"date":"2021-02-23T20:00:00","date_gmt":"2021-02-23T20:00:00","guid":{"rendered":"https:\/\/www.web-rr.de\/GHS-Buecherei\/?page_id=3469"},"modified":"2021-02-22T23:59:59","modified_gmt":"2021-02-22T23:59:59","slug":"p9783779505594","status":"publish","type":"page","link":"https:\/\/www.web-rr.de\/GHS-Buecherei\/index.php\/p9783779505594\/","title":{"rendered":"Bilderbuch C-135"},"content":{"rendered":"<table><tbody><tr><td class='rDTitel' colspan='2'>Linus im Gl\u00fcck<\/td><\/tr><tr><td><span class='rDLabel1'>Status: <\/span><span class='rDText1Gruen'>vorhanden<\/span><\/td><td><span class='rDLabel1'>Antolin: <\/span><span class='rDText1Gruen'>ja, Empfehlung Klasse 2<\/span><\/td><\/tr><tr><td width=50%><img src='https:\/\/www.web-rr.de\/GHS-Buecherei\/wp-content\/uploads\/9783779505594.jpg' alt=''><\/td><td><p class='rDLabel2'>von <span class='rDText2'>Hanna Jansen und Britta Gotha<\/span><\/p><p class='rDLabel2'>Verlag: <span class='rDText2'>Peter Hammer Verlag,  2016,  14.90 \u20ac<\/span><\/p><p class='rDLabel2'>B\u00fccherei-Barcode: <span class='rDText2'>9783779505594<\/span><\/p><p class='rDLabel2'>In der B\u00fccherei erfasst am: <span class='rDText2'>06.08.2018<\/span><\/p><p class='rDLabel2'>Stichw\u00f6rter: <span class='rDText2'>B\u00e4ren, Reise, Fremde, Dummkopf, \u00c4rgernis<\/span><\/p><p class='rDLabel2'>Lesealter ca. <span class='rDText2'>6<\/span><span class='rDLabel2'> Jahre<\/span><\/p><p class='rDLabel2'>Das Buch wurde <span class='rDText2'>0<\/span><span class='rDLabel2'> mal gelesen.<\/span><\/p><\/td><\/tr><tr><td colspan='2'><p class='rDLabel1'>Inhalt:<\/p><span class='rDText2'>Obwohl B\u00e4ren aller Art in der Stadt wohnten - schwarze und wei\u00dfe, gestreifte und schick frisierte - fiel einer immer auf: Linus. Sein Pelz war so verzottelt, dass man nur noch die Nasenspitze sah. Er ging keiner Arbeit nach und tanzte wie ein Brummkreisel durch die Stra\u00dfen. Dieser B\u00e4r war ein haarstr\u00e4ubendes \u00c4rgernis. Man schimpfte ihn Faulpelz und sperrte ihn ein. Vom B\u00e4renrichter nach dem Zweck seines ungeb\u00fchrlichen Verhaltens gefragt, antwortete Linus, den kenne er nicht, er m\u00fcsse nach der Antwort noch suchen. So jagte man ihn als Dummkopf aus der Stadt. Linus, der gar nicht anders konnte, als gl\u00fccklich sein, war es fast noch mehr, als er weit vor der Stadt im Freien wohnte. Hier trafen Reisende auf ihn. Auch sie wollten wissen, wer er sei und was er hier wolle. Als sie h\u00f6rten, dass er die Antwort noch suche, schien ihnen das weise und sie berichteten \u00fcberall von dem klugen B\u00e4ren vor den Toren der Stadt. So kam es, dass Linus allen Reisenden zum gro\u00dfen Ratgeber wurde. Er, der doch blo\u00df ein verzottelter, gl\u00fccklicher B\u00e4r war.<\/span><\/td><\/tr><tr><td colspan='2'><a href='#' onclick='history.back(); return false'>Zur\u00fcck<\/a><\/td><\/tr><\/tbody><\/table>\n","protected":false},"excerpt":{"rendered":"","protected":false},"author":1,"featured_media":0,"parent":0,"menu_order":0,"comment_status":"closed","ping_status":"closed","template":"","meta":[],"_links":{"self":[{"href":"https:\/\/www.web-rr.de\/GHS-Buecherei\/index.php\/wp-json\/wp\/v2\/pages\/3469"}],"collection":[{"href":"https:\/\/www.web-rr.de\/GHS-Buecherei\/index.php\/wp-json\/wp\/v2\/pages"}],"about":[{"href":"https:\/\/www.web-rr.de\/GHS-Buecherei\/index.php\/wp-json\/wp\/v2\/types\/page"}],"author":[{"embeddable":true,"href":"https:\/\/www.web-rr.de\/GHS-Buecherei\/index.php\/wp-json\/wp\/v2\/users\/1"}],"replies":[{"embeddable":true,"href":"https:\/\/www.web-rr.de\/GHS-Buecherei\/index.php\/wp-json\/wp\/v2\/comments?post=3469"}],"version-history":[{"count":0,"href":"https:\/\/www.web-rr.de\/GHS-Buecherei\/index.php\/wp-json\/wp\/v2\/pages\/3469\/revisions"}],"wp:attachment":[{"href":"https:\/\/www.web-rr.de\/GHS-Buecherei\/index.php\/wp-json\/wp\/v2\/media?parent=3469"}],"curies":[{"name":"wp","href":"https:\/\/api.w.org\/{rel}","templated":true}]}}