{"id":3467,"date":"2021-02-23T20:00:00","date_gmt":"2021-02-23T20:00:00","guid":{"rendered":"https:\/\/www.web-rr.de\/GHS-Buecherei\/?page_id=3467"},"modified":"2021-02-22T23:59:59","modified_gmt":"2021-02-22T23:59:59","slug":"p9783785584651","status":"publish","type":"page","link":"https:\/\/www.web-rr.de\/GHS-Buecherei\/index.php\/p9783785584651\/","title":{"rendered":"Bilderbuch C-133"},"content":{"rendered":"<table><tbody><tr><td class='rDTitel' colspan='2'>Kleiner Panda Pai \u2013 Unterwegs ins Abenteuer<\/td><\/tr><tr><td><span class='rDLabel1'>Status: <\/span><span class='rDText1Gruen'>vorhanden<\/span><\/td><td><span class='rDLabel1'>Antolin: <\/span><span class='rDText1Gruen'>ja, Empfehlung Klasse 2<\/span><\/td><\/tr><tr><td width=50%><img src='https:\/\/www.web-rr.de\/GHS-Buecherei\/wp-content\/uploads\/9783785584651.jpg' alt=''><\/td><td><p class='rDLabel2'>von <span class='rDText2'>Saskia Hula und Kerstin Schoene<\/span><\/p><p class='rDLabel2'>Verlag: <span class='rDText2'>Loewe,  2016,  12.95 \u20ac<\/span><\/p><p class='rDLabel2'>B\u00fccherei-Barcode: <span class='rDText2'>9783785584651<\/span><\/p><p class='rDLabel2'>In der B\u00fccherei erfasst am: <span class='rDText2'>06.08.2018<\/span><\/p><p class='rDLabel2'>Stichw\u00f6rter: <span class='rDText2'>Panda, Abenteuer, Fremde<\/span><\/p><p class='rDLabel2'>Lesealter ca. <span class='rDText2'>6<\/span><span class='rDLabel2'> Jahre<\/span><\/p><p class='rDLabel2'>Das Buch wurde <span class='rDText2'>1<\/span><span class='rDLabel2'> mal gelesen.<\/span><\/p><\/td><\/tr><tr><td colspan='2'><p class='rDLabel1'>Inhalt:<\/p><span class='rDText2'>Hier kommt Kleiner Panda Pai, der neue Held im Bilderbuch! Der s\u00fc\u00dfe Rote Panda (auch Katzenb\u00e4r genannt) spielt die Hauptrolle in der Reihe f\u00fcr Kinder ab 3 Jahren und nimmt sie in jedem Band mit in seine Welt. Dabei werden Themen wie Freundschaft, Hilfsbereitschaft und Mut auf charmante Weise transportiert \u2013 wunderbar geeignet f\u00fcr kuschelige, aber auch aufregende Vorlesestunden!Jetzt bin ich gro\u00df genug f\u00fcr ein bisschen Abenteuer, beschlie\u00dft der Kleine Panda Pai eines Tages. Und so macht er sich auf, die Welt au\u00dferhalb seines Zuhauses im Wildpark zu erkunden. Weit kommt er dabei nicht, bevor er sich verl\u00e4uft und auf der Suche nach dem Heimweg von Tier zu Tier geschickt wird \u2013 weil niemand so recht wei\u00df, wer der kleine rote Klettermax ist. Und Pandas, so viel stehe fest, seien doch wohl riesengro\u00df und schwarz und wei\u00df. Schon bald ist Pai dieses erste Abenteuer nicht mehr ganz geheuer. Und wenn er nicht wei\u00df, wo er eigentlich hingeh\u00f6rt, wie soll er da nur jemals nach Hause finden? Eine Bilderbuchgeschichte dar\u00fcber, dass man nie wirklich verloren gehen kann, solange man nur wei\u00df, zu wem man geh\u00f6rt.<\/span><\/td><\/tr><tr><td colspan='2'><a href='#' onclick='history.back(); return false'>Zur\u00fcck<\/a><\/td><\/tr><\/tbody><\/table>\n","protected":false},"excerpt":{"rendered":"","protected":false},"author":1,"featured_media":0,"parent":0,"menu_order":0,"comment_status":"closed","ping_status":"closed","template":"","meta":[],"_links":{"self":[{"href":"https:\/\/www.web-rr.de\/GHS-Buecherei\/index.php\/wp-json\/wp\/v2\/pages\/3467"}],"collection":[{"href":"https:\/\/www.web-rr.de\/GHS-Buecherei\/index.php\/wp-json\/wp\/v2\/pages"}],"about":[{"href":"https:\/\/www.web-rr.de\/GHS-Buecherei\/index.php\/wp-json\/wp\/v2\/types\/page"}],"author":[{"embeddable":true,"href":"https:\/\/www.web-rr.de\/GHS-Buecherei\/index.php\/wp-json\/wp\/v2\/users\/1"}],"replies":[{"embeddable":true,"href":"https:\/\/www.web-rr.de\/GHS-Buecherei\/index.php\/wp-json\/wp\/v2\/comments?post=3467"}],"version-history":[{"count":0,"href":"https:\/\/www.web-rr.de\/GHS-Buecherei\/index.php\/wp-json\/wp\/v2\/pages\/3467\/revisions"}],"wp:attachment":[{"href":"https:\/\/www.web-rr.de\/GHS-Buecherei\/index.php\/wp-json\/wp\/v2\/media?parent=3467"}],"curies":[{"name":"wp","href":"https:\/\/api.w.org\/{rel}","templated":true}]}}