{"id":3466,"date":"2021-02-23T20:00:00","date_gmt":"2021-02-23T20:00:00","guid":{"rendered":"https:\/\/www.web-rr.de\/GHS-Buecherei\/?page_id=3466"},"modified":"2021-02-22T23:59:59","modified_gmt":"2021-02-22T23:59:59","slug":"p9783845812861","status":"publish","type":"page","link":"https:\/\/www.web-rr.de\/GHS-Buecherei\/index.php\/p9783845812861\/","title":{"rendered":"Bilderbuch C-132"},"content":{"rendered":"<table><tbody><tr><td class='rDTitel' colspan='2'>Die kleine Hummel Bommel sucht das Gl\u00fcck<\/td><\/tr><tr><td><span class='rDLabel1'>Status: <\/span><span class='rDText1Gruen'>vorhanden<\/span><\/td><td><span class='rDLabel1'>Antolin: <\/span><span class='rDText1Gruen'>ja, Empfehlung Klasse 2<\/span><\/td><\/tr><tr><td width=50%><img src='https:\/\/www.web-rr.de\/GHS-Buecherei\/wp-content\/uploads\/9783845812861.jpg' alt=''><\/td><td><p class='rDLabel2'>von <span class='rDText2'>Britta Sabbag und Maite Kelly<\/span><\/p><p class='rDLabel2'>Verlag: <span class='rDText2'>Ars Edition,  2016,  12.99 \u20ac<\/span><\/p><p class='rDLabel2'>B\u00fccherei-Barcode: <span class='rDText2'>9783845812861<\/span><\/p><p class='rDLabel2'>In der B\u00fccherei erfasst am: <span class='rDText2'>06.08.2018<\/span><\/p><p class='rDLabel2'>Stichw\u00f6rter: <span class='rDText2'>Gl\u00fcck, Familie, Zuhause<\/span><\/p><p class='rDLabel2'>Lesealter ca. <span class='rDText2'>6<\/span><span class='rDLabel2'> Jahre<\/span><\/p><p class='rDLabel2'>Das Buch wurde <span class='rDText2'>0<\/span><span class='rDLabel2'> mal gelesen.<\/span><\/p><\/td><\/tr><tr><td colspan='2'><p class='rDLabel1'>Inhalt:<\/p><span class='rDText2'>Fortsetzung des Bilderbuch-Bestsellers \"Die kleine Hummel Bommel\" mit zwei neuen Liedern! Was passiert, wenn eine mutige kleine Hummel das Fliegen gelernt hat und in die Welt hinaus kann? Sie packt die Karte, den Kompass und die Honigbrote von Mama in ihren Lederranzen und macht sich auf die Suche nach dem gro\u00dfen Gl\u00fcck! Ein Bilderbuch mit der zeitlosen Botschaft: Das Gl\u00fcck ist da, wo man zu Hause ist, wo Familie und Freunde sind. Britta Sabbag und Maite Kelly lernten sich bei einem Filmprojekt kennen und merkten schnell, dass sich hier zwei Herzblut-Hummeln getroffen haben. Gemeinsam brachten sie \"Die kleine Hummel Bommel\" zum Fliegen. Und was passiert, wenn eine mutige kleine Hummel in die Welt hinaus kann? Sie sucht nat\u00fcrlich nach dem Gl\u00fcck! F\u00fcr die Fortsetzung \"Die kleine Hummel Bommel sucht das Gl\u00fcck\" haben sie gemeinsam zwei neue Lieder geschrieben. Die liebevollen Illustrationen dazu lieferte Jo\u00eblle Tourlonias, die sie, wie Maite und Britta schon beim ersten Band sagten, \"direkt aus unserem Herzen abgemalt hat\".<\/span><\/td><\/tr><tr><td colspan='2'><a href='#' onclick='history.back(); return false'>Zur\u00fcck<\/a><\/td><\/tr><\/tbody><\/table>\n","protected":false},"excerpt":{"rendered":"","protected":false},"author":1,"featured_media":0,"parent":0,"menu_order":0,"comment_status":"closed","ping_status":"closed","template":"","meta":[],"_links":{"self":[{"href":"https:\/\/www.web-rr.de\/GHS-Buecherei\/index.php\/wp-json\/wp\/v2\/pages\/3466"}],"collection":[{"href":"https:\/\/www.web-rr.de\/GHS-Buecherei\/index.php\/wp-json\/wp\/v2\/pages"}],"about":[{"href":"https:\/\/www.web-rr.de\/GHS-Buecherei\/index.php\/wp-json\/wp\/v2\/types\/page"}],"author":[{"embeddable":true,"href":"https:\/\/www.web-rr.de\/GHS-Buecherei\/index.php\/wp-json\/wp\/v2\/users\/1"}],"replies":[{"embeddable":true,"href":"https:\/\/www.web-rr.de\/GHS-Buecherei\/index.php\/wp-json\/wp\/v2\/comments?post=3466"}],"version-history":[{"count":0,"href":"https:\/\/www.web-rr.de\/GHS-Buecherei\/index.php\/wp-json\/wp\/v2\/pages\/3466\/revisions"}],"wp:attachment":[{"href":"https:\/\/www.web-rr.de\/GHS-Buecherei\/index.php\/wp-json\/wp\/v2\/media?parent=3466"}],"curies":[{"name":"wp","href":"https:\/\/api.w.org\/{rel}","templated":true}]}}