{"id":3463,"date":"2021-02-23T20:00:00","date_gmt":"2021-02-23T20:00:00","guid":{"rendered":"https:\/\/www.web-rr.de\/GHS-Buecherei\/?page_id=3463"},"modified":"2021-02-22T23:59:59","modified_gmt":"2021-02-22T23:59:59","slug":"p9783407795717","status":"publish","type":"page","link":"https:\/\/www.web-rr.de\/GHS-Buecherei\/index.php\/p9783407795717\/","title":{"rendered":"Bilderbuch C-129"},"content":{"rendered":"<table><tbody><tr><td class='rDTitel' colspan='2'>Zillys Piratenabenteuer: Vierfarbiges Bilderbuch<\/td><\/tr><tr><td><span class='rDLabel1'>Status: <\/span><span class='rDText1Gruen'>vorhanden<\/span><\/td><td><span class='rDLabel1'>Antolin: <\/span><span class='rDText1Gruen'>ja, Empfehlung Klasse 2<\/span><\/td><\/tr><tr><td width=50%><img src='https:\/\/www.web-rr.de\/GHS-Buecherei\/wp-content\/uploads\/9783407795717.jpg' alt=''><\/td><td><p class='rDLabel2'>von <span class='rDText2'>Korky Paul<\/span><\/p><p class='rDLabel2'>Verlag: <span class='rDText2'>Beltz & Gelberg,  2014,  12.95 \u20ac<\/span><\/p><p class='rDLabel2'>B\u00fccherei-Barcode: <span class='rDText2'>9783407795717<\/span><\/p><p class='rDLabel2'>In der B\u00fccherei erfasst am: <span class='rDText2'>01.05.2016<\/span><\/p><p class='rDLabel2'>Stichw\u00f6rter: <span class='rDText2'>Zauberin, Piraten<\/span><\/p><p class='rDLabel2'>Lesealter ca. <span class='rDText2'>6<\/span><span class='rDLabel2'> Jahre<\/span><\/p><p class='rDLabel2'>Das Buch wurde <span class='rDText2'>1<\/span><span class='rDLabel2'> mal gelesen.<\/span><\/p><\/td><\/tr><tr><td colspan='2'><p class='rDLabel1'>Inhalt:<\/p><span class='rDText2'>Zilly, die Zauberin, kommt im Piratengewand zum Kost\u00fcmfest. Zusammen mit ihrem Kater, pardon, ihrem Papagei Zingaro trifft sie dort auf viele weitere verkleidete Seer\u00e4uber \u2013 und auf eine Schatzkarte. Schon steckt sie mittendrin in einem aufregenden Abenteuer an Bord eines Piratenschiffes ...Zillys Piraten erweisen sich als sehr seet\u00fcchtig und segeln kurzerhand zur Schatzinsel. Doch als sie an Land gehen, m\u00fcssen sie feststellen, dass eine Horde echter Seer\u00e4uber ihnen zuvorgekommen ist und bereits nach dem Schatz gr\u00e4bt. Und die sehen ganz sch\u00f6n gef\u00e4hrlich aus! Nun ist guter Rat teuer. \u00bbSollen wir mit ihnen k\u00e4mpfen?\u00ab, fl\u00fcstert Zilly ihrer Mannschaft zu. \u00bbOder wollen wir lieber abhauen?\u00ab Da br\u00fcllen Zillys Piraten: \u00bbABHAUEN!!\u00ab Wirklich zum F\u00fcrchten. Und das finden auch die echten Seer\u00e4uber ...Gro\u00dfartiger Piraten-Klamauk mit spritzigen Illustrationen.<\/span><\/td><\/tr><tr><td colspan='2'><a href='#' onclick='history.back(); return false'>Zur\u00fcck<\/a><\/td><\/tr><\/tbody><\/table>\n","protected":false},"excerpt":{"rendered":"","protected":false},"author":1,"featured_media":0,"parent":0,"menu_order":0,"comment_status":"closed","ping_status":"closed","template":"","meta":[],"_links":{"self":[{"href":"https:\/\/www.web-rr.de\/GHS-Buecherei\/index.php\/wp-json\/wp\/v2\/pages\/3463"}],"collection":[{"href":"https:\/\/www.web-rr.de\/GHS-Buecherei\/index.php\/wp-json\/wp\/v2\/pages"}],"about":[{"href":"https:\/\/www.web-rr.de\/GHS-Buecherei\/index.php\/wp-json\/wp\/v2\/types\/page"}],"author":[{"embeddable":true,"href":"https:\/\/www.web-rr.de\/GHS-Buecherei\/index.php\/wp-json\/wp\/v2\/users\/1"}],"replies":[{"embeddable":true,"href":"https:\/\/www.web-rr.de\/GHS-Buecherei\/index.php\/wp-json\/wp\/v2\/comments?post=3463"}],"version-history":[{"count":0,"href":"https:\/\/www.web-rr.de\/GHS-Buecherei\/index.php\/wp-json\/wp\/v2\/pages\/3463\/revisions"}],"wp:attachment":[{"href":"https:\/\/www.web-rr.de\/GHS-Buecherei\/index.php\/wp-json\/wp\/v2\/media?parent=3463"}],"curies":[{"name":"wp","href":"https:\/\/api.w.org\/{rel}","templated":true}]}}