{"id":3462,"date":"2021-02-23T20:00:00","date_gmt":"2021-02-23T20:00:00","guid":{"rendered":"https:\/\/www.web-rr.de\/GHS-Buecherei\/?page_id=3462"},"modified":"2021-02-22T23:59:59","modified_gmt":"2021-02-22T23:59:59","slug":"p9783940650481","status":"publish","type":"page","link":"https:\/\/www.web-rr.de\/GHS-Buecherei\/index.php\/p9783940650481\/","title":{"rendered":"Bilderbuch C-128"},"content":{"rendered":"<table><tbody><tr><td class='rDTitel' colspan='2'>QUATSCH und die Nasenb\u00e4rbande<\/td><\/tr><tr><td><span class='rDLabel1'>Status: <\/span><span class='rDText1Gruen'>vorhanden<\/span><\/td><td><span class='rDLabel1'>Antolin: <\/span><span class='rDText1Rot'>Quiz nicht vorhanden.<\/span><\/td><\/tr><tr><td width=50%><img src='https:\/\/www.web-rr.de\/GHS-Buecherei\/wp-content\/uploads\/9783940650481.jpg' alt=''><\/td><td><p class='rDLabel2'>von <span class='rDText2'>-<\/span><\/p><p class='rDLabel2'>Verlag: <span class='rDText2'>Abentheuer Verlag,  2014,  9.95 \u20ac<\/span><\/p><p class='rDLabel2'>B\u00fccherei-Barcode: <span class='rDText2'>9783940650481<\/span><\/p><p class='rDLabel2'>In der B\u00fccherei erfasst am: <span class='rDText2'>01.05.2016<\/span><\/p><p class='rDLabel2'>Stichw\u00f6rter: <span class='rDText2'>Kinder, Protest<\/span><\/p><p class='rDLabel2'>Lesealter ca. <span class='rDText2'>-<\/span><span class='rDLabel2'> Jahre<\/span><\/p><p class='rDLabel2'>Das Buch wurde <span class='rDText2'>0<\/span><span class='rDLabel2'> mal gelesen.<\/span><\/p><\/td><\/tr><tr><td colspan='2'><p class='rDLabel1'>Inhalt:<\/p><span class='rDText2'>Das Leben der Kinder von Bollersdorf k\u00f6nnte so sch\u00f6n sein, wenn der Ort wegen seiner Durchschnittlichkeit nicht von der Konsumentenforschung entdeckt worden w\u00e4re. Hier sollen neue Produkte getestet werden. Was den Bollersdorfern gef\u00e4llt, l\u00e4sst sich \u00fcberall gut verkaufen, wissen die Marktforscher. Doch w\u00e4hrend die Eltern des Ortes begeistert mitmachen, obwohl ihnen so manches neue Ger\u00e4t beim ersten Test um die Ohren fliegt, haben ihre Kinder schnell die Rotznasen voll von den l\u00e4stigen Warentestern. Erst recht, als ihre geliebten Omas und Opas ins Heim abgeschoben werden, damit der Altersdurchschnitt wieder passt. Das ist ein Fall f\u00fcr die Nasenb\u00e4renbande! Als ihre friedlichen Protestaktionen nicht fruchten, hecken die Kinder gemeinsam mit dem pfiffigen Nasenb\u00e4ren Quatsch einen cleveren Plan aus: Mit abenteuerlichen Erfindungen, wie einer Kuhpups-Windturbine, und verr\u00fcckten Weltrekorden, wie dem gr\u00f6\u00dften Erdbeermilchshake aller Zeiten wollen sie Bollersdorfs Einzigartigkeit beweisen, damit die Konsumforscher endlich wieder verschwinden. Um freie Bahn zu haben, m\u00fcssen die Kinder aber erst einmal die Erwachsenen ausschalten. Das geht am besten mit einer geh\u00f6rigen Dosis Schlaftabletten, die ganz einfach nur in die Trinkwasserleitungen des Dorfes gesch\u00fcttet werden muss.<\/span><\/td><\/tr><tr><td colspan='2'><a href='#' onclick='history.back(); return false'>Zur\u00fcck<\/a><\/td><\/tr><\/tbody><\/table>\n","protected":false},"excerpt":{"rendered":"","protected":false},"author":1,"featured_media":0,"parent":0,"menu_order":0,"comment_status":"closed","ping_status":"closed","template":"","meta":[],"_links":{"self":[{"href":"https:\/\/www.web-rr.de\/GHS-Buecherei\/index.php\/wp-json\/wp\/v2\/pages\/3462"}],"collection":[{"href":"https:\/\/www.web-rr.de\/GHS-Buecherei\/index.php\/wp-json\/wp\/v2\/pages"}],"about":[{"href":"https:\/\/www.web-rr.de\/GHS-Buecherei\/index.php\/wp-json\/wp\/v2\/types\/page"}],"author":[{"embeddable":true,"href":"https:\/\/www.web-rr.de\/GHS-Buecherei\/index.php\/wp-json\/wp\/v2\/users\/1"}],"replies":[{"embeddable":true,"href":"https:\/\/www.web-rr.de\/GHS-Buecherei\/index.php\/wp-json\/wp\/v2\/comments?post=3462"}],"version-history":[{"count":0,"href":"https:\/\/www.web-rr.de\/GHS-Buecherei\/index.php\/wp-json\/wp\/v2\/pages\/3462\/revisions"}],"wp:attachment":[{"href":"https:\/\/www.web-rr.de\/GHS-Buecherei\/index.php\/wp-json\/wp\/v2\/media?parent=3462"}],"curies":[{"name":"wp","href":"https:\/\/api.w.org\/{rel}","templated":true}]}}