{"id":3454,"date":"2021-02-23T20:00:00","date_gmt":"2021-02-23T20:00:00","guid":{"rendered":"https:\/\/www.web-rr.de\/GHS-Buecherei\/?page_id=3454"},"modified":"2021-02-22T23:59:59","modified_gmt":"2021-02-22T23:59:59","slug":"p9783785581803","status":"publish","type":"page","link":"https:\/\/www.web-rr.de\/GHS-Buecherei\/index.php\/p9783785581803\/","title":{"rendered":"Bilderbuch C-120"},"content":{"rendered":"<table><tbody><tr><td class='rDTitel' colspan='2'>Quentin Qualle - Halligalli bei Zirkus Koralli: Mit Lieder-CD<\/td><\/tr><tr><td><span class='rDLabel1'>Status: <\/span><span class='rDText1Gruen'>vorhanden<\/span><\/td><td><span class='rDLabel1'>Antolin: <\/span><span class='rDText1Gruen'>ja, Empfehlung Klasse 2<\/span><\/td><\/tr><tr><td width=50%><img src='https:\/\/www.web-rr.de\/GHS-Buecherei\/wp-content\/uploads\/9783785581803.jpg' alt=''><\/td><td><p class='rDLabel2'>von <span class='rDText2'>Heinz Rudolf Kunze<\/span><\/p><p class='rDLabel2'>Verlag: <span class='rDText2'>Loewe Verlag,  2015,  14.95 \u20ac<\/span><\/p><p class='rDLabel2'>B\u00fccherei-Barcode: <span class='rDText2'>9783785581803<\/span><\/p><p class='rDLabel2'>In der B\u00fccherei erfasst am: <span class='rDText2'>01.05.2016<\/span><\/p><p class='rDLabel2'>Stichw\u00f6rter: <span class='rDText2'>Zirkus<\/span><\/p><p class='rDLabel2'>Lesealter ca. <span class='rDText2'>6<\/span><span class='rDLabel2'> Jahre<\/span><\/p><p class='rDLabel2'>Das Buch wurde <span class='rDText2'>2<\/span><span class='rDLabel2'> mal gelesen.<\/span><\/p><\/td><\/tr><tr><td colspan='2'><p class='rDLabel1'>Inhalt:<\/p><span class='rDText2'>Zirkus Koralli ist zur\u00fcck! Quentin Qualle und die anderen Meereskinder sind au\u00dfer sich vor Freude und k\u00f6nnen kaum die erste Vorstellung erwarten. Aber diese droht ins Wasser zu fallen, denn Clownfisch Cleo ist verschwunden. Zirkusdirektor Waldemar Wal ist ratlos. Soll er die Auff\u00fchrung absagen, wenn Cleo nicht rechtzeitig zur\u00fcckkehrt? Das darf nicht passieren! Quentin macht sich auf die Suche nach dem Vermissten und findet seine Clownsnase ganz in der N\u00e4he der H\u00f6hle der Seew\u00f6lfe. Ob diese \u00fcbellaunigen Meeresbewohner mit Cleos Verschwinden etwas zu tun haben? Das dritte Vorleseabenteuer von Quentin Qualle zum Thema Zirkus zeigt, wie wichtig und sch\u00f6n es ist, f\u00fcreinander einzustehen und gemeinsam zu lachen. Nach einer Idee des bekannten Musikers Heinz Rudolf Kunze und ausgestattet mit zahlreichen farbigen Bildern von \u201eTafiti\u201c-Illustratorin Julia Ginsbach.<\/span><\/td><\/tr><tr><td colspan='2'><a href='#' onclick='history.back(); return false'>Zur\u00fcck<\/a><\/td><\/tr><\/tbody><\/table>\n","protected":false},"excerpt":{"rendered":"","protected":false},"author":1,"featured_media":0,"parent":0,"menu_order":0,"comment_status":"closed","ping_status":"closed","template":"","meta":[],"_links":{"self":[{"href":"https:\/\/www.web-rr.de\/GHS-Buecherei\/index.php\/wp-json\/wp\/v2\/pages\/3454"}],"collection":[{"href":"https:\/\/www.web-rr.de\/GHS-Buecherei\/index.php\/wp-json\/wp\/v2\/pages"}],"about":[{"href":"https:\/\/www.web-rr.de\/GHS-Buecherei\/index.php\/wp-json\/wp\/v2\/types\/page"}],"author":[{"embeddable":true,"href":"https:\/\/www.web-rr.de\/GHS-Buecherei\/index.php\/wp-json\/wp\/v2\/users\/1"}],"replies":[{"embeddable":true,"href":"https:\/\/www.web-rr.de\/GHS-Buecherei\/index.php\/wp-json\/wp\/v2\/comments?post=3454"}],"version-history":[{"count":0,"href":"https:\/\/www.web-rr.de\/GHS-Buecherei\/index.php\/wp-json\/wp\/v2\/pages\/3454\/revisions"}],"wp:attachment":[{"href":"https:\/\/www.web-rr.de\/GHS-Buecherei\/index.php\/wp-json\/wp\/v2\/media?parent=3454"}],"curies":[{"name":"wp","href":"https:\/\/api.w.org\/{rel}","templated":true}]}}