{"id":3448,"date":"2021-02-23T20:00:00","date_gmt":"2021-02-23T20:00:00","guid":{"rendered":"https:\/\/www.web-rr.de\/GHS-Buecherei\/?page_id=3448"},"modified":"2021-02-22T23:59:59","modified_gmt":"2021-02-22T23:59:59","slug":"p9783865590886","status":"publish","type":"page","link":"https:\/\/www.web-rr.de\/GHS-Buecherei\/index.php\/p9783865590886\/","title":{"rendered":"Bilderbuch C-114"},"content":{"rendered":"<table><tbody><tr><td class='rDTitel' colspan='2'>Lara und die Langeweilewolke<\/td><\/tr><tr><td><span class='rDLabel1'>Status: <\/span><span class='rDText1Gruen'>vorhanden<\/span><\/td><td><span class='rDLabel1'>Antolin: <\/span><span class='rDText1Rot'>Quiz nicht vorhanden.<\/span><\/td><\/tr><tr><td width=50%><img src='https:\/\/www.web-rr.de\/GHS-Buecherei\/wp-content\/uploads\/9783865590886.jpg' alt=''><\/td><td><p class='rDLabel2'>von <span class='rDText2'>Vivien Horesch<\/span><\/p><p class='rDLabel2'>Verlag: <span class='rDText2'>Albarello,  2015,  12.90 \u20ac<\/span><\/p><p class='rDLabel2'>B\u00fccherei-Barcode: <span class='rDText2'>9783865590886<\/span><\/p><p class='rDLabel2'>In der B\u00fccherei erfasst am: <span class='rDText2'>01.05.2016<\/span><\/p><p class='rDLabel2'>Stichw\u00f6rter: <span class='rDText2'>Langeweile, Kreativit\u00e4t, Fantasie<\/span><\/p><p class='rDLabel2'>Lesealter ca. <span class='rDText2'>-<\/span><span class='rDLabel2'> Jahre<\/span><\/p><p class='rDLabel2'>Das Buch wurde <span class='rDText2'>0<\/span><span class='rDLabel2'> mal gelesen.<\/span><\/p><\/td><\/tr><tr><td colspan='2'><p class='rDLabel1'>Inhalt:<\/p><span class='rDText2'>Lara langweilt sich heute. So sehr, dass pl\u00f6tzlich eine graue Langeweilewolke um sie herumschwebt. Lara hat keine Spielideen, denn die Langeweilewolke macht alles grau. An anderen Tagen hat Lara immer viel vor, dann ist ihr nicht langweilig aber sie muss sich st\u00e4ndig beeilen. Schlie\u00dflich merkt Lara, dass die Langeweile auch etwas Gutes hat: Lara hat Zeit f\u00fcr sich selbst, sie ist ihre eigene Bestimmerin und die Spielideen kommen von ganz allein. Und die graue Langeweilewolke verschwindet wieder. Der volle Terminkalender l\u00e4sst Kindern und Eltern manchmal kaum Zeit, auf die eigenen Bed\u00fcrfnisse zu h\u00f6ren. Zeiten, die nicht verplant sind, empfinden Kinder h\u00e4ufig als Langeweile. Dabei sind solche selbstbestimmten Zeiten wichtig f\u00fcr die Entwicklung der Kinder. Sie lernen, eigene Ideen und Kreativit\u00e4t zu entwickeln, Zeit mit sich selbst zu verbringen und nach dem eigenen Empfinden zu leben. \u00bbLara und die Langeweilewolke\u00ab vermittelt auf einfache Weise, dass Langeweile auch Freir\u00e4ume f\u00fcr Kreativit\u00e4t und Fantasie schaffen kann.<\/span><\/td><\/tr><tr><td colspan='2'><a href='#' onclick='history.back(); return false'>Zur\u00fcck<\/a><\/td><\/tr><\/tbody><\/table>\n","protected":false},"excerpt":{"rendered":"","protected":false},"author":1,"featured_media":0,"parent":0,"menu_order":0,"comment_status":"closed","ping_status":"closed","template":"","meta":[],"_links":{"self":[{"href":"https:\/\/www.web-rr.de\/GHS-Buecherei\/index.php\/wp-json\/wp\/v2\/pages\/3448"}],"collection":[{"href":"https:\/\/www.web-rr.de\/GHS-Buecherei\/index.php\/wp-json\/wp\/v2\/pages"}],"about":[{"href":"https:\/\/www.web-rr.de\/GHS-Buecherei\/index.php\/wp-json\/wp\/v2\/types\/page"}],"author":[{"embeddable":true,"href":"https:\/\/www.web-rr.de\/GHS-Buecherei\/index.php\/wp-json\/wp\/v2\/users\/1"}],"replies":[{"embeddable":true,"href":"https:\/\/www.web-rr.de\/GHS-Buecherei\/index.php\/wp-json\/wp\/v2\/comments?post=3448"}],"version-history":[{"count":0,"href":"https:\/\/www.web-rr.de\/GHS-Buecherei\/index.php\/wp-json\/wp\/v2\/pages\/3448\/revisions"}],"wp:attachment":[{"href":"https:\/\/www.web-rr.de\/GHS-Buecherei\/index.php\/wp-json\/wp\/v2\/media?parent=3448"}],"curies":[{"name":"wp","href":"https:\/\/api.w.org\/{rel}","templated":true}]}}