{"id":3444,"date":"2021-02-23T20:00:00","date_gmt":"2021-02-23T20:00:00","guid":{"rendered":"https:\/\/www.web-rr.de\/GHS-Buecherei\/?page_id=3444"},"modified":"2021-02-22T23:59:59","modified_gmt":"2021-02-22T23:59:59","slug":"p9783468210037","status":"publish","type":"page","link":"https:\/\/www.web-rr.de\/GHS-Buecherei\/index.php\/p9783468210037\/","title":{"rendered":"Bilderbuch C-110"},"content":{"rendered":"<table><tbody><tr><td class='rDTitel' colspan='2'>Die Tuschelmuscheln - Bilderbuch: PiNGPONG<\/td><\/tr><tr><td><span class='rDLabel1'>Status: <\/span><span class='rDText1Gruen'>vorhanden<\/span><\/td><td><span class='rDLabel1'>Antolin: <\/span><span class='rDText1Gruen'>ja, Empfehlung Klasse 1<\/span><\/td><\/tr><tr><td width=50%><img src='https:\/\/www.web-rr.de\/GHS-Buecherei\/wp-content\/uploads\/9783468210037.jpg' alt=''><\/td><td><p class='rDLabel2'>von <span class='rDText2'>Christian No\u00df<\/span><\/p><p class='rDLabel2'>Verlag: <span class='rDText2'>Langenscheidt,  2013,  12.99 \u20ac<\/span><\/p><p class='rDLabel2'>B\u00fccherei-Barcode: <span class='rDText2'>9783468210037<\/span><\/p><p class='rDLabel2'>In der B\u00fccherei erfasst am: <span class='rDText2'>01.03.2015<\/span><\/p><p class='rDLabel2'>Stichw\u00f6rter: <span class='rDText2'>Reime, Gedichte<\/span><\/p><p class='rDLabel2'>Lesealter ca. <span class='rDText2'>6<\/span><span class='rDLabel2'> Jahre<\/span><\/p><p class='rDLabel2'>Das Buch wurde <span class='rDText2'>1<\/span><span class='rDLabel2'> mal gelesen.<\/span><\/p><\/td><\/tr><tr><td colspan='2'><p class='rDLabel1'>Inhalt:<\/p><span class='rDText2'>\"Die Tuschelmuscheln am Meeresgrunde langweilten sich zu sp\u00e4ter Stunde ...\" Doch schon zeigt die Tiefseefee den Muscheln ihre schillernde Welt und stellt ihnen die seltensten Tiere der Welt vor. Komm auch du mit und lerne M\u00fcffelb\u00fcffel, Schmatzekatze und Reimschwein kennen! Ein deutschsprachiges Bilderbuch f\u00fcr Kinder ab f\u00fcnf Jahren aus der Reihe PiNGPONG!Fantasiespr\u00fchender Reimespa\u00df zum Mit- und Selberdichten:\u00b7         Kreative Reimtierpaare, die Spa\u00df machen und anregen, selbst mit Sprache zu spielen\u00b7         R\u00e4tselreime regen zum aktiven Mitraten an\u00b7         Fantasievolle Illustrationen mit vielen Details zum Entdecken\u00b7         Zus\u00e4tzliche Reimtiere erm\u00f6glichen selbstst\u00e4ndiges Weiterreimen<\/span><\/td><\/tr><tr><td colspan='2'><a href='#' onclick='history.back(); return false'>Zur\u00fcck<\/a><\/td><\/tr><\/tbody><\/table>\n","protected":false},"excerpt":{"rendered":"","protected":false},"author":1,"featured_media":0,"parent":0,"menu_order":0,"comment_status":"closed","ping_status":"closed","template":"","meta":[],"_links":{"self":[{"href":"https:\/\/www.web-rr.de\/GHS-Buecherei\/index.php\/wp-json\/wp\/v2\/pages\/3444"}],"collection":[{"href":"https:\/\/www.web-rr.de\/GHS-Buecherei\/index.php\/wp-json\/wp\/v2\/pages"}],"about":[{"href":"https:\/\/www.web-rr.de\/GHS-Buecherei\/index.php\/wp-json\/wp\/v2\/types\/page"}],"author":[{"embeddable":true,"href":"https:\/\/www.web-rr.de\/GHS-Buecherei\/index.php\/wp-json\/wp\/v2\/users\/1"}],"replies":[{"embeddable":true,"href":"https:\/\/www.web-rr.de\/GHS-Buecherei\/index.php\/wp-json\/wp\/v2\/comments?post=3444"}],"version-history":[{"count":0,"href":"https:\/\/www.web-rr.de\/GHS-Buecherei\/index.php\/wp-json\/wp\/v2\/pages\/3444\/revisions"}],"wp:attachment":[{"href":"https:\/\/www.web-rr.de\/GHS-Buecherei\/index.php\/wp-json\/wp\/v2\/media?parent=3444"}],"curies":[{"name":"wp","href":"https:\/\/api.w.org\/{rel}","templated":true}]}}