{"id":3438,"date":"2021-02-23T20:00:00","date_gmt":"2021-02-23T20:00:00","guid":{"rendered":"https:\/\/www.web-rr.de\/GHS-Buecherei\/?page_id=3438"},"modified":"2021-02-22T23:59:59","modified_gmt":"2021-02-22T23:59:59","slug":"p9783836958394","status":"publish","type":"page","link":"https:\/\/www.web-rr.de\/GHS-Buecherei\/index.php\/p9783836958394\/","title":{"rendered":"Bilderbuch C-104"},"content":{"rendered":"<table><tbody><tr><td class='rDTitel' colspan='2'>Ganz sch\u00f6n langweilig<\/td><\/tr><tr><td><span class='rDLabel1'>Status: <\/span><span class='rDText1Gruen'>vorhanden<\/span><\/td><td><span class='rDLabel1'>Antolin: <\/span><span class='rDText1Gruen'>ja, Empfehlung Klasse 1<\/span><\/td><\/tr><tr><td width=50%><img src='https:\/\/www.web-rr.de\/GHS-Buecherei\/wp-content\/uploads\/9783836958394.jpg' alt=''><\/td><td><p class='rDLabel2'>von <span class='rDText2'>Henrike Wilson<\/span><\/p><p class='rDLabel2'>Verlag: <span class='rDText2'>Gerstenberg Verlag,  2015,  12.95 \u20ac<\/span><\/p><p class='rDLabel2'>B\u00fccherei-Barcode: <span class='rDText2'>9783836958394<\/span><\/p><p class='rDLabel2'>In der B\u00fccherei erfasst am: <span class='rDText2'>01.05.2016<\/span><\/p><p class='rDLabel2'>Stichw\u00f6rter: <span class='rDText2'><\/span><\/p><p class='rDLabel2'>Lesealter ca. <span class='rDText2'>6<\/span><span class='rDLabel2'> Jahre<\/span><\/p><p class='rDLabel2'>Das Buch wurde <span class='rDText2'>0<\/span><span class='rDLabel2'> mal gelesen.<\/span><\/p><\/td><\/tr><tr><td colspan='2'><p class='rDLabel1'>Inhalt:<\/p><span class='rDText2'>Ein kleiner B\u00e4r trottet durch den Wald und wei\u00df nicht, wohin mit sich. Ihm ist langweilig, niemand hat Zeit, alle sind besch\u00e4ftigt. Schlie\u00dflich l\u00e4sst er sich einfach fallen und tut nichts, absolut nichts. Und obwohl er nichts tut, passiert eine ganze Menge. Nach und nach wird er ruhig und seine Sinne erwachen. Er beginnt, die Ger\u00e4usche um sich herum wahrzunehmen, er wittert, sp\u00fcrt, sieht und entdeckt immer mehr, was ihn da alles umgibt. Sein Kopf wird frei und seine Neugierde erwacht. Vergn\u00fcgt und erholt bricht er auf zu seinem n\u00e4chsten Abenteuer. Henrike Wilson erinnert in intensiven Bildern an den Wert und die Notwendigkeit von langer Weile, von unverplanter, freier Zeit. Sie zu genie\u00dfen, macht gl\u00fccklich.<\/span><\/td><\/tr><tr><td colspan='2'><a href='#' onclick='history.back(); return false'>Zur\u00fcck<\/a><\/td><\/tr><\/tbody><\/table>\n","protected":false},"excerpt":{"rendered":"","protected":false},"author":1,"featured_media":0,"parent":0,"menu_order":0,"comment_status":"closed","ping_status":"closed","template":"","meta":[],"_links":{"self":[{"href":"https:\/\/www.web-rr.de\/GHS-Buecherei\/index.php\/wp-json\/wp\/v2\/pages\/3438"}],"collection":[{"href":"https:\/\/www.web-rr.de\/GHS-Buecherei\/index.php\/wp-json\/wp\/v2\/pages"}],"about":[{"href":"https:\/\/www.web-rr.de\/GHS-Buecherei\/index.php\/wp-json\/wp\/v2\/types\/page"}],"author":[{"embeddable":true,"href":"https:\/\/www.web-rr.de\/GHS-Buecherei\/index.php\/wp-json\/wp\/v2\/users\/1"}],"replies":[{"embeddable":true,"href":"https:\/\/www.web-rr.de\/GHS-Buecherei\/index.php\/wp-json\/wp\/v2\/comments?post=3438"}],"version-history":[{"count":0,"href":"https:\/\/www.web-rr.de\/GHS-Buecherei\/index.php\/wp-json\/wp\/v2\/pages\/3438\/revisions"}],"wp:attachment":[{"href":"https:\/\/www.web-rr.de\/GHS-Buecherei\/index.php\/wp-json\/wp\/v2\/media?parent=3438"}],"curies":[{"name":"wp","href":"https:\/\/api.w.org\/{rel}","templated":true}]}}