{"id":3432,"date":"2021-02-23T20:00:00","date_gmt":"2021-02-23T20:00:00","guid":{"rendered":"https:\/\/www.web-rr.de\/GHS-Buecherei\/?page_id=3432"},"modified":"2021-02-22T23:59:59","modified_gmt":"2021-02-22T23:59:59","slug":"p9783779502739","status":"publish","type":"page","link":"https:\/\/www.web-rr.de\/GHS-Buecherei\/index.php\/p9783779502739\/","title":{"rendered":"Bilderbuch C-98"},"content":{"rendered":"<table><tbody><tr><td class='rDTitel' colspan='2'>Wenn der L\u00f6we br\u00fcllt<\/td><\/tr><tr><td><span class='rDLabel1'>Status: <\/span><span class='rDText1Gruen'>vorhanden<\/span><\/td><td><span class='rDLabel1'>Antolin: <\/span><span class='rDText1Gruen'>ja, Empfehlung Klasse 2<\/span><\/td><\/tr><tr><td width=50%><img src='https:\/\/www.web-rr.de\/GHS-Buecherei\/wp-content\/uploads\/9783779502739.jpg' alt=''><\/td><td><p class='rDLabel2'>von <span class='rDText2'>Nasrin Siege<\/span><\/p><p class='rDLabel2'>Verlag: <span class='rDText2'>Hammer,  2009,  15.90 \u20ac<\/span><\/p><p class='rDLabel2'>B\u00fccherei-Barcode: <span class='rDText2'>9783779502739<\/span><\/p><p class='rDLabel2'>In der B\u00fccherei erfasst am: <span class='rDText2'>01.03.2015<\/span><\/p><p class='rDLabel2'>Stichw\u00f6rter: <span class='rDText2'>Stra\u00dfenkinder, Armut, Afrika<\/span><\/p><p class='rDLabel2'>Lesealter ca. <span class='rDText2'>6<\/span><span class='rDLabel2'> Jahre<\/span><\/p><p class='rDLabel2'>Das Buch wurde <span class='rDText2'>2<\/span><span class='rDLabel2'> mal gelesen.<\/span><\/p><\/td><\/tr><tr><td colspan='2'><p class='rDLabel1'>Inhalt:<\/p><span class='rDText2'>Ein L\u00f6we, der fressen muss, wird unruhig und beginnt leise zu knurren, genau wie ein leerer Magen. Irgendwann rei\u00dft er sein Maul weit auf und br\u00fcllt entsetzlich. Dann ist es allerh\u00f6chste Zeit!Die beiden Jungen Emanuel und Bilali leben mit diesem L\u00f6wen, sie kennen ihn genau. Wenn sie morgens aufwachen, ist kein Tisch gedeckt und nach dem Spielen wartet keine Mahlzeit auf sie. Die beiden leben auf der Stra\u00dfe und wenn sie Hunger haben, m\u00fcssen sie sich etwas suchen. Sie wissen eigentlich ganz gut, wie man das macht. Wenn Markt ist, gibt ihnen Ali von seinen Tomaten. Oder sie arbeiten als Autow\u00e4scher, bis das Geld f\u00fcr s\u00fc\u00dfen Tee reicht. Manchmal betteln sie auch. Oder sie stehlen, wenn der L\u00f6we richtig br\u00fcllt.Sonst tun Emanuel und Bilali, was andere Kinder auch tun. Sie spielen in der Sonne und lachen und denken sich aus, wie es wird, wenn sie gro\u00df sind und Busfahrer oder Pr\u00e4sident.Die Stra\u00dfenkinder im beeindruckenden Bilderbuch von Nasrin Siege und Barbara Nascimbeni kommen uns sehr nah. Sie n\u00f6tigen uns Respekt ab, sind viel mehr als Opfer und nichts weniger als Schattenwesen. Sie sind wie unsere Kinder: verspielt, hoffnungsvoll, liebenswert.<\/span><\/td><\/tr><tr><td colspan='2'><a href='#' onclick='history.back(); return false'>Zur\u00fcck<\/a><\/td><\/tr><\/tbody><\/table>\n","protected":false},"excerpt":{"rendered":"","protected":false},"author":1,"featured_media":0,"parent":0,"menu_order":0,"comment_status":"closed","ping_status":"closed","template":"","meta":[],"_links":{"self":[{"href":"https:\/\/www.web-rr.de\/GHS-Buecherei\/index.php\/wp-json\/wp\/v2\/pages\/3432"}],"collection":[{"href":"https:\/\/www.web-rr.de\/GHS-Buecherei\/index.php\/wp-json\/wp\/v2\/pages"}],"about":[{"href":"https:\/\/www.web-rr.de\/GHS-Buecherei\/index.php\/wp-json\/wp\/v2\/types\/page"}],"author":[{"embeddable":true,"href":"https:\/\/www.web-rr.de\/GHS-Buecherei\/index.php\/wp-json\/wp\/v2\/users\/1"}],"replies":[{"embeddable":true,"href":"https:\/\/www.web-rr.de\/GHS-Buecherei\/index.php\/wp-json\/wp\/v2\/comments?post=3432"}],"version-history":[{"count":0,"href":"https:\/\/www.web-rr.de\/GHS-Buecherei\/index.php\/wp-json\/wp\/v2\/pages\/3432\/revisions"}],"wp:attachment":[{"href":"https:\/\/www.web-rr.de\/GHS-Buecherei\/index.php\/wp-json\/wp\/v2\/media?parent=3432"}],"curies":[{"name":"wp","href":"https:\/\/api.w.org\/{rel}","templated":true}]}}