{"id":3431,"date":"2021-02-23T20:00:00","date_gmt":"2021-02-23T20:00:00","guid":{"rendered":"https:\/\/www.web-rr.de\/GHS-Buecherei\/?page_id=3431"},"modified":"2021-02-22T23:59:59","modified_gmt":"2021-02-22T23:59:59","slug":"p9783779501497","status":"publish","type":"page","link":"https:\/\/www.web-rr.de\/GHS-Buecherei\/index.php\/p9783779501497\/","title":{"rendered":"Bilderbuch C-97"},"content":{"rendered":"<table><tbody><tr><td class='rDTitel' colspan='2'>Die schlaue Mama Sambona<\/td><\/tr><tr><td><span class='rDLabel1'>Status: <\/span><span class='rDText1Gruen'>vorhanden<\/span><\/td><td><span class='rDLabel1'>Antolin: <\/span><span class='rDText1Gruen'>ja, Empfehlung Klasse 3<\/span><\/td><\/tr><tr><td width=50%><img src='https:\/\/www.web-rr.de\/GHS-Buecherei\/wp-content\/uploads\/9783779501497.jpg' alt=''><\/td><td><p class='rDLabel2'>von <span class='rDText2'>Hermann Schulz<\/span><\/p><p class='rDLabel2'>Verlag: <span class='rDText2'>Hammer,  2007,  13.90 \u20ac<\/span><\/p><p class='rDLabel2'>B\u00fccherei-Barcode: <span class='rDText2'>9783779501497<\/span><\/p><p class='rDLabel2'>In der B\u00fccherei erfasst am: <span class='rDText2'>01.03.2015<\/span><\/p><p class='rDLabel2'>Stichw\u00f6rter: <span class='rDText2'>Afrika, Tod<\/span><\/p><p class='rDLabel2'>Lesealter ca. <span class='rDText2'>7<\/span><span class='rDLabel2'> Jahre<\/span><\/p><p class='rDLabel2'>Das Buch wurde <span class='rDText2'>2<\/span><span class='rDLabel2'> mal gelesen.<\/span><\/p><\/td><\/tr><tr><td colspan='2'><p class='rDLabel1'>Inhalt:<\/p><span class='rDText2'>Auf einer Insel im Ukerewe-See, im Herzen Afrikas, lebt Mama Sambona, die kluge alte K\u00f6nigin. Weil es ihr im Palast zu stickig ist, wohnt sie in einer bescheidenen Holzh\u00fctte. Sie liebt es, auf dem Feld zu arbeiten, eine Tasse Tee auf der Veranda zu trinken und mit ihrer Nichte Goldmarie die Hausaufgaben zu machen.Zu Mama Sambona kommt eines Tages ein eleganter Herr, der m\u00f6chte sie holen, um sie zu ihren Ahnen zu bringen: Es ist der Tod. Die kluge Alte aber macht dem Tod einen Strich durch die Rechnung. So viele Dinge sind noch zu tun, da wird er wohl noch warten m\u00fcssen! Mama Sambona kennt sich nicht nur mit dem Tod, sondern besser noch mit dem Leben aus: So l\u00e4dt sie den eleganten Herrn zu einem gro\u00dfen Fest ein und hier nun geschieht das Unvorstellbare: Mama Sambona fordert den Tod zum Tanz auf und dieser l\u00e4sst sich verf\u00fchren \u2013 vom Rhythmus der Trommeln, von der Freude, vom Leben.<\/span><\/td><\/tr><tr><td colspan='2'><a href='#' onclick='history.back(); return false'>Zur\u00fcck<\/a><\/td><\/tr><\/tbody><\/table>\n","protected":false},"excerpt":{"rendered":"","protected":false},"author":1,"featured_media":0,"parent":0,"menu_order":0,"comment_status":"closed","ping_status":"closed","template":"","meta":[],"_links":{"self":[{"href":"https:\/\/www.web-rr.de\/GHS-Buecherei\/index.php\/wp-json\/wp\/v2\/pages\/3431"}],"collection":[{"href":"https:\/\/www.web-rr.de\/GHS-Buecherei\/index.php\/wp-json\/wp\/v2\/pages"}],"about":[{"href":"https:\/\/www.web-rr.de\/GHS-Buecherei\/index.php\/wp-json\/wp\/v2\/types\/page"}],"author":[{"embeddable":true,"href":"https:\/\/www.web-rr.de\/GHS-Buecherei\/index.php\/wp-json\/wp\/v2\/users\/1"}],"replies":[{"embeddable":true,"href":"https:\/\/www.web-rr.de\/GHS-Buecherei\/index.php\/wp-json\/wp\/v2\/comments?post=3431"}],"version-history":[{"count":0,"href":"https:\/\/www.web-rr.de\/GHS-Buecherei\/index.php\/wp-json\/wp\/v2\/pages\/3431\/revisions"}],"wp:attachment":[{"href":"https:\/\/www.web-rr.de\/GHS-Buecherei\/index.php\/wp-json\/wp\/v2\/media?parent=3431"}],"curies":[{"name":"wp","href":"https:\/\/api.w.org\/{rel}","templated":true}]}}