{"id":3418,"date":"2021-02-23T20:00:00","date_gmt":"2021-02-23T20:00:00","guid":{"rendered":"https:\/\/www.web-rr.de\/GHS-Buecherei\/?page_id=3418"},"modified":"2021-02-22T23:59:59","modified_gmt":"2021-02-22T23:59:59","slug":"p9783701720804","status":"publish","type":"page","link":"https:\/\/www.web-rr.de\/GHS-Buecherei\/index.php\/p9783701720804\/","title":{"rendered":"Bilderbuch C-84"},"content":{"rendered":"<table><tbody><tr><td class='rDTitel' colspan='2'>Sa\u00df ein Ungeheuer auf dem Dach<\/td><\/tr><tr><td><span class='rDLabel1'>Status: <\/span><span class='rDText1Gruen'>vorhanden<\/span><\/td><td><span class='rDLabel1'>Antolin: <\/span><span class='rDText1Rot'>Quiz nicht vorhanden.<\/span><\/td><\/tr><tr><td width=50%><img src='https:\/\/www.web-rr.de\/GHS-Buecherei\/wp-content\/uploads\/9783701720804.jpg' alt=''><\/td><td><p class='rDLabel2'>von <span class='rDText2'>Dorothea Lachner<\/span><\/p><p class='rDLabel2'>Verlag: <span class='rDText2'>Residenz Verlag,  2011,  14.90 \u20ac<\/span><\/p><p class='rDLabel2'>B\u00fccherei-Barcode: <span class='rDText2'>9783701720804<\/span><\/p><p class='rDLabel2'>In der B\u00fccherei erfasst am: <span class='rDText2'>01.04.2013<\/span><\/p><p class='rDLabel2'>Stichw\u00f6rter: <span class='rDText2'>Katze, Hund, Ungeheuer<\/span><\/p><p class='rDLabel2'>Lesealter ca. <span class='rDText2'>-<\/span><span class='rDLabel2'> Jahre<\/span><\/p><p class='rDLabel2'>Das Buch wurde <span class='rDText2'>0<\/span><span class='rDLabel2'> mal gelesen.<\/span><\/p><\/td><\/tr><tr><td colspan='2'><p class='rDLabel1'>Inhalt:<\/p><span class='rDText2'>Katze und Hund: ganz klar, das bedeutet Zank, Zoff, Zores, Zwist, Hickhack, Clinch, Krach, Knatsch, Krawall und Wickel. Das Dumme daran: Auf dem Dach hockt ein Ungeheuer. Ganz klein zuerst, unauff\u00e4llig und kaum zu erkennen. Je mehr jedoch die Fetzen fliegen, desto gr\u00f6\u00dfer wird das Ungeheuer. W\u00e4chst und w\u00e4chst und macht sich mit seinem dicken Hintern auf dem Dach breit. So breit, dass das ganze Haus einzust\u00fcrzen droht. Katze und Hund sind nicht dumm. Kurzzeitig verb\u00fcnden sie sich, um das Ungeheuer vom Dach zu kippen. Leider gehen alle schlauen Pl\u00e4ne geh\u00f6rig nach hinten los. Wie der Kampf gegen das Ungeheuer doch noch gl\u00fcckt und wie die Geschichte von Katze und Hund eine \u00fcberraschende Wendung nimmt, das steckt voll Poesie, Witz und hinrei\u00dfend frechen Bildern.<\/span><\/td><\/tr><tr><td colspan='2'><a href='#' onclick='history.back(); return false'>Zur\u00fcck<\/a><\/td><\/tr><\/tbody><\/table>\n","protected":false},"excerpt":{"rendered":"","protected":false},"author":1,"featured_media":0,"parent":0,"menu_order":0,"comment_status":"closed","ping_status":"closed","template":"","meta":[],"_links":{"self":[{"href":"https:\/\/www.web-rr.de\/GHS-Buecherei\/index.php\/wp-json\/wp\/v2\/pages\/3418"}],"collection":[{"href":"https:\/\/www.web-rr.de\/GHS-Buecherei\/index.php\/wp-json\/wp\/v2\/pages"}],"about":[{"href":"https:\/\/www.web-rr.de\/GHS-Buecherei\/index.php\/wp-json\/wp\/v2\/types\/page"}],"author":[{"embeddable":true,"href":"https:\/\/www.web-rr.de\/GHS-Buecherei\/index.php\/wp-json\/wp\/v2\/users\/1"}],"replies":[{"embeddable":true,"href":"https:\/\/www.web-rr.de\/GHS-Buecherei\/index.php\/wp-json\/wp\/v2\/comments?post=3418"}],"version-history":[{"count":0,"href":"https:\/\/www.web-rr.de\/GHS-Buecherei\/index.php\/wp-json\/wp\/v2\/pages\/3418\/revisions"}],"wp:attachment":[{"href":"https:\/\/www.web-rr.de\/GHS-Buecherei\/index.php\/wp-json\/wp\/v2\/media?parent=3418"}],"curies":[{"name":"wp","href":"https:\/\/api.w.org\/{rel}","templated":true}]}}