{"id":3417,"date":"2021-02-23T20:00:00","date_gmt":"2021-02-23T20:00:00","guid":{"rendered":"https:\/\/www.web-rr.de\/GHS-Buecherei\/?page_id=3417"},"modified":"2021-02-22T23:59:59","modified_gmt":"2021-02-22T23:59:59","slug":"p9783830311331","status":"publish","type":"page","link":"https:\/\/www.web-rr.de\/GHS-Buecherei\/index.php\/p9783830311331\/","title":{"rendered":"Bilderbuch C-83"},"content":{"rendered":"<table><tbody><tr><td class='rDTitel' colspan='2'>Der durstige L\u00f6we<\/td><\/tr><tr><td><span class='rDLabel1'>Status: <\/span><span class='rDText1Gruen'>vorhanden<\/span><\/td><td><span class='rDLabel1'>Antolin: <\/span><span class='rDText1Gruen'>ja, Empfehlung Klasse 2<\/span><\/td><\/tr><tr><td width=50%><img src='https:\/\/www.web-rr.de\/GHS-Buecherei\/wp-content\/uploads\/9783830311331.jpg' alt=''><\/td><td><p class='rDLabel2'>von <span class='rDText2'>Heike Ellermann<\/span><\/p><p class='rDLabel2'>Verlag: <span class='rDText2'>Lappan Verlag,  2008,  12.95 \u20ac<\/span><\/p><p class='rDLabel2'>B\u00fccherei-Barcode: <span class='rDText2'>9783830311331<\/span><\/p><p class='rDLabel2'>In der B\u00fccherei erfasst am: <span class='rDText2'>01.04.2013<\/span><\/p><p class='rDLabel2'>Stichw\u00f6rter: <span class='rDText2'>L\u00f6we, W\u00fcste, Zivilisation<\/span><\/p><p class='rDLabel2'>Lesealter ca. <span class='rDText2'>6<\/span><span class='rDLabel2'> Jahre<\/span><\/p><p class='rDLabel2'>Das Buch wurde <span class='rDText2'>0<\/span><span class='rDLabel2'> mal gelesen.<\/span><\/p><\/td><\/tr><tr><td colspan='2'><p class='rDLabel1'>Inhalt:<\/p><span class='rDText2'>Der L\u00f6we irrt durch den W\u00fcstensand. Er hat Durst, f\u00fcrchterlichen Durst. Bis er an das rettende Wasser kommt, ist es ein langer Weg und eine fast unglaubliche, eine beinahe unendliche, aber dann doch zu guter Letzt: Eine erfrischende Geschichte ... Wie schon in ihrem erfolgreichen Bilderbuch \"Die blaue Maschine\" verkn\u00fcpft die Autorin ihre k\u00fcnstlerischen Illustrationen mit einer humorvollen Geschichte. Besonders witzig sind die in den collagierten Bildern versteckten Hinweise auf den Fortgang der Geschichte und der verspielte Umgang mit dem Gegensatz W\u00fcste\/Zivilisation. Die an vielen Schulklassen erprobte Geschichtenerz\u00e4hlerin Heike Ellermann erz\u00e4hlt ihre Geschichte mit einfachen Worten temporeich und spannend. Dabei geht ihr Text immer knapp an den detailreichen Bildern vorbei und vermeidet so jede Dopplung von Bild und Text.<\/span><\/td><\/tr><tr><td colspan='2'><a href='#' onclick='history.back(); return false'>Zur\u00fcck<\/a><\/td><\/tr><\/tbody><\/table>\n","protected":false},"excerpt":{"rendered":"","protected":false},"author":1,"featured_media":0,"parent":0,"menu_order":0,"comment_status":"closed","ping_status":"closed","template":"","meta":[],"_links":{"self":[{"href":"https:\/\/www.web-rr.de\/GHS-Buecherei\/index.php\/wp-json\/wp\/v2\/pages\/3417"}],"collection":[{"href":"https:\/\/www.web-rr.de\/GHS-Buecherei\/index.php\/wp-json\/wp\/v2\/pages"}],"about":[{"href":"https:\/\/www.web-rr.de\/GHS-Buecherei\/index.php\/wp-json\/wp\/v2\/types\/page"}],"author":[{"embeddable":true,"href":"https:\/\/www.web-rr.de\/GHS-Buecherei\/index.php\/wp-json\/wp\/v2\/users\/1"}],"replies":[{"embeddable":true,"href":"https:\/\/www.web-rr.de\/GHS-Buecherei\/index.php\/wp-json\/wp\/v2\/comments?post=3417"}],"version-history":[{"count":0,"href":"https:\/\/www.web-rr.de\/GHS-Buecherei\/index.php\/wp-json\/wp\/v2\/pages\/3417\/revisions"}],"wp:attachment":[{"href":"https:\/\/www.web-rr.de\/GHS-Buecherei\/index.php\/wp-json\/wp\/v2\/media?parent=3417"}],"curies":[{"name":"wp","href":"https:\/\/api.w.org\/{rel}","templated":true}]}}