{"id":3414,"date":"2021-02-23T20:00:00","date_gmt":"2021-02-23T20:00:00","guid":{"rendered":"https:\/\/www.web-rr.de\/GHS-Buecherei\/?page_id=3414"},"modified":"2021-02-22T23:59:59","modified_gmt":"2021-02-22T23:59:59","slug":"p9783715206073","status":"publish","type":"page","link":"https:\/\/www.web-rr.de\/GHS-Buecherei\/index.php\/p9783715206073\/","title":{"rendered":"Bilderbuch C-80"},"content":{"rendered":"<table><tbody><tr><td class='rDTitel' colspan='2'>Oma Emma Mama<\/td><\/tr><tr><td><span class='rDLabel1'>Status: <\/span><span class='rDText1Gruen'>vorhanden<\/span><\/td><td><span class='rDLabel1'>Antolin: <\/span><span class='rDText1Gruen'>ja, Empfehlung Klasse 2<\/span><\/td><\/tr><tr><td width=50%><img src='https:\/\/www.web-rr.de\/GHS-Buecherei\/wp-content\/uploads\/9783715206073.jpg' alt=''><\/td><td><p class='rDLabel2'>von <span class='rDText2'>Lorenz Pauli<\/span><\/p><p class='rDLabel2'>Verlag: <span class='rDText2'>Atlantis Verlag,  2010,  14.95 \u20ac<\/span><\/p><p class='rDLabel2'>B\u00fccherei-Barcode: <span class='rDText2'>9783715206073<\/span><\/p><p class='rDLabel2'>In der B\u00fccherei erfasst am: <span class='rDText2'>01.04.2013<\/span><\/p><p class='rDLabel2'>Stichw\u00f6rter: <span class='rDText2'>Tiere, Familie, Gro\u00dfeltern<\/span><\/p><p class='rDLabel2'>Lesealter ca. <span class='rDText2'>6<\/span><span class='rDLabel2'> Jahre<\/span><\/p><p class='rDLabel2'>Das Buch wurde <span class='rDText2'>1<\/span><span class='rDLabel2'> mal gelesen.<\/span><\/p><\/td><\/tr><tr><td colspan='2'><p class='rDLabel1'>Inhalt:<\/p><span class='rDText2'>Emma will Verstecken spielen. Aber Oma lacht, Cham\u00e4leons sind doch ohnehin versteckt. Emma reagiert ver\u00e4rgert: \"Wenn ich eine Idee habe, dann hilft niemand. Und wenn ich etwas alleine machen will, dann darf ich nicht\". Das kennt Oma nur zu gut, und deshalb beginnt sie zu z\u00e4hlen, w\u00e4hrend Emma ein Versteck sucht: im Stinkbl\u00fctenstrauch? Zwischen Igelm\u00e4usen? Hinter einem Baumstamm? Doch schon ruft Mama. Sie sucht Oma. Und Oma rollt die Augen: \"Wenn ich etwas alleine machen will, dann darf ich nicht ...\" Das Versteckspiel wird zum Spiel mit den Rollen. Oder sind die Erfahrungen von Oma, und Emma am Ende gar nicht so verschieden? Vers\u00f6hnlich und mit viel Witz erz\u00e4hlt Lorenz Pauli von einem Generationenthema, das alle kennen. Und Kathrin Sch\u00e4rer ver\u00e4ndert nicht einfach Emmas Farben, vielmehr braucht sie ihre Illustrationskunst f\u00fcr neue Verwandlungsk\u00fcnste.<\/span><\/td><\/tr><tr><td colspan='2'><a href='#' onclick='history.back(); return false'>Zur\u00fcck<\/a><\/td><\/tr><\/tbody><\/table>\n","protected":false},"excerpt":{"rendered":"","protected":false},"author":1,"featured_media":0,"parent":0,"menu_order":0,"comment_status":"closed","ping_status":"closed","template":"","meta":[],"_links":{"self":[{"href":"https:\/\/www.web-rr.de\/GHS-Buecherei\/index.php\/wp-json\/wp\/v2\/pages\/3414"}],"collection":[{"href":"https:\/\/www.web-rr.de\/GHS-Buecherei\/index.php\/wp-json\/wp\/v2\/pages"}],"about":[{"href":"https:\/\/www.web-rr.de\/GHS-Buecherei\/index.php\/wp-json\/wp\/v2\/types\/page"}],"author":[{"embeddable":true,"href":"https:\/\/www.web-rr.de\/GHS-Buecherei\/index.php\/wp-json\/wp\/v2\/users\/1"}],"replies":[{"embeddable":true,"href":"https:\/\/www.web-rr.de\/GHS-Buecherei\/index.php\/wp-json\/wp\/v2\/comments?post=3414"}],"version-history":[{"count":0,"href":"https:\/\/www.web-rr.de\/GHS-Buecherei\/index.php\/wp-json\/wp\/v2\/pages\/3414\/revisions"}],"wp:attachment":[{"href":"https:\/\/www.web-rr.de\/GHS-Buecherei\/index.php\/wp-json\/wp\/v2\/media?parent=3414"}],"curies":[{"name":"wp","href":"https:\/\/api.w.org\/{rel}","templated":true}]}}