{"id":3411,"date":"2021-02-23T20:00:00","date_gmt":"2021-02-23T20:00:00","guid":{"rendered":"https:\/\/www.web-rr.de\/GHS-Buecherei\/?page_id=3411"},"modified":"2021-02-22T23:59:59","modified_gmt":"2021-02-22T23:59:59","slug":"p9783407799067","status":"publish","type":"page","link":"https:\/\/www.web-rr.de\/GHS-Buecherei\/index.php\/p9783407799067\/","title":{"rendered":"Bilderbuch C-77"},"content":{"rendered":"<table><tbody><tr><td class='rDTitel' colspan='2'>K\u00f6nigin Gisela: Vierfarbiges Bilderbuch<\/td><\/tr><tr><td><span class='rDLabel1'>Status: <\/span><span class='rDText1Gruen'>vorhanden<\/span><\/td><td><span class='rDLabel1'>Antolin: <\/span><span class='rDText1Gruen'>ja, Empfehlung Klasse 3<\/span><\/td><\/tr><tr><td width=50%><img src='https:\/\/www.web-rr.de\/GHS-Buecherei\/wp-content\/uploads\/9783407799067.jpg' alt=''><\/td><td><p class='rDLabel2'>von <span class='rDText2'>Nikolaus Heidelbach<\/span><\/p><p class='rDLabel2'>Verlag: <span class='rDText2'>Beltz und Gelberg,  2012,  14.95 \u20ac<\/span><\/p><p class='rDLabel2'>B\u00fccherei-Barcode: <span class='rDText2'>9783407799067<\/span><\/p><p class='rDLabel2'>In der B\u00fccherei erfasst am: <span class='rDText2'>01.04.2013<\/span><\/p><p class='rDLabel2'>Stichw\u00f6rter: <span class='rDText2'>Reise, Abenteuer<\/span><\/p><p class='rDLabel2'>Lesealter ca. <span class='rDText2'>7<\/span><span class='rDLabel2'> Jahre<\/span><\/p><p class='rDLabel2'>Das Buch wurde <span class='rDText2'>0<\/span><span class='rDLabel2'> mal gelesen.<\/span><\/p><\/td><\/tr><tr><td colspan='2'><p class='rDLabel1'>Inhalt:<\/p><span class='rDText2'>Stell dir ein kleines M\u00e4dchen vor, das hie\u00df Gisela. Sie wollte eine Weltreise mache, ohne Eltern. Nur kam sie nicht so weit, wie sie dachte, sondern noch viel weiter...Nach seinem gro\u00dfen Andersen-Erfolg ein neues Bilderbuch von Nikolaus Heidelbach - spannend, kurios, gro\u00dfartig.Einmal ist Papa mit seiner Tochter in den Ferien allein ans Meer gefahren. Vor dem Schlafen hat er ihr eine Woche lang die Geschichte von K\u00f6nigin Gisela erz\u00e4hlt: Wie Gisela, nachdem ihr Schiff kenterte, auf einer einsamen Insel strandet, auf der sie von acht Erdm\u00e4nnchen empfangen und sehr zuvorkommend behandelt wird. Von Volker, Helmut, Golo, Thorsten, Dieter, Rolf, Ottmar und dem Franzosen Charles, wie Gisela sie nennt. Es ist ihnen eine Ehre, Gisela das Leben so angenehm wie m\u00f6glich zu machen. Doch wenn man Untertanen hat, dann ist es an der Zeit, daraus Konsequenzen zu ziehen: \u00bbH\u00f6rt mal, Herrschaften, ist euch schon aufgefallen, dass ihr alles tut, was ich sage? Meint ihr nicht auch, wir k\u00f6nnten das Kind beim Namen nennen? Ich dachte an K\u00f6nigin, K\u00f6nigin Gisela! Anrede: Majest\u00e4t.\u00ab Doch Gisela \u00fcbertreibt, und es wird Zeit, dass die Erdm\u00e4nnchen ihren unliebsamen Gast wieder loswerden.Eine fantastische Geschichte von einem eigenwilligen M\u00e4dchen, deren Reiz in den gro\u00dfartigen Bildern von Heidelbach liegt.<\/span><\/td><\/tr><tr><td colspan='2'><a href='#' onclick='history.back(); return false'>Zur\u00fcck<\/a><\/td><\/tr><\/tbody><\/table>\n","protected":false},"excerpt":{"rendered":"","protected":false},"author":1,"featured_media":0,"parent":0,"menu_order":0,"comment_status":"closed","ping_status":"closed","template":"","meta":[],"_links":{"self":[{"href":"https:\/\/www.web-rr.de\/GHS-Buecherei\/index.php\/wp-json\/wp\/v2\/pages\/3411"}],"collection":[{"href":"https:\/\/www.web-rr.de\/GHS-Buecherei\/index.php\/wp-json\/wp\/v2\/pages"}],"about":[{"href":"https:\/\/www.web-rr.de\/GHS-Buecherei\/index.php\/wp-json\/wp\/v2\/types\/page"}],"author":[{"embeddable":true,"href":"https:\/\/www.web-rr.de\/GHS-Buecherei\/index.php\/wp-json\/wp\/v2\/users\/1"}],"replies":[{"embeddable":true,"href":"https:\/\/www.web-rr.de\/GHS-Buecherei\/index.php\/wp-json\/wp\/v2\/comments?post=3411"}],"version-history":[{"count":0,"href":"https:\/\/www.web-rr.de\/GHS-Buecherei\/index.php\/wp-json\/wp\/v2\/pages\/3411\/revisions"}],"wp:attachment":[{"href":"https:\/\/www.web-rr.de\/GHS-Buecherei\/index.php\/wp-json\/wp\/v2\/media?parent=3411"}],"curies":[{"name":"wp","href":"https:\/\/api.w.org\/{rel}","templated":true}]}}