{"id":3409,"date":"2021-02-23T20:00:00","date_gmt":"2021-02-23T20:00:00","guid":{"rendered":"https:\/\/www.web-rr.de\/GHS-Buecherei\/?page_id=3409"},"modified":"2021-02-22T23:59:59","modified_gmt":"2021-02-22T23:59:59","slug":"p9783356013009","status":"publish","type":"page","link":"https:\/\/www.web-rr.de\/GHS-Buecherei\/index.php\/p9783356013009\/","title":{"rendered":"Bilderbuch C-75"},"content":{"rendered":"<table><tbody><tr><td class='rDTitel' colspan='2'>Paul, der Wolkenf\u00e4nger<\/td><\/tr><tr><td><span class='rDLabel1'>Status: <\/span><span class='rDText1Gruen'>vorhanden<\/span><\/td><td><span class='rDLabel1'>Antolin: <\/span><span class='rDText1Gruen'>ja, Empfehlung Klasse 1<\/span><\/td><\/tr><tr><td width=50%><img src='https:\/\/www.web-rr.de\/GHS-Buecherei\/wp-content\/uploads\/9783356013009.jpg' alt=''><\/td><td><p class='rDLabel2'>von <span class='rDText2'>Eva K\u00f6nig<\/span><\/p><p class='rDLabel2'>Verlag: <span class='rDText2'>Hinstorff,  2009,  14.90 \u20ac<\/span><\/p><p class='rDLabel2'>B\u00fccherei-Barcode: <span class='rDText2'>9783356013009<\/span><\/p><p class='rDLabel2'>In der B\u00fccherei erfasst am: <span class='rDText2'>01.04.2013<\/span><\/p><p class='rDLabel2'>Stichw\u00f6rter: <span class='rDText2'>Wolken, Himmel, Fliegen<\/span><\/p><p class='rDLabel2'>Lesealter ca. <span class='rDText2'>6<\/span><span class='rDLabel2'> Jahre<\/span><\/p><p class='rDLabel2'>Das Buch wurde <span class='rDText2'>0<\/span><span class='rDLabel2'> mal gelesen.<\/span><\/p><\/td><\/tr><tr><td colspan='2'><p class='rDLabel1'>Inhalt:<\/p><span class='rDText2'>Da steht einer fr\u00fchmorgens auf einem H\u00fcgel und z\u00e4hlt. Paul hei\u00dft er, und was er z\u00e4hlt sind Wolken. Denn Paul liebt Wolken \u00fcber alles. Gro\u00dfe, kleine, sch\u00e4fchenartige, hundegesichtige, tropfende und flockende. Doch Paul z\u00e4hlt nicht nur Ist der Himmel gar zu bedeckt, f\u00e4ngt er sie n\u00e4mlich ein, die Wolken, in seinem Spezial-Wolkenhaus um sie bei Trockenheit schnell wieder \u00fcbers Land wehen und regnen zu lassen. Oder er veranstaltet mit den sch\u00f6nsten Exemplaren eine gro\u00dfe Wolkenausstellung, l\u00e4dt zum Wolkenfest, auf dem nicht nur die Zuckerwatte wolkig ist, sondern auch das Trampolin, auf dem es eine Wolkenmassageanlage gibt und als H\u00f6hepunkt ein Sch\u00e4fchenwolkenrennen. Manchmal jedoch sieht man Paul einfach nur auf seiner Lieblingswolke fliegen, ganz ruhig und hoch am Himmel Eva K\u00f6nig erstes Bilderbuch verzaubert durch seine schwebende Leichtigkeit, durch seine fr\u00f6hlichen Farben, durch seine wunderbaren Geschichten, in denen Himmel und Erde von befreiender Grenzenlosigkeit sind. Ein Buch, in dem allerdings nicht nur Wolken eine gro\u00dfe Rolle spielen, denn Da steht einer fr\u00fch morgens auf einem H\u00fcgel und z\u00e4hlt. Paul hei\u00dft er, und was er z\u00e4hlt sind Wolken. Denn Paul liebt Wolken \u00fcber alles. \u00dcber alles? Nicht ganz. Denn da gibt es noch ein h\u00fcbsches Wesen, das Frau Sonne hei\u00dft und das sich bald auf Wolke 7 findet, neben sich sitzend na, wen wohl?<\/span><\/td><\/tr><tr><td colspan='2'><a href='#' onclick='history.back(); return false'>Zur\u00fcck<\/a><\/td><\/tr><\/tbody><\/table>\n","protected":false},"excerpt":{"rendered":"","protected":false},"author":1,"featured_media":0,"parent":0,"menu_order":0,"comment_status":"closed","ping_status":"closed","template":"","meta":[],"_links":{"self":[{"href":"https:\/\/www.web-rr.de\/GHS-Buecherei\/index.php\/wp-json\/wp\/v2\/pages\/3409"}],"collection":[{"href":"https:\/\/www.web-rr.de\/GHS-Buecherei\/index.php\/wp-json\/wp\/v2\/pages"}],"about":[{"href":"https:\/\/www.web-rr.de\/GHS-Buecherei\/index.php\/wp-json\/wp\/v2\/types\/page"}],"author":[{"embeddable":true,"href":"https:\/\/www.web-rr.de\/GHS-Buecherei\/index.php\/wp-json\/wp\/v2\/users\/1"}],"replies":[{"embeddable":true,"href":"https:\/\/www.web-rr.de\/GHS-Buecherei\/index.php\/wp-json\/wp\/v2\/comments?post=3409"}],"version-history":[{"count":0,"href":"https:\/\/www.web-rr.de\/GHS-Buecherei\/index.php\/wp-json\/wp\/v2\/pages\/3409\/revisions"}],"wp:attachment":[{"href":"https:\/\/www.web-rr.de\/GHS-Buecherei\/index.php\/wp-json\/wp\/v2\/media?parent=3409"}],"curies":[{"name":"wp","href":"https:\/\/api.w.org\/{rel}","templated":true}]}}