{"id":3407,"date":"2021-02-23T20:00:00","date_gmt":"2021-02-23T20:00:00","guid":{"rendered":"https:\/\/www.web-rr.de\/GHS-Buecherei\/?page_id=3407"},"modified":"2021-02-22T23:59:59","modified_gmt":"2021-02-22T23:59:59","slug":"p9783833904271","status":"publish","type":"page","link":"https:\/\/www.web-rr.de\/GHS-Buecherei\/index.php\/p9783833904271\/","title":{"rendered":"Bilderbuch C-73"},"content":{"rendered":"<table><tbody><tr><td class='rDTitel' colspan='2'>Kleine Lilli und der Stubentiger<\/td><\/tr><tr><td><span class='rDLabel1'>Status: <\/span><span class='rDText1Gruen'>vorhanden<\/span><\/td><td><span class='rDLabel1'>Antolin: <\/span><span class='rDText1Gruen'>ja, Empfehlung Klasse 1<\/span><\/td><\/tr><tr><td width=50%><img src='https:\/\/www.web-rr.de\/GHS-Buecherei\/wp-content\/uploads\/9783833904271.jpg' alt=''><\/td><td><p class='rDLabel2'>von <span class='rDText2'>Lilli Messina<\/span><\/p><p class='rDLabel2'>Verlag: <span class='rDText2'>Bastei L\u00fcbbe (Baumhaus),  2009,  12.90 \u20ac<\/span><\/p><p class='rDLabel2'>B\u00fccherei-Barcode: <span class='rDText2'>9783833904271<\/span><\/p><p class='rDLabel2'>In der B\u00fccherei erfasst am: <span class='rDText2'>01.04.2013<\/span><\/p><p class='rDLabel2'>Stichw\u00f6rter: <span class='rDText2'>Haustiere<\/span><\/p><p class='rDLabel2'>Lesealter ca. <span class='rDText2'>6<\/span><span class='rDLabel2'> Jahre<\/span><\/p><p class='rDLabel2'>Das Buch wurde <span class='rDText2'>0<\/span><span class='rDLabel2'> mal gelesen.<\/span><\/p><\/td><\/tr><tr><td colspan='2'><p class='rDLabel1'>Inhalt:<\/p><span class='rDText2'>Lilli will ein Haustier. Wie w\u00e4re es mit einer Katze?, schl\u00e4gt die Mama vor. Aber eine Katze findet Lilli ziemlich langweilig. N\u00f6, Lilli will ein besonderes Haustier und Lillis kleiner Bruder auch. Wie w\u00e4re es mit einer riesigen Giraffe?, denkt Lilli. Aber die w\u00fcrde sich ja st\u00e4ndig den Kopf sto\u00dfen. Wie w\u00e4re es mit einem Nashorn?, sagt Lilli. Aber das w\u00fcrde hundert L\u00f6cher in die Wand bohren, finden Mama und Papa. Und wie w\u00e4re es mit einem kuscheligen Lama?, fragt Lilli. Das spuckt, sagt Mama nur. Gar nicht so einfach, ein passendes Haustier zu finden - Zweites Bilderbuch mit der \u00fcberaus sympathischen Hauptfigur Lilli! Thema: \"Ich will ein Haustier!\" - ein Wunsch, den jedes Kind hat! Sehr lustige Story, frech, lebendig und \u00e4u\u00dferst witzig illustriert! Die Autorin und Illustratorin steht gern f\u00fcr Lesungen zur Verf\u00fcgung<\/span><\/td><\/tr><tr><td colspan='2'><a href='#' onclick='history.back(); return false'>Zur\u00fcck<\/a><\/td><\/tr><\/tbody><\/table>\n","protected":false},"excerpt":{"rendered":"","protected":false},"author":1,"featured_media":0,"parent":0,"menu_order":0,"comment_status":"closed","ping_status":"closed","template":"","meta":[],"_links":{"self":[{"href":"https:\/\/www.web-rr.de\/GHS-Buecherei\/index.php\/wp-json\/wp\/v2\/pages\/3407"}],"collection":[{"href":"https:\/\/www.web-rr.de\/GHS-Buecherei\/index.php\/wp-json\/wp\/v2\/pages"}],"about":[{"href":"https:\/\/www.web-rr.de\/GHS-Buecherei\/index.php\/wp-json\/wp\/v2\/types\/page"}],"author":[{"embeddable":true,"href":"https:\/\/www.web-rr.de\/GHS-Buecherei\/index.php\/wp-json\/wp\/v2\/users\/1"}],"replies":[{"embeddable":true,"href":"https:\/\/www.web-rr.de\/GHS-Buecherei\/index.php\/wp-json\/wp\/v2\/comments?post=3407"}],"version-history":[{"count":0,"href":"https:\/\/www.web-rr.de\/GHS-Buecherei\/index.php\/wp-json\/wp\/v2\/pages\/3407\/revisions"}],"wp:attachment":[{"href":"https:\/\/www.web-rr.de\/GHS-Buecherei\/index.php\/wp-json\/wp\/v2\/media?parent=3407"}],"curies":[{"name":"wp","href":"https:\/\/api.w.org\/{rel}","templated":true}]}}