{"id":3406,"date":"2021-02-23T20:00:00","date_gmt":"2021-02-23T20:00:00","guid":{"rendered":"https:\/\/www.web-rr.de\/GHS-Buecherei\/?page_id=3406"},"modified":"2021-02-22T23:59:59","modified_gmt":"2021-02-22T23:59:59","slug":"p9783854521495","status":"publish","type":"page","link":"https:\/\/www.web-rr.de\/GHS-Buecherei\/index.php\/p9783854521495\/","title":{"rendered":"Bilderbuch C-72"},"content":{"rendered":"<table><tbody><tr><td class='rDTitel' colspan='2'>Eins und vier macht stark<\/td><\/tr><tr><td><span class='rDLabel1'>Status: <\/span><span class='rDText1Gruen'>vorhanden<\/span><\/td><td><span class='rDLabel1'>Antolin: <\/span><span class='rDText1Rot'>Quiz nicht vorhanden.<\/span><\/td><\/tr><tr><td width=50%><img src='https:\/\/www.web-rr.de\/GHS-Buecherei\/wp-content\/uploads\/9783854521495.jpg' alt=''><\/td><td><p class='rDLabel2'>von <span class='rDText2'>Anne-Kathrin Behl<\/span><\/p><p class='rDLabel2'>Verlag: <span class='rDText2'>Picus Verlag,  2009,  14.90 \u20ac<\/span><\/p><p class='rDLabel2'>B\u00fccherei-Barcode: <span class='rDText2'>9783854521495<\/span><\/p><p class='rDLabel2'>In der B\u00fccherei erfasst am: <span class='rDText2'>01.04.2013<\/span><\/p><p class='rDLabel2'>Stichw\u00f6rter: <span class='rDText2'>Angst, Mut, Tiere, Freundschaft<\/span><\/p><p class='rDLabel2'>Lesealter ca. <span class='rDText2'>-<\/span><span class='rDLabel2'> Jahre<\/span><\/p><p class='rDLabel2'>Das Buch wurde <span class='rDText2'>1<\/span><span class='rDLabel2'> mal gelesen.<\/span><\/p><\/td><\/tr><tr><td colspan='2'><p class='rDLabel1'>Inhalt:<\/p><span class='rDText2'>Ein B\u00e4r, der sich vor dem Winterschlaf f\u00fcrchtet? Ein Eichh\u00f6rnchen mit H\u00f6henangst? Ein Biber, der D\u00e4mme baut, damit er nicht in den See f\u00e4llt? Das klingt alles sehr eigenartig. Es ist eben gar nicht so leicht, seine \u00c4ngste im Griff zu haben.Der B\u00e4r schl\u00e4ft nicht besonders gern. Manchmal muss es ja sein \u2013 aber gleich f\u00fcnf Monate Winterschlaf, das macht ihm regelm\u00e4\u00dfig Angst. Bis er eines Tages auf den Fuchs trifft, der ihm helfen will, seine Angst zu besiegen. Die beiden begegnen noch einem Eichh\u00f6rnchen, einem Biber und einem Wildschwein \u2013 und jedes Tier hat so seine \u00c4ngste, mit denen es glaubt, nicht fertig zu werden. Doch als sie sich gegenseitig von ihren \u00c4ngsten erz\u00e4hlen, sieht die Welt gleich ein bisschen anders aus. Pl\u00f6tzlich ist keiner mehr allein, keiner muss sich mehr sch\u00e4men, weil schlie\u00dflich jeder sein P\u00e4ckchen zu tragen hat. Anne-Kathrin Behl erz\u00e4hlt in ihrem \u00fcberzeugenden Erstlingswerk die entz\u00fcckende Geschichte der Leidensgenossen, die erfahren, dass mit der Hilfe von Freunden alles halb so schlimm ist.<\/span><\/td><\/tr><tr><td colspan='2'><a href='#' onclick='history.back(); return false'>Zur\u00fcck<\/a><\/td><\/tr><\/tbody><\/table>\n","protected":false},"excerpt":{"rendered":"","protected":false},"author":1,"featured_media":0,"parent":0,"menu_order":0,"comment_status":"closed","ping_status":"closed","template":"","meta":[],"_links":{"self":[{"href":"https:\/\/www.web-rr.de\/GHS-Buecherei\/index.php\/wp-json\/wp\/v2\/pages\/3406"}],"collection":[{"href":"https:\/\/www.web-rr.de\/GHS-Buecherei\/index.php\/wp-json\/wp\/v2\/pages"}],"about":[{"href":"https:\/\/www.web-rr.de\/GHS-Buecherei\/index.php\/wp-json\/wp\/v2\/types\/page"}],"author":[{"embeddable":true,"href":"https:\/\/www.web-rr.de\/GHS-Buecherei\/index.php\/wp-json\/wp\/v2\/users\/1"}],"replies":[{"embeddable":true,"href":"https:\/\/www.web-rr.de\/GHS-Buecherei\/index.php\/wp-json\/wp\/v2\/comments?post=3406"}],"version-history":[{"count":0,"href":"https:\/\/www.web-rr.de\/GHS-Buecherei\/index.php\/wp-json\/wp\/v2\/pages\/3406\/revisions"}],"wp:attachment":[{"href":"https:\/\/www.web-rr.de\/GHS-Buecherei\/index.php\/wp-json\/wp\/v2\/media?parent=3406"}],"curies":[{"name":"wp","href":"https:\/\/api.w.org\/{rel}","templated":true}]}}