{"id":3397,"date":"2021-02-23T20:00:00","date_gmt":"2021-02-23T20:00:00","guid":{"rendered":"https:\/\/www.web-rr.de\/GHS-Buecherei\/?page_id=3397"},"modified":"2021-02-22T23:59:59","modified_gmt":"2021-02-22T23:59:59","slug":"p9783715205779","status":"publish","type":"page","link":"https:\/\/www.web-rr.de\/GHS-Buecherei\/index.php\/p9783715205779\/","title":{"rendered":"Bilderbuch C-63"},"content":{"rendered":"<table><tbody><tr><td class='rDTitel' colspan='2'>Wie Hund und Kater<\/td><\/tr><tr><td><span class='rDLabel1'>Status: <\/span><span class='rDText1Gruen'>vorhanden<\/span><\/td><td><span class='rDLabel1'>Antolin: <\/span><span class='rDText1Gruen'>ja, Empfehlung Klasse 1<\/span><\/td><\/tr><tr><td width=50%><img src='https:\/\/www.web-rr.de\/GHS-Buecherei\/wp-content\/uploads\/9783715205779.jpg' alt=''><\/td><td><p class='rDLabel2'>von <span class='rDText2'>Maria Schule<\/span><\/p><p class='rDLabel2'>Verlag: <span class='rDText2'>Atlantis Verlag,  2008,  10.99 \u20ac<\/span><\/p><p class='rDLabel2'>B\u00fccherei-Barcode: <span class='rDText2'>9783715205779<\/span><\/p><p class='rDLabel2'>In der B\u00fccherei erfasst am: <span class='rDText2'>01.04.2013<\/span><\/p><p class='rDLabel2'>Stichw\u00f6rter: <span class='rDText2'>Tiere, Beziehungen, Streit<\/span><\/p><p class='rDLabel2'>Lesealter ca. <span class='rDText2'>6<\/span><span class='rDLabel2'> Jahre<\/span><\/p><p class='rDLabel2'>Das Buch wurde <span class='rDText2'>2<\/span><span class='rDLabel2'> mal gelesen.<\/span><\/p><\/td><\/tr><tr><td colspan='2'><p class='rDLabel1'>Inhalt:<\/p><span class='rDText2'>Seit Langem leben Hund und Kater zusammen. Abends sitzen sie beisammen, der Kater liest, der Hund h\u00f6rt Musik. Doch eines Tages hei\u00dft es in der Zeitung,dass Hund und Kater sich nicht verstehen; Wissenschaftler h\u00e4tten dies bewiesen. Sogleich erinnern sich beide, was sie am andern st\u00f6rt, und bald gehen sie im Streit auseinander. Der Kater zieht bei einem Elsternpaar ein und versucht dann sein Gl\u00fcck in einer Streifenh\u00f6rnchen-WG. Auch der Hund macht so seine Wohnerfahrungen. Aber Gleich und Gleich l\u00f6st nicht alle Probleme, und wer streiten will, findet immer einen Grund. In einer traumhaft melancholischen Abendstimmung sto\u00dfen die beiden wieder aufeinander. Weder Wissenschaft noch Vorurteile haben das letzte Wort. Die Frage ist, wie man zusammenleben will.Die Malkunst in diesem Erstling ist beeindruckend. Zudem hat Maria Schule in den kunstvoll ausgestalteten R\u00e4umen und Stimmungen auch Details und Witziges versteckt, wie es Kinder gerne aufsp\u00fcren.<\/span><\/td><\/tr><tr><td colspan='2'><a href='#' onclick='history.back(); return false'>Zur\u00fcck<\/a><\/td><\/tr><\/tbody><\/table>\n","protected":false},"excerpt":{"rendered":"","protected":false},"author":1,"featured_media":0,"parent":0,"menu_order":0,"comment_status":"closed","ping_status":"closed","template":"","meta":[],"_links":{"self":[{"href":"https:\/\/www.web-rr.de\/GHS-Buecherei\/index.php\/wp-json\/wp\/v2\/pages\/3397"}],"collection":[{"href":"https:\/\/www.web-rr.de\/GHS-Buecherei\/index.php\/wp-json\/wp\/v2\/pages"}],"about":[{"href":"https:\/\/www.web-rr.de\/GHS-Buecherei\/index.php\/wp-json\/wp\/v2\/types\/page"}],"author":[{"embeddable":true,"href":"https:\/\/www.web-rr.de\/GHS-Buecherei\/index.php\/wp-json\/wp\/v2\/users\/1"}],"replies":[{"embeddable":true,"href":"https:\/\/www.web-rr.de\/GHS-Buecherei\/index.php\/wp-json\/wp\/v2\/comments?post=3397"}],"version-history":[{"count":0,"href":"https:\/\/www.web-rr.de\/GHS-Buecherei\/index.php\/wp-json\/wp\/v2\/pages\/3397\/revisions"}],"wp:attachment":[{"href":"https:\/\/www.web-rr.de\/GHS-Buecherei\/index.php\/wp-json\/wp\/v2\/media?parent=3397"}],"curies":[{"name":"wp","href":"https:\/\/api.w.org\/{rel}","templated":true}]}}