{"id":3396,"date":"2021-02-23T20:00:00","date_gmt":"2021-02-23T20:00:00","guid":{"rendered":"https:\/\/www.web-rr.de\/GHS-Buecherei\/?page_id=3396"},"modified":"2021-02-22T23:59:59","modified_gmt":"2021-02-22T23:59:59","slug":"p9783888975684","status":"publish","type":"page","link":"https:\/\/www.web-rr.de\/GHS-Buecherei\/index.php\/p9783888975684\/","title":{"rendered":"Bilderbuch C-62"},"content":{"rendered":"<table><tbody><tr><td class='rDTitel' colspan='2'>Kamfu mir helfen?<\/td><\/tr><tr><td><span class='rDLabel1'>Status: <\/span><span class='rDText1Gruen'>vorhanden<\/span><\/td><td><span class='rDLabel1'>Antolin: <\/span><span class='rDText1Gruen'>ja, Empfehlung Klasse 1<\/span><\/td><\/tr><tr><td width=50%><img src='https:\/\/www.web-rr.de\/GHS-Buecherei\/wp-content\/uploads\/9783888975684.jpg' alt=''><\/td><td><p class='rDLabel2'>von <span class='rDText2'>Barbara Schmidt<\/span><\/p><p class='rDLabel2'>Verlag: <span class='rDText2'>Kunstmann, Antje, Verlag,  2009,  14.90 \u20ac<\/span><\/p><p class='rDLabel2'>B\u00fccherei-Barcode: <span class='rDText2'>9783888975684<\/span><\/p><p class='rDLabel2'>In der B\u00fccherei erfasst am: <span class='rDText2'>01.04.2013<\/span><\/p><p class='rDLabel2'>Stichw\u00f6rter: <span class='rDText2'>Elefant, Ameisenb\u00e4r, Freunde<\/span><\/p><p class='rDLabel2'>Lesealter ca. <span class='rDText2'>6<\/span><span class='rDLabel2'> Jahre<\/span><\/p><p class='rDLabel2'>Das Buch wurde <span class='rDText2'>2<\/span><span class='rDLabel2'> mal gelesen.<\/span><\/p><\/td><\/tr><tr><td colspan='2'><p class='rDLabel1'>Inhalt:<\/p><span class='rDText2'>\u00bbKamfu mir helfen?\u00ab diese bezaubernde Geschichte werden die Kinder lieben. Der Elefant ist l\u00e4diert, hat eine krumme und geschwollene Nase und deswegen einen Sprachfehler: Kamfu mir helfen?, fragt er den Ameisenb\u00e4r, der auch schon mal Probleme mit seinem R\u00fcssel hatte, und das Schwein. Die beiden tun ihr Bestes, aber es hilft nichts. Erst die kleine Fliege hat eine Idee... Dirk Schmidt hat diese heitere, gereimte Geschichte von Barbara Schmidt herrlich illustriert und wunderbare Charaktere geschaffen. Der kleine Elefant und seine Freunde Amei\u00adsenb\u00e4r, Schwein und Fliege werden die Kinderzimmer erobern wie der kleine Maulwurf, dem jemand auf den Kopf gemacht hat. Ein Elefant ist hingeflogen und hat den R\u00fcssel sich verbogen. Wie kriegt er ihn nur wieder grad? Drei Experten wissen Rat.<\/span><\/td><\/tr><tr><td colspan='2'><a href='#' onclick='history.back(); return false'>Zur\u00fcck<\/a><\/td><\/tr><\/tbody><\/table>\n","protected":false},"excerpt":{"rendered":"","protected":false},"author":1,"featured_media":0,"parent":0,"menu_order":0,"comment_status":"closed","ping_status":"closed","template":"","meta":[],"_links":{"self":[{"href":"https:\/\/www.web-rr.de\/GHS-Buecherei\/index.php\/wp-json\/wp\/v2\/pages\/3396"}],"collection":[{"href":"https:\/\/www.web-rr.de\/GHS-Buecherei\/index.php\/wp-json\/wp\/v2\/pages"}],"about":[{"href":"https:\/\/www.web-rr.de\/GHS-Buecherei\/index.php\/wp-json\/wp\/v2\/types\/page"}],"author":[{"embeddable":true,"href":"https:\/\/www.web-rr.de\/GHS-Buecherei\/index.php\/wp-json\/wp\/v2\/users\/1"}],"replies":[{"embeddable":true,"href":"https:\/\/www.web-rr.de\/GHS-Buecherei\/index.php\/wp-json\/wp\/v2\/comments?post=3396"}],"version-history":[{"count":0,"href":"https:\/\/www.web-rr.de\/GHS-Buecherei\/index.php\/wp-json\/wp\/v2\/pages\/3396\/revisions"}],"wp:attachment":[{"href":"https:\/\/www.web-rr.de\/GHS-Buecherei\/index.php\/wp-json\/wp\/v2\/media?parent=3396"}],"curies":[{"name":"wp","href":"https:\/\/api.w.org\/{rel}","templated":true}]}}