{"id":3391,"date":"2021-02-23T20:00:00","date_gmt":"2021-02-23T20:00:00","guid":{"rendered":"https:\/\/www.web-rr.de\/GHS-Buecherei\/?page_id=3391"},"modified":"2021-02-22T23:59:59","modified_gmt":"2021-02-22T23:59:59","slug":"p9783701720491","status":"publish","type":"page","link":"https:\/\/www.web-rr.de\/GHS-Buecherei\/index.php\/p9783701720491\/","title":{"rendered":"Bilderbuch C-57"},"content":{"rendered":"<table><tbody><tr><td class='rDTitel' colspan='2'>3 Katzen<\/td><\/tr><tr><td><span class='rDLabel1'>Status: <\/span><span class='rDText1Gruen'>vorhanden<\/span><\/td><td><span class='rDLabel1'>Antolin: <\/span><span class='rDText1Gruen'>ja, Empfehlung Klasse 1<\/span><\/td><\/tr><tr><td width=50%><img src='https:\/\/www.web-rr.de\/GHS-Buecherei\/wp-content\/uploads\/9783701720491.jpg' alt=''><\/td><td><p class='rDLabel2'>von <span class='rDText2'>Helga Bansch<\/span><\/p><p class='rDLabel2'>Verlag: <span class='rDText2'>Residenz Verlag,  2009,  14.90 \u20ac<\/span><\/p><p class='rDLabel2'>B\u00fccherei-Barcode: <span class='rDText2'>9783701720491<\/span><\/p><p class='rDLabel2'>In der B\u00fccherei erfasst am: <span class='rDText2'>01.04.2013<\/span><\/p><p class='rDLabel2'>Stichw\u00f6rter: <span class='rDText2'>Haustiere<\/span><\/p><p class='rDLabel2'>Lesealter ca. <span class='rDText2'>6<\/span><span class='rDLabel2'> Jahre<\/span><\/p><p class='rDLabel2'>Das Buch wurde <span class='rDText2'>3<\/span><span class='rDLabel2'> mal gelesen.<\/span><\/p><\/td><\/tr><tr><td colspan='2'><p class='rDLabel1'>Inhalt:<\/p><span class='rDText2'>Eines Morgens hocken sie vor der T\u00fcre - drei Katzen, durchfroren,hungrig und ganz, ganz arm. Papa ist zwar dagegen,aber die Familie ist sich einig: Die drei S\u00fc\u00dfen werden aufgenommen,aufgep\u00e4ppelt und aufgew\u00e4rmt! Wie die K\u00e4tzchenihre Milch schlabbern, sich auf dem Sofa einrollen, schnurren und miteinander schmusen, das finden alle zu niedlich!- Wirklich alle?Nun ja ... Der Hund bellt sich bei ihrem Anblick die Seele aus dem Leib. Die Teerunde der feinen Damen l\u00f6st sich in Chaos auf. Das Sofa macht Bekanntschaft mit 3 Paar Krallen. Vaters Schuhe sind zerkaut, die M\u00e4use suchen das Weite, Mutter schmei\u00dft die Nerven weg, und sogar ein gewisses hohes Ross spielt eine nicht unerhebliche Rolle. Schluss, aus, die Viecher m\u00fcssen aus dem Haus! Dummerweise haben die K\u00e4tzchen inzwischen einen treuen Freund gewonnen. Wenn man ganz genau hinsieht, sind es sogar mehrere!<\/span><\/td><\/tr><tr><td colspan='2'><a href='#' onclick='history.back(); return false'>Zur\u00fcck<\/a><\/td><\/tr><\/tbody><\/table>\n","protected":false},"excerpt":{"rendered":"","protected":false},"author":1,"featured_media":0,"parent":0,"menu_order":0,"comment_status":"closed","ping_status":"closed","template":"","meta":[],"_links":{"self":[{"href":"https:\/\/www.web-rr.de\/GHS-Buecherei\/index.php\/wp-json\/wp\/v2\/pages\/3391"}],"collection":[{"href":"https:\/\/www.web-rr.de\/GHS-Buecherei\/index.php\/wp-json\/wp\/v2\/pages"}],"about":[{"href":"https:\/\/www.web-rr.de\/GHS-Buecherei\/index.php\/wp-json\/wp\/v2\/types\/page"}],"author":[{"embeddable":true,"href":"https:\/\/www.web-rr.de\/GHS-Buecherei\/index.php\/wp-json\/wp\/v2\/users\/1"}],"replies":[{"embeddable":true,"href":"https:\/\/www.web-rr.de\/GHS-Buecherei\/index.php\/wp-json\/wp\/v2\/comments?post=3391"}],"version-history":[{"count":0,"href":"https:\/\/www.web-rr.de\/GHS-Buecherei\/index.php\/wp-json\/wp\/v2\/pages\/3391\/revisions"}],"wp:attachment":[{"href":"https:\/\/www.web-rr.de\/GHS-Buecherei\/index.php\/wp-json\/wp\/v2\/media?parent=3391"}],"curies":[{"name":"wp","href":"https:\/\/api.w.org\/{rel}","templated":true}]}}