{"id":3386,"date":"2021-02-23T20:00:00","date_gmt":"2021-02-23T20:00:00","guid":{"rendered":"https:\/\/www.web-rr.de\/GHS-Buecherei\/?page_id=3386"},"modified":"2021-02-22T23:59:59","modified_gmt":"2021-02-22T23:59:59","slug":"p9783907588826","status":"publish","type":"page","link":"https:\/\/www.web-rr.de\/GHS-Buecherei\/index.php\/p9783907588826\/","title":{"rendered":"Bilderbuch C-51"},"content":{"rendered":"<table><tbody><tr><td class='rDTitel' colspan='2'>Zeppelin<\/td><\/tr><tr><td><span class='rDLabel1'>Status: <\/span><span class='rDText1Gruen'>vorhanden<\/span><\/td><td><span class='rDLabel1'>Antolin: <\/span><span class='rDText1Gruen'>ja, Empfehlung Klasse 1<\/span><\/td><\/tr><tr><td width=50%><img src='https:\/\/www.web-rr.de\/GHS-Buecherei\/wp-content\/uploads\/9783907588826.jpg' alt=''><\/td><td><p class='rDLabel2'>von <span class='rDText2'>Heinz Janisch<\/span><\/p><p class='rDLabel2'>Verlag: <span class='rDText2'>Bajazzo Verlag,  2007,  13.90 \u20ac<\/span><\/p><p class='rDLabel2'>B\u00fccherei-Barcode: <span class='rDText2'>9783907588826<\/span><\/p><p class='rDLabel2'>In der B\u00fccherei erfasst am: <span class='rDText2'>01.04.2013<\/span><\/p><p class='rDLabel2'>Stichw\u00f6rter: <span class='rDText2'>Schafe, Tr\u00e4ume, Fliegen, W\u00fcnsche, Ziele<\/span><\/p><p class='rDLabel2'>Lesealter ca. <span class='rDText2'>6<\/span><span class='rDLabel2'> Jahre<\/span><\/p><p class='rDLabel2'>Das Buch wurde <span class='rDText2'>8<\/span><span class='rDLabel2'> mal gelesen.<\/span><\/p><\/td><\/tr><tr><td colspan='2'><p class='rDLabel1'>Inhalt:<\/p><span class='rDText2'>Es ist Sonntag, kurz nach der Kleepause. Ein Zeppelin taucht am Himmel auf, sein Schatten streift eine Schafherde. \u201eSchweben! Fliegen! Das w\u00e4r was!\u201c, denkt das kleinste und schwerste Schaf. Von diesem Tag an tr\u00e4umt es davon, dass es fliegen kann wie ein Zeppelin. Und von da an hei\u00dft es auch so. Es l\u00e4sst sich die Grash\u00fcgel hinunterrollen, h\u00fcpft dazwischen in die H\u00f6he wie ein Ball und landet leider unsanft auf der Nase. Sp\u00e4ter fliegt es nur noch im Traum. Es wird \u00e4lter und schwerer und ein wenig m\u00fcde vom Tr\u00e4umen. Eines Sonntags aber schwebt etwas Gro\u00dfes, Helles \u00fcber die Bergspitzen geradewegs auf die Schafe zu. \u201eNa also\u201c, sagt das Schaf und steigt ein \u2026<\/span><\/td><\/tr><tr><td colspan='2'><a href='#' onclick='history.back(); return false'>Zur\u00fcck<\/a><\/td><\/tr><\/tbody><\/table>\n","protected":false},"excerpt":{"rendered":"","protected":false},"author":1,"featured_media":0,"parent":0,"menu_order":0,"comment_status":"closed","ping_status":"closed","template":"","meta":[],"_links":{"self":[{"href":"https:\/\/www.web-rr.de\/GHS-Buecherei\/index.php\/wp-json\/wp\/v2\/pages\/3386"}],"collection":[{"href":"https:\/\/www.web-rr.de\/GHS-Buecherei\/index.php\/wp-json\/wp\/v2\/pages"}],"about":[{"href":"https:\/\/www.web-rr.de\/GHS-Buecherei\/index.php\/wp-json\/wp\/v2\/types\/page"}],"author":[{"embeddable":true,"href":"https:\/\/www.web-rr.de\/GHS-Buecherei\/index.php\/wp-json\/wp\/v2\/users\/1"}],"replies":[{"embeddable":true,"href":"https:\/\/www.web-rr.de\/GHS-Buecherei\/index.php\/wp-json\/wp\/v2\/comments?post=3386"}],"version-history":[{"count":0,"href":"https:\/\/www.web-rr.de\/GHS-Buecherei\/index.php\/wp-json\/wp\/v2\/pages\/3386\/revisions"}],"wp:attachment":[{"href":"https:\/\/www.web-rr.de\/GHS-Buecherei\/index.php\/wp-json\/wp\/v2\/media?parent=3386"}],"curies":[{"name":"wp","href":"https:\/\/api.w.org\/{rel}","templated":true}]}}