{"id":3367,"date":"2021-02-23T20:00:00","date_gmt":"2021-02-23T20:00:00","guid":{"rendered":"https:\/\/www.web-rr.de\/GHS-Buecherei\/?page_id=3367"},"modified":"2021-02-22T23:59:59","modified_gmt":"2021-02-22T23:59:59","slug":"p9783907588819","status":"publish","type":"page","link":"https:\/\/www.web-rr.de\/GHS-Buecherei\/index.php\/p9783907588819\/","title":{"rendered":"Bilderbuch C-28"},"content":{"rendered":"<table><tbody><tr><td class='rDTitel' colspan='2'>Wenn mein Papa weg ist...<\/td><\/tr><tr><td><span class='rDLabel1'>Status: <\/span><span class='rDText1Gruen'>vorhanden<\/span><\/td><td><span class='rDLabel1'>Antolin: <\/span><span class='rDText1Gruen'>ja, Empfehlung Klasse 1<\/span><\/td><\/tr><tr><td width=50%><img src='https:\/\/www.web-rr.de\/GHS-Buecherei\/wp-content\/uploads\/9783907588819.jpg' alt=''><\/td><td><p class='rDLabel2'>von <span class='rDText2'>Isabel Pin<\/span><\/p><p class='rDLabel2'>Verlag: <span class='rDText2'>Bajazzo Verlag,  2007,  13.90 \u20ac<\/span><\/p><p class='rDLabel2'>B\u00fccherei-Barcode: <span class='rDText2'>9783907588819<\/span><\/p><p class='rDLabel2'>In der B\u00fccherei erfasst am: <span class='rDText2'>01.04.2013<\/span><\/p><p class='rDLabel2'>Stichw\u00f6rter: <span class='rDText2'>Familie, Papa, Vater, Eltern, Berufe<\/span><\/p><p class='rDLabel2'>Lesealter ca. <span class='rDText2'>6<\/span><span class='rDLabel2'> Jahre<\/span><\/p><p class='rDLabel2'>Das Buch wurde <span class='rDText2'>4<\/span><span class='rDLabel2'> mal gelesen.<\/span><\/p><\/td><\/tr><tr><td colspan='2'><p class='rDLabel1'>Inhalt:<\/p><span class='rDText2'>Romeos Vater geht jeden Morgen aus dem Haus zur Arbeit. \"Tsch\u00fcss\", ruft er seinem Sohn noch zu, dann ist er auch schon durch die T\u00fcr verschwunden. Doch was arbeitet sein Papa eigentlich? Auch wenn Romeo dies seinen Papa noch nie gefragt hat, wei\u00df er doch ganz genau, was dieser macht. Er ist n\u00e4mlich Astronaut und fliegt in einem Spezialanzug in den Weltraum. Romeos Papa ist Feuerwehrmann und rettet Menschen aus brennenden H\u00e4usern. Sein Papa ist ein wichtiger Manager und muss in seinem B\u00fcro nicht nur einen riesigen Stapel wichtiger Papiere abarbeiten, sondern auch viele Telefonate f\u00fchren. Romeos Papa ist Fu\u00dfballer und schie\u00dft in gro\u00dfen Stadien Tore. Er ist ein richtiger Fu\u00dfballstar, der seine Gegner geschickt umspielt. Sein Papa ist ein Taxifahrer, der die Leute ganz schnell von einem Ort zu einem anderen bringt.Er ist ein ber\u00fchmter Entdecker, der mit seinem Schiff die Meere bereist und Waren transportiert.Romeos Papa ist Entdecker. Er erkundet neue Erdteile und k\u00e4mpft gegen schreckliche Tiere.Eins wei\u00df Romeo ganz genau. Wenn sein Papa abends mit der Arbeit fertig ist, kommt er nach Hause, wo Romeo schon ganz ungeduldig auf ihn wartet.<\/span><\/td><\/tr><tr><td colspan='2'><a href='#' onclick='history.back(); return false'>Zur\u00fcck<\/a><\/td><\/tr><\/tbody><\/table>\n","protected":false},"excerpt":{"rendered":"","protected":false},"author":1,"featured_media":0,"parent":0,"menu_order":0,"comment_status":"closed","ping_status":"closed","template":"","meta":[],"_links":{"self":[{"href":"https:\/\/www.web-rr.de\/GHS-Buecherei\/index.php\/wp-json\/wp\/v2\/pages\/3367"}],"collection":[{"href":"https:\/\/www.web-rr.de\/GHS-Buecherei\/index.php\/wp-json\/wp\/v2\/pages"}],"about":[{"href":"https:\/\/www.web-rr.de\/GHS-Buecherei\/index.php\/wp-json\/wp\/v2\/types\/page"}],"author":[{"embeddable":true,"href":"https:\/\/www.web-rr.de\/GHS-Buecherei\/index.php\/wp-json\/wp\/v2\/users\/1"}],"replies":[{"embeddable":true,"href":"https:\/\/www.web-rr.de\/GHS-Buecherei\/index.php\/wp-json\/wp\/v2\/comments?post=3367"}],"version-history":[{"count":0,"href":"https:\/\/www.web-rr.de\/GHS-Buecherei\/index.php\/wp-json\/wp\/v2\/pages\/3367\/revisions"}],"wp:attachment":[{"href":"https:\/\/www.web-rr.de\/GHS-Buecherei\/index.php\/wp-json\/wp\/v2\/media?parent=3367"}],"curies":[{"name":"wp","href":"https:\/\/api.w.org\/{rel}","templated":true}]}}