{"id":3362,"date":"2021-02-23T20:00:00","date_gmt":"2021-02-23T20:00:00","guid":{"rendered":"https:\/\/www.web-rr.de\/GHS-Buecherei\/?page_id=3362"},"modified":"2021-02-22T23:59:59","modified_gmt":"2021-02-22T23:59:59","slug":"p9783907588857","status":"publish","type":"page","link":"https:\/\/www.web-rr.de\/GHS-Buecherei\/index.php\/p9783907588857\/","title":{"rendered":"Bilderbuch C-23"},"content":{"rendered":"<table><tbody><tr><td class='rDTitel' colspan='2'>Alle seine Entlein<\/td><\/tr><tr><td><span class='rDLabel1'>Status: <\/span><span class='rDText1Gruen'>vorhanden<\/span><\/td><td><span class='rDLabel1'>Antolin: <\/span><span class='rDText1Gruen'>ja, Empfehlung Klasse 3<\/span><\/td><\/tr><tr><td width=50%><img src='https:\/\/www.web-rr.de\/GHS-Buecherei\/wp-content\/uploads\/9783907588857.jpg' alt=''><\/td><td><p class='rDLabel2'>von <span class='rDText2'>Christian Duda<\/span><\/p><p class='rDLabel2'>Verlag: <span class='rDText2'>Beltz und Gelberg,  2007,  16.90 \u20ac<\/span><\/p><p class='rDLabel2'>B\u00fccherei-Barcode: <span class='rDText2'>9783907588857<\/span><\/p><p class='rDLabel2'>In der B\u00fccherei erfasst am: <span class='rDText2'>01.04.2013<\/span><\/p><p class='rDLabel2'>Stichw\u00f6rter: <span class='rDText2'>Tiere<\/span><\/p><p class='rDLabel2'>Lesealter ca. <span class='rDText2'>7<\/span><span class='rDLabel2'> Jahre<\/span><\/p><p class='rDLabel2'>Das Buch wurde <span class='rDText2'>2<\/span><span class='rDLabel2'> mal gelesen.<\/span><\/p><\/td><\/tr><tr><td colspan='2'><p class='rDLabel1'>Inhalt:<\/p><span class='rDText2'>Diese Geschichte erz\u00e4hlt von Konrad, dem Fuchs, und dem K\u00fcken im Ei unterm Bauch einer Ente, die mitten im Wald am Ufer eines Sees sitzt.Eigentlich will Konrad die Ente ja fressen, doch die flattert im richtigen Augenblick davon und l\u00e4sst das Ei zur\u00fcck. Nicht so schlimm, Konrad mag R\u00fchrei sehr gern... Doch der kleine Enterich schl\u00fcpft im richtigen Augenblick aus dem Ei. Er blickt um sich und begr\u00fc\u00dft den Fuchs gleich mit \u00bbMutti, Mutti!\u00ab\u2013 \u00bbNein! Papa!\u00ab, korrigiert Konrad. Und weil ein Vater seinen Sohn nicht auffressen kann, muss Konrads hungriger Bauch immer weiter knurren. Dann verliebt sich der kleine Lorenz in die Ente Emma, und es kommt, wie es kommen muss... W\u00e4hrend Konrad immer seltener an Entenbraten denkt, w\u00e4chst eine schnell gr\u00f6\u00dfer werdende Entenschar rings um ihn heran und bev\u00f6lkert bald den ganzen Wald. Eine zu Herzen gehende Geschichte von der liebevollen Beziehung zweier Lebewesen, die von Natur aus Feinde sind.<\/span><\/td><\/tr><tr><td colspan='2'><a href='#' onclick='history.back(); return false'>Zur\u00fcck<\/a><\/td><\/tr><\/tbody><\/table>\n","protected":false},"excerpt":{"rendered":"","protected":false},"author":1,"featured_media":0,"parent":0,"menu_order":0,"comment_status":"closed","ping_status":"closed","template":"","meta":[],"_links":{"self":[{"href":"https:\/\/www.web-rr.de\/GHS-Buecherei\/index.php\/wp-json\/wp\/v2\/pages\/3362"}],"collection":[{"href":"https:\/\/www.web-rr.de\/GHS-Buecherei\/index.php\/wp-json\/wp\/v2\/pages"}],"about":[{"href":"https:\/\/www.web-rr.de\/GHS-Buecherei\/index.php\/wp-json\/wp\/v2\/types\/page"}],"author":[{"embeddable":true,"href":"https:\/\/www.web-rr.de\/GHS-Buecherei\/index.php\/wp-json\/wp\/v2\/users\/1"}],"replies":[{"embeddable":true,"href":"https:\/\/www.web-rr.de\/GHS-Buecherei\/index.php\/wp-json\/wp\/v2\/comments?post=3362"}],"version-history":[{"count":0,"href":"https:\/\/www.web-rr.de\/GHS-Buecherei\/index.php\/wp-json\/wp\/v2\/pages\/3362\/revisions"}],"wp:attachment":[{"href":"https:\/\/www.web-rr.de\/GHS-Buecherei\/index.php\/wp-json\/wp\/v2\/media?parent=3362"}],"curies":[{"name":"wp","href":"https:\/\/api.w.org\/{rel}","templated":true}]}}