{"id":3351,"date":"2021-02-23T20:00:00","date_gmt":"2021-02-23T20:00:00","guid":{"rendered":"https:\/\/www.web-rr.de\/GHS-Buecherei\/?page_id=3351"},"modified":"2021-02-22T23:59:59","modified_gmt":"2021-02-22T23:59:59","slug":"p9783939337324","status":"publish","type":"page","link":"https:\/\/www.web-rr.de\/GHS-Buecherei\/index.php\/p9783939337324\/","title":{"rendered":"Bilderbuch C-11"},"content":{"rendered":"<table><tbody><tr><td class='rDTitel' colspan='2'>Die kleine Mondnase: Nicht alles ist so wie es scheint<\/td><\/tr><tr><td><span class='rDLabel1'>Status: <\/span><span class='rDText1Gruen'>vorhanden<\/span><\/td><td><span class='rDLabel1'>Antolin: <\/span><span class='rDText1Gruen'>ja, Empfehlung Klasse 2<\/span><\/td><\/tr><tr><td width=50%><img src='https:\/\/www.web-rr.de\/GHS-Buecherei\/wp-content\/uploads\/9783939337324.jpg' alt=''><\/td><td><p class='rDLabel2'>von <span class='rDText2'>Gudrun Wagner<\/span><\/p><p class='rDLabel2'>Verlag: <span class='rDText2'>Schenk, Passau,  2007,  5.90 \u20ac<\/span><\/p><p class='rDLabel2'>B\u00fccherei-Barcode: <span class='rDText2'>9783939337324<\/span><\/p><p class='rDLabel2'>In der B\u00fccherei erfasst am: <span class='rDText2'>01.04.2013<\/span><\/p><p class='rDLabel2'>Stichw\u00f6rter: <span class='rDText2'>Gute Nacht, Mond, Nachthimmel<\/span><\/p><p class='rDLabel2'>Lesealter ca. <span class='rDText2'>6<\/span><span class='rDLabel2'> Jahre<\/span><\/p><p class='rDLabel2'>Das Buch wurde <span class='rDText2'>3<\/span><span class='rDLabel2'> mal gelesen.<\/span><\/p><\/td><\/tr><tr><td colspan='2'><p class='rDLabel1'>Inhalt:<\/p><span class='rDText2'>'Mondflieger m\u00f6chte ich werden, wenn ich mal gro\u00df bin. Und dann flieg ich zum Mond.' Davon tr\u00e4umt der kleine Tom, w\u00e4hrend er Abend f\u00fcr Abend an seinem Fenster sitzt, um auf den Mond zu warten. Er m\u00f6chte wissen, warum der Mond jeden Abend anders aussieht! Doch die Erkl\u00e4rungen seines Gro\u00dfvaters sind viel zu kompliziert. So tr\u00e4umt er seine eigene Wahrheit und erkennt: Der Mond ist eine Nase, die einem lieblichen Wesen mit dem Namen Lule geh\u00f6rt. Tom geht mit Lule, der kleinen Mondnase, auf eine 28-t\u00e4gige Reise und erf\u00e4hrt dabei - auf kindgerechte Weise- alles \u00fcber die vier Mondphasen und das Zusammenspiel von Sonne, Mond und Erde.Die Geschichte von Lule, der kleinen Mondnase, ist mit traumhaft sch\u00f6nen Bildern von der Autorin hinrei\u00dfend illustriert und wir begleitet von Kinderreimen und Gutenachtliedern.<\/span><\/td><\/tr><tr><td colspan='2'><a href='#' onclick='history.back(); return false'>Zur\u00fcck<\/a><\/td><\/tr><\/tbody><\/table>\n","protected":false},"excerpt":{"rendered":"","protected":false},"author":1,"featured_media":0,"parent":0,"menu_order":0,"comment_status":"closed","ping_status":"closed","template":"","meta":[],"_links":{"self":[{"href":"https:\/\/www.web-rr.de\/GHS-Buecherei\/index.php\/wp-json\/wp\/v2\/pages\/3351"}],"collection":[{"href":"https:\/\/www.web-rr.de\/GHS-Buecherei\/index.php\/wp-json\/wp\/v2\/pages"}],"about":[{"href":"https:\/\/www.web-rr.de\/GHS-Buecherei\/index.php\/wp-json\/wp\/v2\/types\/page"}],"author":[{"embeddable":true,"href":"https:\/\/www.web-rr.de\/GHS-Buecherei\/index.php\/wp-json\/wp\/v2\/users\/1"}],"replies":[{"embeddable":true,"href":"https:\/\/www.web-rr.de\/GHS-Buecherei\/index.php\/wp-json\/wp\/v2\/comments?post=3351"}],"version-history":[{"count":0,"href":"https:\/\/www.web-rr.de\/GHS-Buecherei\/index.php\/wp-json\/wp\/v2\/pages\/3351\/revisions"}],"wp:attachment":[{"href":"https:\/\/www.web-rr.de\/GHS-Buecherei\/index.php\/wp-json\/wp\/v2\/media?parent=3351"}],"curies":[{"name":"wp","href":"https:\/\/api.w.org\/{rel}","templated":true}]}}