{"id":3346,"date":"2021-02-23T20:00:00","date_gmt":"2021-02-23T20:00:00","guid":{"rendered":"https:\/\/www.web-rr.de\/GHS-Buecherei\/?page_id=3346"},"modified":"2021-02-22T23:59:59","modified_gmt":"2021-02-22T23:59:59","slug":"p9783501061121","status":"publish","type":"page","link":"https:\/\/www.web-rr.de\/GHS-Buecherei\/index.php\/p9783501061121\/","title":{"rendered":"Bilderbuch C-06"},"content":{"rendered":"<table><tbody><tr><td class='rDTitel' colspan='2'>Geh\u00fcpft wie gesprungen<\/td><\/tr><tr><td><span class='rDLabel1'>Status: <\/span><span class='rDText1Gruen'>vorhanden<\/span><\/td><td><span class='rDLabel1'>Antolin: <\/span><span class='rDText1Rot'>Quiz nicht vorhanden.<\/span><\/td><\/tr><tr><td width=50%><img src='https:\/\/www.web-rr.de\/GHS-Buecherei\/wp-content\/uploads\/9783501061121.jpg' alt=''><\/td><td><p class='rDLabel2'>von <span class='rDText2'>David Jaffin<\/span><\/p><p class='rDLabel2'>Verlag: <span class='rDText2'>St.-Johannis-Druckerei,  1996<\/span><\/p><p class='rDLabel2'>B\u00fccherei-Barcode: <span class='rDText2'>9783501061121<\/span><\/p><p class='rDLabel2'>In der B\u00fccherei erfasst am: <span class='rDText2'>01.04.2013<\/span><\/p><p class='rDLabel2'>Stichw\u00f6rter: <span class='rDText2'><\/span><\/p><p class='rDLabel2'>Lesealter ca. <span class='rDText2'>-<\/span><span class='rDLabel2'> Jahre<\/span><\/p><p class='rDLabel2'>Das Buch wurde <span class='rDText2'>1<\/span><span class='rDLabel2'> mal gelesen.<\/span><\/p><\/td><\/tr><tr><td colspan='2'><p class='rDLabel1'>Inhalt:<\/p><span class='rDText2'>\"Wie soll man da blo\u00df anfangen zu erz\u00e4hlen von all diesen bunten musikalischen Bl\u00fcten, die Fredrik Vahle in seinem prallen Liederstrau\u00df bereith\u00e4lt? Schillernd, farbig und duftig ist dieses Gebinde geworden und aus seltenen kleinen und gro\u00dfen Blumen zusammengestellt. Kenner wissen es bereits: Fredrik ist immer gut f\u00fcr \u00dcberraschungen! Da wird mit der Sprache gespielt, gebastelt, fabuliert und phantasiert, es wird buchst\u00e4blich geh\u00fcpft und gesprungen also. Es d\u00fcrfen Gehirn und Zunge beim Mitsingen und Weiterdenken strapaziert werden. Da ist es erlaubt, auch mal laut und ein bisschen unanst\u00e4ndig zu sein, kurzum, der musikalische Poet Vahle l\u00e4dt im wahrsten Sinne des Wortes zur sinnlichen Eigenwilligkeit ein. Eine Prise Ringelnatz, Morgenstern und Busch, gesehen und musikalisch interpretiert durch die Fredriksche Brille: Vom Regen im Eierbecher, von der Tarara mit den roten Haaren, vom Rieche-Buch, vom F\u00fchle-Lied, von tanzenden B\u00e4umen mit gro\u00dfem Drang nach Freiheit, von kauenden und verdauenden K\u00fchen, vom Rhabarber im Salat und vom Pup im Pi-Pa-Po ist hier die Rede. Kunterbunt im Tempo, Temperament und in der Darstellung, das ist der vielseitige Lieder-Vahle, der Klein und Gro\u00df nachdenklich und fr\u00f6hlich, traurig und heiter stimmt.\"<\/span><\/td><\/tr><tr><td colspan='2'><a href='#' onclick='history.back(); return false'>Zur\u00fcck<\/a><\/td><\/tr><\/tbody><\/table>\n","protected":false},"excerpt":{"rendered":"","protected":false},"author":1,"featured_media":0,"parent":0,"menu_order":0,"comment_status":"closed","ping_status":"closed","template":"","meta":[],"_links":{"self":[{"href":"https:\/\/www.web-rr.de\/GHS-Buecherei\/index.php\/wp-json\/wp\/v2\/pages\/3346"}],"collection":[{"href":"https:\/\/www.web-rr.de\/GHS-Buecherei\/index.php\/wp-json\/wp\/v2\/pages"}],"about":[{"href":"https:\/\/www.web-rr.de\/GHS-Buecherei\/index.php\/wp-json\/wp\/v2\/types\/page"}],"author":[{"embeddable":true,"href":"https:\/\/www.web-rr.de\/GHS-Buecherei\/index.php\/wp-json\/wp\/v2\/users\/1"}],"replies":[{"embeddable":true,"href":"https:\/\/www.web-rr.de\/GHS-Buecherei\/index.php\/wp-json\/wp\/v2\/comments?post=3346"}],"version-history":[{"count":0,"href":"https:\/\/www.web-rr.de\/GHS-Buecherei\/index.php\/wp-json\/wp\/v2\/pages\/3346\/revisions"}],"wp:attachment":[{"href":"https:\/\/www.web-rr.de\/GHS-Buecherei\/index.php\/wp-json\/wp\/v2\/media?parent=3346"}],"curies":[{"name":"wp","href":"https:\/\/api.w.org\/{rel}","templated":true}]}}