{"id":3344,"date":"2021-02-23T20:00:00","date_gmt":"2021-02-23T20:00:00","guid":{"rendered":"https:\/\/www.web-rr.de\/GHS-Buecherei\/?page_id=3344"},"modified":"2021-02-22T23:59:59","modified_gmt":"2021-02-22T23:59:59","slug":"p9783964440006","status":"publish","type":"page","link":"https:\/\/www.web-rr.de\/GHS-Buecherei\/index.php\/p9783964440006\/","title":{"rendered":"Bilderbuch B-85"},"content":{"rendered":"<table><tbody><tr><td class='rDTitel' colspan='2'>Die Wiese<\/td><\/tr><tr><td><span class='rDLabel1'>Status: <\/span><span class='rDText1Gruen'>vorhanden<\/span><\/td><td><span class='rDLabel1'>Antolin: <\/span><span class='rDText1Rot'>Quiz nicht vorhanden.<\/span><\/td><\/tr><tr><td width=50%><img src='https:\/\/www.web-rr.de\/GHS-Buecherei\/wp-content\/uploads\/9783964440006.jpg' alt=''><\/td><td><p class='rDLabel2'>von <span class='rDText2'>Susan Bagdach<\/span><\/p><p class='rDLabel2'>Verlag: <span class='rDText2'>blOOturtle publishing,  2019,  14.95 \u20ac<\/span><\/p><p class='rDLabel2'>B\u00fccherei-Barcode: <span class='rDText2'>9783964440006<\/span><\/p><p class='rDLabel2'>In der B\u00fccherei erfasst am: <span class='rDText2'>17.01.2020<\/span><\/p><p class='rDLabel2'>Stichw\u00f6rter: <span class='rDText2'>Natur, Blumen, Jahrezeiten<\/span><\/p><p class='rDLabel2'>Lesealter ca. <span class='rDText2'>-<\/span><span class='rDLabel2'> Jahre<\/span><\/p><p class='rDLabel2'>Das Buch wurde <span class='rDText2'>0<\/span><span class='rDLabel2'> mal gelesen.<\/span><\/p><\/td><\/tr><tr><td colspan='2'><p class='rDLabel1'>Inhalt:<\/p><span class='rDText2'>Alles l\u00e4uft ruhig und gewohnheitsm\u00e4\u00dfig auf der Wiese mit den blauen Blumen. Das Gras ist leuchtend gr\u00fcn, die Blumen sind blau und alle ungef\u00e4hr gleich gro\u00df. Wenn einmal eine Blume anders aussieht trinkt sie Tinte und wird so blau wie die anderen. Aber eines Tages w\u00e4chst eine Blume heran, die einfach nicht blau werden kann. Die Neue sieht anders aus und duftet anders. Zun\u00e4chst haben die Blauen kein Verst\u00e4ndnis- aber als sie sich auf die Neue einlassen, verzaubert sich die Wiese in einen Ort voller Farben und Lebendigkeit. Eine Geschichte \u00fcber die F\u00fclle und Vielfalt des Lebens, gegen Ausgrenzung und f\u00fcr den Mut zu sich selber zu stehen. Ein au\u00dfergew\u00f6hnliches Kinderbuch mit wundersch\u00f6nen Bildern, aktuell und ber\u00fchrend.\n\r\n\r<\/span><\/td><\/tr><tr><td colspan='2'><a href='#' onclick='history.back(); return false'>Zur\u00fcck<\/a><\/td><\/tr><\/tbody><\/table>\n","protected":false},"excerpt":{"rendered":"","protected":false},"author":1,"featured_media":0,"parent":0,"menu_order":0,"comment_status":"closed","ping_status":"closed","template":"","meta":[],"_links":{"self":[{"href":"https:\/\/www.web-rr.de\/GHS-Buecherei\/index.php\/wp-json\/wp\/v2\/pages\/3344"}],"collection":[{"href":"https:\/\/www.web-rr.de\/GHS-Buecherei\/index.php\/wp-json\/wp\/v2\/pages"}],"about":[{"href":"https:\/\/www.web-rr.de\/GHS-Buecherei\/index.php\/wp-json\/wp\/v2\/types\/page"}],"author":[{"embeddable":true,"href":"https:\/\/www.web-rr.de\/GHS-Buecherei\/index.php\/wp-json\/wp\/v2\/users\/1"}],"replies":[{"embeddable":true,"href":"https:\/\/www.web-rr.de\/GHS-Buecherei\/index.php\/wp-json\/wp\/v2\/comments?post=3344"}],"version-history":[{"count":0,"href":"https:\/\/www.web-rr.de\/GHS-Buecherei\/index.php\/wp-json\/wp\/v2\/pages\/3344\/revisions"}],"wp:attachment":[{"href":"https:\/\/www.web-rr.de\/GHS-Buecherei\/index.php\/wp-json\/wp\/v2\/media?parent=3344"}],"curies":[{"name":"wp","href":"https:\/\/api.w.org\/{rel}","templated":true}]}}