{"id":3342,"date":"2021-02-23T20:00:00","date_gmt":"2021-02-23T20:00:00","guid":{"rendered":"https:\/\/www.web-rr.de\/GHS-Buecherei\/?page_id=3342"},"modified":"2021-02-22T23:59:59","modified_gmt":"2021-02-22T23:59:59","slug":"p9783946100102","status":"publish","type":"page","link":"https:\/\/www.web-rr.de\/GHS-Buecherei\/index.php\/p9783946100102\/","title":{"rendered":"Bilderbuch B-83"},"content":{"rendered":"<table><tbody><tr><td class='rDTitel' colspan='2'>Echte Freunde eben<\/td><\/tr><tr><td><span class='rDLabel1'>Status: <\/span><span class='rDText1Gruen'>vorhanden<\/span><\/td><td><span class='rDLabel1'>Antolin: <\/span><span class='rDText1Rot'>Quiz nicht vorhanden.<\/span><\/td><\/tr><tr><td width=50%><img src='https:\/\/www.web-rr.de\/GHS-Buecherei\/wp-content\/uploads\/9783946100102.jpg' alt=''><\/td><td><p class='rDLabel2'>von <span class='rDText2'>Wiltrud Thies<\/span><\/p><p class='rDLabel2'>Verlag: <span class='rDText2'>Rieder, Susanna Verlag,  2016,  14.50 \u20ac<\/span><\/p><p class='rDLabel2'>B\u00fccherei-Barcode: <span class='rDText2'>9783946100102<\/span><\/p><p class='rDLabel2'>In der B\u00fccherei erfasst am: <span class='rDText2'>17.01.2020<\/span><\/p><p class='rDLabel2'>Stichw\u00f6rter: <span class='rDText2'>Schule, Internat, Kindergarten, Freundschaft, Liebe<\/span><\/p><p class='rDLabel2'>Lesealter ca. <span class='rDText2'>-<\/span><span class='rDLabel2'> Jahre<\/span><\/p><p class='rDLabel2'>Das Buch wurde <span class='rDText2'>0<\/span><span class='rDLabel2'> mal gelesen.<\/span><\/p><\/td><\/tr><tr><td colspan='2'><p class='rDLabel1'>Inhalt:<\/p><span class='rDText2'>K\u00f6nnen Verschiedene wirklich Freunde sein? Wie geht das, wenn \"Besondere\" eben nicht besonders, sondern eine(r) von allen sind? Freundschaften im Grundschulalter sind so vielf\u00e4ltig wie die Kinder, die zur Schule gehen. Unterschiedlichkeit zeigt sich in variierenden Interessen, St\u00e4rken und Schw\u00e4chen aller Kinder, in Beziehungen zwischen Jungen und M\u00e4dchen und in ganz besonderen Freundschaftskonstellationen unter den M\u00e4dchen. Konflikte scheinen riesengro\u00df und lassen sich doch in gemeinsamer Verantwortlichkeit f\u00fcr ein gelingendes Miteinander durch die Kinder selbst l\u00f6sen. Die Geschichte richtet sich an Grundschulkinder und erz\u00e4hlt von einer Klasse, in der alle anders verschieden sind. Das ist eigentlich sehr normal, weil immer mindestens Prinzessinnen, Fu\u00dfballer, Astronauten und Rechenstars in so einer Gruppe zusammenkommen und sehr unterschiedliche W\u00fcnsche und Bed\u00fcrfnisse haben. Und wenn es dann auch noch im Bauch zu kribbeln beginnt ...\n\r\n\r<\/span><\/td><\/tr><tr><td colspan='2'><a href='#' onclick='history.back(); return false'>Zur\u00fcck<\/a><\/td><\/tr><\/tbody><\/table>\n","protected":false},"excerpt":{"rendered":"","protected":false},"author":1,"featured_media":0,"parent":0,"menu_order":0,"comment_status":"closed","ping_status":"closed","template":"","meta":[],"_links":{"self":[{"href":"https:\/\/www.web-rr.de\/GHS-Buecherei\/index.php\/wp-json\/wp\/v2\/pages\/3342"}],"collection":[{"href":"https:\/\/www.web-rr.de\/GHS-Buecherei\/index.php\/wp-json\/wp\/v2\/pages"}],"about":[{"href":"https:\/\/www.web-rr.de\/GHS-Buecherei\/index.php\/wp-json\/wp\/v2\/types\/page"}],"author":[{"embeddable":true,"href":"https:\/\/www.web-rr.de\/GHS-Buecherei\/index.php\/wp-json\/wp\/v2\/users\/1"}],"replies":[{"embeddable":true,"href":"https:\/\/www.web-rr.de\/GHS-Buecherei\/index.php\/wp-json\/wp\/v2\/comments?post=3342"}],"version-history":[{"count":0,"href":"https:\/\/www.web-rr.de\/GHS-Buecherei\/index.php\/wp-json\/wp\/v2\/pages\/3342\/revisions"}],"wp:attachment":[{"href":"https:\/\/www.web-rr.de\/GHS-Buecherei\/index.php\/wp-json\/wp\/v2\/media?parent=3342"}],"curies":[{"name":"wp","href":"https:\/\/api.w.org\/{rel}","templated":true}]}}