{"id":3339,"date":"2021-02-23T20:00:00","date_gmt":"2021-02-23T20:00:00","guid":{"rendered":"https:\/\/www.web-rr.de\/GHS-Buecherei\/?page_id=3339"},"modified":"2021-02-22T23:59:59","modified_gmt":"2021-02-22T23:59:59","slug":"p9783825174545","status":"publish","type":"page","link":"https:\/\/www.web-rr.de\/GHS-Buecherei\/index.php\/p9783825174545\/","title":{"rendered":"Bilderbuch B-80"},"content":{"rendered":"<table><tbody><tr><td class='rDTitel' colspan='2'>Komm mit ins Elfenland<\/td><\/tr><tr><td><span class='rDLabel1'>Status: <\/span><span class='rDText1Gruen'>vorhanden<\/span><\/td><td><span class='rDLabel1'>Antolin: <\/span><span class='rDText1Gruen'>ja, Empfehlung Klasse 3<\/span><\/td><\/tr><tr><td width=50%><img src='https:\/\/www.web-rr.de\/GHS-Buecherei\/wp-content\/uploads\/9783825174545.jpg' alt=''><\/td><td><p class='rDLabel2'>von <span class='rDText2'>Daniela Drescher<\/span><\/p><p class='rDLabel2'>Verlag: <span class='rDText2'>Urachhaus,  2011,  10.00 \u20ac<\/span><\/p><p class='rDLabel2'>B\u00fccherei-Barcode: <span class='rDText2'>9783825174545<\/span><\/p><p class='rDLabel2'>In der B\u00fccherei erfasst am: <span class='rDText2'>17.01.2020<\/span><\/p><p class='rDLabel2'>Stichw\u00f6rter: <span class='rDText2'>Elfen, Fantasie, Tiere<\/span><\/p><p class='rDLabel2'>Lesealter ca. <span class='rDText2'>7<\/span><span class='rDLabel2'> Jahre<\/span><\/p><p class='rDLabel2'>Das Buch wurde <span class='rDText2'>0<\/span><span class='rDLabel2'> mal gelesen.<\/span><\/p><\/td><\/tr><tr><td colspan='2'><p class='rDLabel1'>Inhalt:<\/p><span class='rDText2'>Komm mit ins geheimnisvolle Reich der Naturgeister und Elfen und entdecke die Orte, wo sie sich im Wechsel der Jahreszeiten am liebsten aufhalten! Horche, wie sie sich mit Blumen und Tieren unterhalten und schau ihnen beim Reigentanz zu!\n\r\n\rIn stimmungsvollen, atmosph\u00e4rischen Bildern f\u00fchrt dieses Bilderbuch den Betrachter hinein in die geheimnisvolle Welt der Naturgeister und Elfen. Ihre hinter der Natur verborgene Zauberwelt wandelt sich st\u00e4ndig. Im Durchgang durch die Jahreszeiten werden wir Zeugen ihres Treibens: Wir erleben ihre Reigen und T\u00e4nze, ihre Zwiesprache mit Blumen und Tieren und lernen die Orte kennen, an denen sie sich am liebsten aufhalten. All dies ist in farbenpr\u00e4chtige, detailreiche Bilder und Verse eingefangen. Ein Genuss f\u00fcr Gro\u00df und Klein!<\/span><\/td><\/tr><tr><td colspan='2'><a href='#' onclick='history.back(); return false'>Zur\u00fcck<\/a><\/td><\/tr><\/tbody><\/table>\n","protected":false},"excerpt":{"rendered":"","protected":false},"author":1,"featured_media":0,"parent":0,"menu_order":0,"comment_status":"closed","ping_status":"closed","template":"","meta":[],"_links":{"self":[{"href":"https:\/\/www.web-rr.de\/GHS-Buecherei\/index.php\/wp-json\/wp\/v2\/pages\/3339"}],"collection":[{"href":"https:\/\/www.web-rr.de\/GHS-Buecherei\/index.php\/wp-json\/wp\/v2\/pages"}],"about":[{"href":"https:\/\/www.web-rr.de\/GHS-Buecherei\/index.php\/wp-json\/wp\/v2\/types\/page"}],"author":[{"embeddable":true,"href":"https:\/\/www.web-rr.de\/GHS-Buecherei\/index.php\/wp-json\/wp\/v2\/users\/1"}],"replies":[{"embeddable":true,"href":"https:\/\/www.web-rr.de\/GHS-Buecherei\/index.php\/wp-json\/wp\/v2\/comments?post=3339"}],"version-history":[{"count":0,"href":"https:\/\/www.web-rr.de\/GHS-Buecherei\/index.php\/wp-json\/wp\/v2\/pages\/3339\/revisions"}],"wp:attachment":[{"href":"https:\/\/www.web-rr.de\/GHS-Buecherei\/index.php\/wp-json\/wp\/v2\/media?parent=3339"}],"curies":[{"name":"wp","href":"https:\/\/api.w.org\/{rel}","templated":true}]}}