{"id":3326,"date":"2021-02-23T20:00:00","date_gmt":"2021-02-23T20:00:00","guid":{"rendered":"https:\/\/www.web-rr.de\/GHS-Buecherei\/?page_id=3326"},"modified":"2021-02-22T23:59:59","modified_gmt":"2021-02-22T23:59:59","slug":"p9783854528937","status":"publish","type":"page","link":"https:\/\/www.web-rr.de\/GHS-Buecherei\/index.php\/p9783854528937\/","title":{"rendered":"Bilderbuch B-67"},"content":{"rendered":"<table><tbody><tr><td class='rDTitel' colspan='2'>Der kleine Hase und die Planeten<\/td><\/tr><tr><td><span class='rDLabel1'>Status: <\/span><span class='rDText1Gruen'>vorhanden<\/span><\/td><td><span class='rDLabel1'>Antolin: <\/span><span class='rDText1Rot'>Quiz nicht vorhanden.<\/span><\/td><\/tr><tr><td width=50%><img src='https:\/\/www.web-rr.de\/GHS-Buecherei\/wp-content\/uploads\/9783854528937.jpg' alt=''><\/td><td><p class='rDLabel2'>von <span class='rDText2'>Gergely Kiss<\/span><\/p><p class='rDLabel2'>Verlag: <span class='rDText2'>Picus Verlag,  2007,  12.90 \u20ac<\/span><\/p><p class='rDLabel2'>B\u00fccherei-Barcode: <span class='rDText2'>9783854528937<\/span><\/p><p class='rDLabel2'>In der B\u00fccherei erfasst am: <span class='rDText2'>01.04.2014<\/span><\/p><p class='rDLabel2'>Stichw\u00f6rter: <span class='rDText2'>Weltall, Weltraum, Planeten<\/span><\/p><p class='rDLabel2'>Lesealter ca. <span class='rDText2'>-<\/span><span class='rDLabel2'> Jahre<\/span><\/p><p class='rDLabel2'>Das Buch wurde <span class='rDText2'>0<\/span><span class='rDLabel2'> mal gelesen.<\/span><\/p><\/td><\/tr><tr><td colspan='2'><p class='rDLabel1'>Inhalt:<\/p><span class='rDText2'>Der kleine Hase sitzt ganz alleine auf der gro\u00dfen Wiese am Rand der Stadt. Sein Herz ist schwer, weil niemand mit ihm spielen will. Pl\u00f6tzlich steht ein fremder Mann mit einer lustigen Badem\u00fctze und einem bunten Schal vor ihm. Er hei\u00dft Maxim und zeigt dem kleinen Hasen stolz sein Raumschiff, mit dem er vom Mars zur Erde gekommen ist. Weil er auf der Erde ohnehin so traurig ist, bittet der kleine Hase Maxim, ihm die anderen Planeten zu zeigen. Also starten die beiden zu einer aufregenden Reise durch unser Sonnensystem. Auf dem roten Mars kann der kleine Hase eine Sandburg bauen, auf dem riesigen Jupiter braucht er ein Fernrohr, und auf den Ringen des Saturns kann er so lustig rutschen wie in einem Erlebnispark. Der geheimnisvolle Uranus aber macht ihm Angst, und auf dem Neptun ist es so kalt, dass der kleine Hase mit den Z\u00e4hnen klappert. Der Pluto schlie\u00dflich ist ein sehr kleiner Himmelsk\u00f6rper, und er ist schrecklich traurig, weil nun niemand mehr mit ihm spielen will. Das kann der kleine Hase nur zu gut verstehen, und er beschlie\u00dft, den Pluto mit auf die Erde zu nehmen \u2026Gergely Kiss hat ein buntes und fr\u00f6hliches Bilderbuch konzipiert, das nicht nur kleinen Weltraumforschern gro\u00dfen Spa\u00df machen wird. Und allen Haseneltern, die sich Fragen stellen m\u00fcssen, warum Pluto seit August 2006 nicht mehr zum Klub der Neun in unserem Planetensystem geh\u00f6rt, liefert der Autor hiermit eine k\u00f6stliche Erkl\u00e4rung.Ein zauberhaftes Kinderbuch \u00fcber kleine Hasen und Himmelsk\u00f6rper, die pl\u00f6tzlich keine Planeten mehr sind.<\/span><\/td><\/tr><tr><td colspan='2'><a href='#' onclick='history.back(); return false'>Zur\u00fcck<\/a><\/td><\/tr><\/tbody><\/table>\n","protected":false},"excerpt":{"rendered":"","protected":false},"author":1,"featured_media":0,"parent":0,"menu_order":0,"comment_status":"closed","ping_status":"closed","template":"","meta":[],"_links":{"self":[{"href":"https:\/\/www.web-rr.de\/GHS-Buecherei\/index.php\/wp-json\/wp\/v2\/pages\/3326"}],"collection":[{"href":"https:\/\/www.web-rr.de\/GHS-Buecherei\/index.php\/wp-json\/wp\/v2\/pages"}],"about":[{"href":"https:\/\/www.web-rr.de\/GHS-Buecherei\/index.php\/wp-json\/wp\/v2\/types\/page"}],"author":[{"embeddable":true,"href":"https:\/\/www.web-rr.de\/GHS-Buecherei\/index.php\/wp-json\/wp\/v2\/users\/1"}],"replies":[{"embeddable":true,"href":"https:\/\/www.web-rr.de\/GHS-Buecherei\/index.php\/wp-json\/wp\/v2\/comments?post=3326"}],"version-history":[{"count":0,"href":"https:\/\/www.web-rr.de\/GHS-Buecherei\/index.php\/wp-json\/wp\/v2\/pages\/3326\/revisions"}],"wp:attachment":[{"href":"https:\/\/www.web-rr.de\/GHS-Buecherei\/index.php\/wp-json\/wp\/v2\/media?parent=3326"}],"curies":[{"name":"wp","href":"https:\/\/api.w.org\/{rel}","templated":true}]}}