{"id":3307,"date":"2021-02-23T20:00:00","date_gmt":"2021-02-23T20:00:00","guid":{"rendered":"https:\/\/www.web-rr.de\/GHS-Buecherei\/?page_id=3307"},"modified":"2021-02-22T23:59:59","modified_gmt":"2021-02-22T23:59:59","slug":"p9783865660879","status":"publish","type":"page","link":"https:\/\/www.web-rr.de\/GHS-Buecherei\/index.php\/p9783865660879\/","title":{"rendered":"Bilderbuch B-42"},"content":{"rendered":"<table><tbody><tr><td class='rDTitel' colspan='2'>Alte Damen<\/td><\/tr><tr><td><span class='rDLabel1'>Status: <\/span><span class='rDText1Gruen'>vorhanden<\/span><\/td><td><span class='rDLabel1'>Antolin: <\/span><span class='rDText1Rot'>Quiz nicht vorhanden.<\/span><\/td><\/tr><tr><td width=50%><img src='https:\/\/www.web-rr.de\/GHS-Buecherei\/wp-content\/uploads\/9783865660879.jpg' alt=''><\/td><td><p class='rDLabel2'>von <span class='rDText2'>Franziska Kalch<\/span><\/p><p class='rDLabel2'>Verlag: <span class='rDText2'>MINEDITION,  2008,  9.50 \u20ac<\/span><\/p><p class='rDLabel2'>B\u00fccherei-Barcode: <span class='rDText2'>9783865660879<\/span><\/p><p class='rDLabel2'>In der B\u00fccherei erfasst am: <span class='rDText2'>01.04.2013<\/span><\/p><p class='rDLabel2'>Stichw\u00f6rter: <span class='rDText2'>Alter, Gro\u00dfeltern, Generationen, Senioren, Vorurteile, Oma, Opa<\/span><\/p><p class='rDLabel2'>Lesealter ca. <span class='rDText2'>-<\/span><span class='rDLabel2'> Jahre<\/span><\/p><p class='rDLabel2'>Das Buch wurde <span class='rDText2'>6<\/span><span class='rDLabel2'> mal gelesen.<\/span><\/p><\/td><\/tr><tr><td colspan='2'><p class='rDLabel1'>Inhalt:<\/p><span class='rDText2'>Wer denkt, alte Damen s\u00e4\u00dfen den ganzen Tag nur am See und f\u00fctterten Enten, der irrt. In Wirklichkeit ist es n\u00e4mlich ganz anders. Alte Damen machen dies und das, sind sehr aktiv und hauen ordentlich auf den Putz, sind klug und weise und haben viel zu erz\u00e4hlen. Man muss ihnen nur zuh\u00f6ren. Ein humorvolles Buch, das endlich mit dem Vorurteil aufr\u00e4umt, dass alte Damen mit Strickzeug im Schaukelstuhl sitzen, dass alte Menschen von heute so schildert, wie sie sind: modern, vital und mit Pfiff.<\/span><\/td><\/tr><tr><td colspan='2'><a href='#' onclick='history.back(); return false'>Zur\u00fcck<\/a><\/td><\/tr><\/tbody><\/table>\n","protected":false},"excerpt":{"rendered":"","protected":false},"author":1,"featured_media":0,"parent":0,"menu_order":0,"comment_status":"closed","ping_status":"closed","template":"","meta":[],"_links":{"self":[{"href":"https:\/\/www.web-rr.de\/GHS-Buecherei\/index.php\/wp-json\/wp\/v2\/pages\/3307"}],"collection":[{"href":"https:\/\/www.web-rr.de\/GHS-Buecherei\/index.php\/wp-json\/wp\/v2\/pages"}],"about":[{"href":"https:\/\/www.web-rr.de\/GHS-Buecherei\/index.php\/wp-json\/wp\/v2\/types\/page"}],"author":[{"embeddable":true,"href":"https:\/\/www.web-rr.de\/GHS-Buecherei\/index.php\/wp-json\/wp\/v2\/users\/1"}],"replies":[{"embeddable":true,"href":"https:\/\/www.web-rr.de\/GHS-Buecherei\/index.php\/wp-json\/wp\/v2\/comments?post=3307"}],"version-history":[{"count":0,"href":"https:\/\/www.web-rr.de\/GHS-Buecherei\/index.php\/wp-json\/wp\/v2\/pages\/3307\/revisions"}],"wp:attachment":[{"href":"https:\/\/www.web-rr.de\/GHS-Buecherei\/index.php\/wp-json\/wp\/v2\/media?parent=3307"}],"curies":[{"name":"wp","href":"https:\/\/api.w.org\/{rel}","templated":true}]}}