{"id":3285,"date":"2021-02-23T20:00:00","date_gmt":"2021-02-23T20:00:00","guid":{"rendered":"https:\/\/www.web-rr.de\/GHS-Buecherei\/?page_id=3285"},"modified":"2021-02-22T23:59:59","modified_gmt":"2021-02-22T23:59:59","slug":"p2000001021057","status":"publish","type":"page","link":"https:\/\/www.web-rr.de\/GHS-Buecherei\/index.php\/p2000001021057\/","title":{"rendered":"Bilderbuch B-20"},"content":{"rendered":"<table><tbody><tr><td class='rDTitel' colspan='2'>Die Abenteuer der roten Zahnb\u00fcrste<\/td><\/tr><tr><td><span class='rDLabel1'>Status: <\/span><span class='rDText1Gruen'>vorhanden<\/span><\/td><td><span class='rDLabel1'>Antolin: <\/span><span class='rDText1Gruen'>ja, Empfehlung Klasse 1<\/span><\/td><\/tr><tr><td width=50%><img src='https:\/\/www.web-rr.de\/GHS-Buecherei\/wp-content\/uploads\/2000001021057.jpg' alt=''><\/td><td><p class='rDLabel2'>von <span class='rDText2'>Vre Tschudi<\/span><\/p><p class='rDLabel2'>Verlag: <span class='rDText2'>S\u00fcdostschweiz Buchverlag,  2007,  23.00 \u20ac<\/span><\/p><p class='rDLabel2'>B\u00fccherei-Barcode: <span class='rDText2'>2000001021057<\/span><\/p><p class='rDLabel2'>In der B\u00fccherei erfasst am: <span class='rDText2'>01.04.2013<\/span><\/p><p class='rDLabel2'>Stichw\u00f6rter: <span class='rDText2'>Fantasie<\/span><\/p><p class='rDLabel2'>Lesealter ca. <span class='rDText2'>6<\/span><span class='rDLabel2'> Jahre<\/span><\/p><p class='rDLabel2'>Das Buch wurde <span class='rDText2'>3<\/span><span class='rDLabel2'> mal gelesen.<\/span><\/p><\/td><\/tr><tr><td colspan='2'><p class='rDLabel1'>Inhalt:<\/p><span class='rDText2'>In einem Zahnputzglas im gr\u00fcnen Badezimmer lebt die kleine rote Zahnb\u00fcrste zufrieden mit ihrer Freundin, der Zahnpastatube, und den erwachsenen Zahnb\u00fcrsten. Bis zu jenem Tag, da die neue Zahnputzmaschine einzieht und behauptet, sie mache alle Arbeit besser. So eine Frechheit! Die grossen Zahnb\u00fcrsten jammern, weil sie nun arbeitslos sind. Doch die kleine rote Zahnb\u00fcrste f\u00fchlt, wie es vor Abenteuerlust unter ihren Haarspitzen zu kribbeln beginnt. Und so macht sie sich auf die Reise, um ihren Traumjob zu suchen.Ob in der K\u00fcche oder im Musikzimmer, beim Schuhregal im Flur, beim Gartenzwerg, dem Velo und im Blumenbeet im Garten \u2013 \u00fcberall warten aufregende Begegnungen auf die kleine Zahnb\u00fcrste. In einer Igelfamilie findet sie ein neues Zuhause. Doch da kommt unverhofft das Angebot f\u00fcr den Traumjob \u2013 mit einem Kletterprofi bricht sie auf in die Glarner Berge\u2026<\/span><\/td><\/tr><tr><td colspan='2'><a href='#' onclick='history.back(); return false'>Zur\u00fcck<\/a><\/td><\/tr><\/tbody><\/table>\n","protected":false},"excerpt":{"rendered":"","protected":false},"author":1,"featured_media":0,"parent":0,"menu_order":0,"comment_status":"closed","ping_status":"closed","template":"","meta":[],"_links":{"self":[{"href":"https:\/\/www.web-rr.de\/GHS-Buecherei\/index.php\/wp-json\/wp\/v2\/pages\/3285"}],"collection":[{"href":"https:\/\/www.web-rr.de\/GHS-Buecherei\/index.php\/wp-json\/wp\/v2\/pages"}],"about":[{"href":"https:\/\/www.web-rr.de\/GHS-Buecherei\/index.php\/wp-json\/wp\/v2\/types\/page"}],"author":[{"embeddable":true,"href":"https:\/\/www.web-rr.de\/GHS-Buecherei\/index.php\/wp-json\/wp\/v2\/users\/1"}],"replies":[{"embeddable":true,"href":"https:\/\/www.web-rr.de\/GHS-Buecherei\/index.php\/wp-json\/wp\/v2\/comments?post=3285"}],"version-history":[{"count":0,"href":"https:\/\/www.web-rr.de\/GHS-Buecherei\/index.php\/wp-json\/wp\/v2\/pages\/3285\/revisions"}],"wp:attachment":[{"href":"https:\/\/www.web-rr.de\/GHS-Buecherei\/index.php\/wp-json\/wp\/v2\/media?parent=3285"}],"curies":[{"name":"wp","href":"https:\/\/api.w.org\/{rel}","templated":true}]}}