{"id":3277,"date":"2021-02-23T20:00:00","date_gmt":"2021-02-23T20:00:00","guid":{"rendered":"https:\/\/www.web-rr.de\/GHS-Buecherei\/?page_id=3277"},"modified":"2021-02-22T23:59:59","modified_gmt":"2021-02-22T23:59:59","slug":"p9783407760302","status":"publish","type":"page","link":"https:\/\/www.web-rr.de\/GHS-Buecherei\/index.php\/p9783407760302\/","title":{"rendered":"Bilderbuch B-12"},"content":{"rendered":"<table><tbody><tr><td class='rDTitel' colspan='2'>Der Buchstabenbaum: Bilderbuch (MINIMAX)<\/td><\/tr><tr><td><span class='rDLabel1'>Status: <\/span><span class='rDText1Gruen'>vorhanden<\/span><\/td><td><span class='rDLabel1'>Antolin: <\/span><span class='rDText1Gruen'>ja, Empfehlung Klasse 2<\/span><\/td><\/tr><tr><td width=50%><img src='https:\/\/www.web-rr.de\/GHS-Buecherei\/wp-content\/uploads\/9783407760302.jpg' alt=''><\/td><td><p class='rDLabel2'>von <span class='rDText2'>Leo Lionni<\/span><\/p><p class='rDLabel2'>Verlag: <span class='rDText2'>Beltz und Gelberg,  2012,  5.95 \u20ac<\/span><\/p><p class='rDLabel2'>B\u00fccherei-Barcode: <span class='rDText2'>9783407760302<\/span><\/p><p class='rDLabel2'>In der B\u00fccherei erfasst am: <span class='rDText2'>01.04.2013<\/span><\/p><p class='rDLabel2'>Stichw\u00f6rter: <span class='rDText2'>Freunde, Raupe<\/span><\/p><p class='rDLabel2'>Lesealter ca. <span class='rDText2'>6<\/span><span class='rDLabel2'> Jahre<\/span><\/p><p class='rDLabel2'>Das Buch wurde <span class='rDText2'>4<\/span><span class='rDLabel2'> mal gelesen.<\/span><\/p><\/td><\/tr><tr><td colspan='2'><p class='rDLabel1'>Inhalt:<\/p><span class='rDText2'>Ein liebevoll gezeichnetes Bilderbuch, das die Leselust der Kleinsten weckt.\u00bbWas f\u00fcr ein Durcheinander\u00ab, sagte die Raupe, als sie die W\u00f6rter auf so vielen verschiedenen Bl\u00e4ttern sah. \u00bbWarum tut ihr euch nicht zusammen und bildet S\u00e4tze und seid endlich etwas von Bedeutung?\u00abDas Bilderbuch eignet sich hervorragend, um Kinder schrittweise an das Lesen heranzuf\u00fchren. In einer spannenden Geschichte um die Freundschaft der Buchstaben wird die Zusammenf\u00fchrung von Buchstaben zu Worten und von Worten zu S\u00e4tzen zu einem wahren Abenteuer. So wehren sich die Buchstaben auf Rat des \"Wortk\u00e4fers\" gegen einen Sturm, indem sie sich zu W\u00f6rtern zusammenf\u00fcgen und auf diese Weise stark werden. Die \"Satzraupe\" zeigt ihnen, wie sie \"etwas von Bedeutung\" darstellen k\u00f6nnen, indem sie sich zu sinnvollen S\u00e4tzen zusammenschlie\u00dfen... Kinder erlernen hier ganz nebenbei den Sinn von Lesen und Schreiben und entdecken, wie viel Spa\u00df das W\u00f6rterbauen machen kann.<\/span><\/td><\/tr><tr><td colspan='2'><a href='#' onclick='history.back(); return false'>Zur\u00fcck<\/a><\/td><\/tr><\/tbody><\/table>\n","protected":false},"excerpt":{"rendered":"","protected":false},"author":1,"featured_media":0,"parent":0,"menu_order":0,"comment_status":"closed","ping_status":"closed","template":"","meta":[],"_links":{"self":[{"href":"https:\/\/www.web-rr.de\/GHS-Buecherei\/index.php\/wp-json\/wp\/v2\/pages\/3277"}],"collection":[{"href":"https:\/\/www.web-rr.de\/GHS-Buecherei\/index.php\/wp-json\/wp\/v2\/pages"}],"about":[{"href":"https:\/\/www.web-rr.de\/GHS-Buecherei\/index.php\/wp-json\/wp\/v2\/types\/page"}],"author":[{"embeddable":true,"href":"https:\/\/www.web-rr.de\/GHS-Buecherei\/index.php\/wp-json\/wp\/v2\/users\/1"}],"replies":[{"embeddable":true,"href":"https:\/\/www.web-rr.de\/GHS-Buecherei\/index.php\/wp-json\/wp\/v2\/comments?post=3277"}],"version-history":[{"count":0,"href":"https:\/\/www.web-rr.de\/GHS-Buecherei\/index.php\/wp-json\/wp\/v2\/pages\/3277\/revisions"}],"wp:attachment":[{"href":"https:\/\/www.web-rr.de\/GHS-Buecherei\/index.php\/wp-json\/wp\/v2\/media?parent=3277"}],"curies":[{"name":"wp","href":"https:\/\/api.w.org\/{rel}","templated":true}]}}