{"id":3265,"date":"2021-02-23T20:00:00","date_gmt":"2021-02-23T20:00:00","guid":{"rendered":"https:\/\/www.web-rr.de\/GHS-Buecherei\/?page_id=3265"},"modified":"2021-02-22T23:59:59","modified_gmt":"2021-02-22T23:59:59","slug":"p9783570130384","status":"publish","type":"page","link":"https:\/\/www.web-rr.de\/GHS-Buecherei\/index.php\/p9783570130384\/","title":{"rendered":"Bilderbuch A-128"},"content":{"rendered":"<table><tbody><tr><td class='rDTitel' colspan='2'>Der kleine Drache Kokosnuss reist um die Welt - Vorlese-Bilderbuch - Mit echten Briefen zum Herausnehmen<\/td><\/tr><tr><td><span class='rDLabel1'>Status: <\/span><span class='rDText1Gruen'>vorhanden<\/span><\/td><td><span class='rDLabel1'>Antolin: <\/span><span class='rDText1Gruen'>ja, Empfehlung Klasse 3<\/span><\/td><\/tr><tr><td width=50%><img src='https:\/\/www.web-rr.de\/GHS-Buecherei\/wp-content\/uploads\/9783570130384.jpg' alt=''><\/td><td><p class='rDLabel2'>von <span class='rDText2'>Ingo Siegner<\/span><\/p><p class='rDLabel2'>Verlag: <span class='rDText2'>cbj Kinderbuch,  2007,  8.99 \u20ac<\/span><\/p><p class='rDLabel2'>B\u00fccherei-Barcode: <span class='rDText2'>9783570130384<\/span><\/p><p class='rDLabel2'>In der B\u00fccherei erfasst am: <span class='rDText2'>21.01.2020<\/span><\/p><p class='rDLabel2'>Stichw\u00f6rter: <span class='rDText2'>Weltreise, Freunde, London, Paris<\/span><\/p><p class='rDLabel2'>Lesealter ca. <span class='rDText2'>7<\/span><span class='rDLabel2'> Jahre<\/span><\/p><p class='rDLabel2'>Das Buch wurde <span class='rDText2'>2<\/span><span class='rDLabel2'> mal gelesen.<\/span><\/p><\/td><\/tr><tr><td colspan='2'><p class='rDLabel1'>Inhalt:<\/p><span class='rDText2'>Die aufregende Weltreise vom kleinen Drachen Kokosnuss - mit echten Briefen zum Herausnehmen! Der kleine Drache Kokosnuss ist entsetzt: Der fiese Murk hat seinen Freund Oskar entf\u00fchrt! Spurlos sind beide verschwunden. Spurlos? Nein, zum Gl\u00fcck nicht ganz. Oskar konnte einen Brief mit Hinweisen hinterlassen und der f\u00fchrt Kokosnuss direkt nach - London! Riesig ist die Stadt der Regenschirmtr\u00e4ger und Teetrinker, aber der Murk ist l\u00e4ngst weitergereist. Zun\u00e4chst nach Paris zum Eiffelturm, dann nach Pisa, wo man schiefe T\u00fcrme mag. Und dann f\u00fchren Oskars Briefe nach China. Ob es Kokosnuss am Ende gelingt, Oskar zu befreien? Dies wird im aufregenden Abenteuer von Kokosnuss' Weltreise erz\u00e4hlt. Mit echten Briefen zum Herausnehmen!<\/span><\/td><\/tr><tr><td colspan='2'><a href='#' onclick='history.back(); return false'>Zur\u00fcck<\/a><\/td><\/tr><\/tbody><\/table>\n","protected":false},"excerpt":{"rendered":"","protected":false},"author":1,"featured_media":0,"parent":0,"menu_order":0,"comment_status":"closed","ping_status":"closed","template":"","meta":[],"_links":{"self":[{"href":"https:\/\/www.web-rr.de\/GHS-Buecherei\/index.php\/wp-json\/wp\/v2\/pages\/3265"}],"collection":[{"href":"https:\/\/www.web-rr.de\/GHS-Buecherei\/index.php\/wp-json\/wp\/v2\/pages"}],"about":[{"href":"https:\/\/www.web-rr.de\/GHS-Buecherei\/index.php\/wp-json\/wp\/v2\/types\/page"}],"author":[{"embeddable":true,"href":"https:\/\/www.web-rr.de\/GHS-Buecherei\/index.php\/wp-json\/wp\/v2\/users\/1"}],"replies":[{"embeddable":true,"href":"https:\/\/www.web-rr.de\/GHS-Buecherei\/index.php\/wp-json\/wp\/v2\/comments?post=3265"}],"version-history":[{"count":0,"href":"https:\/\/www.web-rr.de\/GHS-Buecherei\/index.php\/wp-json\/wp\/v2\/pages\/3265\/revisions"}],"wp:attachment":[{"href":"https:\/\/www.web-rr.de\/GHS-Buecherei\/index.php\/wp-json\/wp\/v2\/media?parent=3265"}],"curies":[{"name":"wp","href":"https:\/\/api.w.org\/{rel}","templated":true}]}}