{"id":3264,"date":"2021-02-23T20:00:00","date_gmt":"2021-02-23T20:00:00","guid":{"rendered":"https:\/\/www.web-rr.de\/GHS-Buecherei\/?page_id=3264"},"modified":"2021-02-22T23:59:59","modified_gmt":"2021-02-22T23:59:59","slug":"p9783702236670","status":"publish","type":"page","link":"https:\/\/www.web-rr.de\/GHS-Buecherei\/index.php\/p9783702236670\/","title":{"rendered":"Bilderbuch A-127"},"content":{"rendered":"<table><tbody><tr><td class='rDTitel' colspan='2'>Wir wollen doch nur spielen<\/td><\/tr><tr><td><span class='rDLabel1'>Status: <\/span><span class='rDText1Gruen'>vorhanden<\/span><\/td><td><span class='rDLabel1'>Antolin: <\/span><span class='rDText1Rot'>Quiz nicht vorhanden.<\/span><\/td><\/tr><tr><td width=50%><img src='https:\/\/www.web-rr.de\/GHS-Buecherei\/wp-content\/uploads\/9783702236670.jpg' alt=''><\/td><td><p class='rDLabel2'>von <span class='rDText2'>Berenike Oppermann<\/span><\/p><p class='rDLabel2'>Verlag: <span class='rDText2'>Tyrolia Verlagsanstalt Gm,  2018,  16.95 \u20ac<\/span><\/p><p class='rDLabel2'>B\u00fccherei-Barcode: <span class='rDText2'>9783702236670<\/span><\/p><p class='rDLabel2'>In der B\u00fccherei erfasst am: <span class='rDText2'>17.01.2020<\/span><\/p><p class='rDLabel2'>Stichw\u00f6rter: <span class='rDText2'>Opa, Mama, Papa, Erwachsenenwelt, Kinderwelt<\/span><\/p><p class='rDLabel2'>Lesealter ca. <span class='rDText2'>-<\/span><span class='rDLabel2'> Jahre<\/span><\/p><p class='rDLabel2'>Das Buch wurde <span class='rDText2'>0<\/span><span class='rDLabel2'> mal gelesen.<\/span><\/p><\/td><\/tr><tr><td colspan='2'><p class='rDLabel1'>Inhalt:<\/p><span class='rDText2'>Was wohl passiert, wenn ich das Gr\u00fcne mit dem Gelben mische? Wenn das Essen am Teller zur Experimentierfl\u00e4che wird, die Badewanne zu einem Schiff im wilden Wellenmeer und der Hinterhof zum Turnierplatz f\u00fcr furchtlose Ritter - dann werden sie oftmals ganz deutlich bewusst: die Grenzen zwischen der eher rationalen Erwachsenenwelt und der eher fantasievollen Kinderwelt. Zwei Welten, die sich immer wieder reiben, aneinandersto\u00dfen, im Alltag oft nicht kompatibel sind. Aber auch zwei Welten, die beide ihre Berechtigung haben, existieren d\u00fcrfen und sollen. Wovon keine die andere ausboten und ausl\u00f6schen darf und soll. Genau diesen Zwiespalt zwischen unterschiedlichen Perspektiven und Wahrnehmungen f\u00e4ngt Jungautorin Berenike Oppermann in ihrem Erstlingswerk ein. Anhand von zw\u00f6lf Szenen beschreibt sie, worin sich dieser ausdr\u00fccken kann - ohne dabei eine Position zu beziehen. W\u00e4hrend die Erwachsenen-Sicht im Text verbleibt, erschafft Illustratorin Elisabeth Kih\u00dfl in ihren Bildern aus Aquarell, Tusche und Collage wunderbare Fantasiewelten. Da schwirren dann Flederm\u00e4use durch n\u00e4chtliche Kinderzimmer und gleiten Wale durch st\u00e4dtische Brunnen ... Die Kleinen wollen wild sein und die Welt entdecken. Die Gro\u00dfen haben sie schon entdeckt, als sie klein waren. So ist das. Tipps das neue LESEL-Bilderbuch zahlreiche Sprechanl\u00e4sse f\u00fcr das Familienleben Thema: magisches Denken\n\r\n\r<\/span><\/td><\/tr><tr><td colspan='2'><a href='#' onclick='history.back(); return false'>Zur\u00fcck<\/a><\/td><\/tr><\/tbody><\/table>\n","protected":false},"excerpt":{"rendered":"","protected":false},"author":1,"featured_media":0,"parent":0,"menu_order":0,"comment_status":"closed","ping_status":"closed","template":"","meta":[],"_links":{"self":[{"href":"https:\/\/www.web-rr.de\/GHS-Buecherei\/index.php\/wp-json\/wp\/v2\/pages\/3264"}],"collection":[{"href":"https:\/\/www.web-rr.de\/GHS-Buecherei\/index.php\/wp-json\/wp\/v2\/pages"}],"about":[{"href":"https:\/\/www.web-rr.de\/GHS-Buecherei\/index.php\/wp-json\/wp\/v2\/types\/page"}],"author":[{"embeddable":true,"href":"https:\/\/www.web-rr.de\/GHS-Buecherei\/index.php\/wp-json\/wp\/v2\/users\/1"}],"replies":[{"embeddable":true,"href":"https:\/\/www.web-rr.de\/GHS-Buecherei\/index.php\/wp-json\/wp\/v2\/comments?post=3264"}],"version-history":[{"count":0,"href":"https:\/\/www.web-rr.de\/GHS-Buecherei\/index.php\/wp-json\/wp\/v2\/pages\/3264\/revisions"}],"wp:attachment":[{"href":"https:\/\/www.web-rr.de\/GHS-Buecherei\/index.php\/wp-json\/wp\/v2\/media?parent=3264"}],"curies":[{"name":"wp","href":"https:\/\/api.w.org\/{rel}","templated":true}]}}