{"id":3259,"date":"2021-02-23T20:00:00","date_gmt":"2021-02-23T20:00:00","guid":{"rendered":"https:\/\/www.web-rr.de\/GHS-Buecherei\/?page_id=3259"},"modified":"2021-02-22T23:59:59","modified_gmt":"2021-02-22T23:59:59","slug":"p9783761631904","status":"publish","type":"page","link":"https:\/\/www.web-rr.de\/GHS-Buecherei\/index.php\/p9783761631904\/","title":{"rendered":"Bilderbuch A-122"},"content":{"rendered":"<table><tbody><tr><td class='rDTitel' colspan='2'>Der b\u00f6se liebe Wolf<\/td><\/tr><tr><td><span class='rDLabel1'>Status: <\/span><span class='rDText1Gruen'>vorhanden<\/span><\/td><td><span class='rDLabel1'>Antolin: <\/span><span class='rDText1Rot'>Quiz nicht vorhanden.<\/span><\/td><\/tr><tr><td width=50%><img src='https:\/\/www.web-rr.de\/GHS-Buecherei\/wp-content\/uploads\/9783761631904.jpg' alt=''><\/td><td><p class='rDLabel2'>von <span class='rDText2'>Christine Naumann-Villemin<\/span><\/p><p class='rDLabel2'>Verlag: <span class='rDText2'>Bachem J.P. Verlag,  2017,  13.40 \u20ac<\/span><\/p><p class='rDLabel2'>B\u00fccherei-Barcode: <span class='rDText2'>9783761631904<\/span><\/p><p class='rDLabel2'>In der B\u00fccherei erfasst am: <span class='rDText2'>17.01.2020<\/span><\/p><p class='rDLabel2'>Stichw\u00f6rter: <span class='rDText2'>B\u00f6sewicht, Gutm\u00fctig, Vertrauen<\/span><\/p><p class='rDLabel2'>Lesealter ca. <span class='rDText2'>-<\/span><span class='rDLabel2'> Jahre<\/span><\/p><p class='rDLabel2'>Das Buch wurde <span class='rDText2'>0<\/span><span class='rDLabel2'> mal gelesen.<\/span><\/p><\/td><\/tr><tr><td colspan='2'><p class='rDLabel1'>Inhalt:<\/p><span class='rDText2'>Immer als B\u00f6sewicht zu gelten kann ganz sch\u00f6n anstrengend sein, findet der Wolf. Vor allem, wenn man doch eigentlich nur geliebt werden m\u00f6chte. In diesem einfallsreichen und kreativen Kinderbuch versucht eine junge Schriftstellerin, aus dem B\u00f6sewicht ihrer Geschichten ein handzahmes W\u00f6lfchen zu machen. Aber k\u00f6nnen Yoga, Tee und eine Manik\u00fcre das Raubtier wirklich bes\u00e4nftigen? Eine witzige und unterhaltsame Geschichte mit lebhaften Illustrationen und \u00fcberraschenden Ende. Und die Moral von der Geschichte? Dem b\u00f6sen Wolf traut man besser nicht!\n\r\n\r\u00bbKlappentext\u00ab\n\r  Immer als B&ouml;sewicht zu gelten kann ganz sch&ouml;n anstrengend sein, findet der Wolf. Vor allem, wenn man doch eigentlich nur geliebt werden m&ouml;chte. In diesem einfallsreichen und kreativen Kinderbuch versucht eine junge Schriftstellerin, aus dem B&ouml;sewicht ihrer Geschichten ein handzahmes W&ouml;lfchen zu machen. Aber k&ouml;nnen Yoga, Tee und eine Manik&uuml;re das Raubtier wirklich bes&auml;nftigen? Eine witzige und unterhaltsame Geschichte mit lebhaften Illustrationen und &uuml;berraschenden Ende. Und die Moral von der Geschichte? Dem b&ouml;sen Wolf traut man besser nicht!<\/span><\/td><\/tr><tr><td colspan='2'><a href='#' onclick='history.back(); return false'>Zur\u00fcck<\/a><\/td><\/tr><\/tbody><\/table>\n","protected":false},"excerpt":{"rendered":"","protected":false},"author":1,"featured_media":0,"parent":0,"menu_order":0,"comment_status":"closed","ping_status":"closed","template":"","meta":[],"_links":{"self":[{"href":"https:\/\/www.web-rr.de\/GHS-Buecherei\/index.php\/wp-json\/wp\/v2\/pages\/3259"}],"collection":[{"href":"https:\/\/www.web-rr.de\/GHS-Buecherei\/index.php\/wp-json\/wp\/v2\/pages"}],"about":[{"href":"https:\/\/www.web-rr.de\/GHS-Buecherei\/index.php\/wp-json\/wp\/v2\/types\/page"}],"author":[{"embeddable":true,"href":"https:\/\/www.web-rr.de\/GHS-Buecherei\/index.php\/wp-json\/wp\/v2\/users\/1"}],"replies":[{"embeddable":true,"href":"https:\/\/www.web-rr.de\/GHS-Buecherei\/index.php\/wp-json\/wp\/v2\/comments?post=3259"}],"version-history":[{"count":0,"href":"https:\/\/www.web-rr.de\/GHS-Buecherei\/index.php\/wp-json\/wp\/v2\/pages\/3259\/revisions"}],"wp:attachment":[{"href":"https:\/\/www.web-rr.de\/GHS-Buecherei\/index.php\/wp-json\/wp\/v2\/media?parent=3259"}],"curies":[{"name":"wp","href":"https:\/\/api.w.org\/{rel}","templated":true}]}}